{"id":1169,"date":"2021-09-22T14:56:34","date_gmt":"2021-09-22T14:56:34","guid":{"rendered":"http:\/\/bs.xl.pt\/premio-saude-sustentavel\/?page_id=1169"},"modified":"2021-09-27T21:17:53","modified_gmt":"2021-09-27T21:17:53","slug":"finalistas-2021","status":"publish","type":"page","link":"https:\/\/bs.xl.pt\/premio-saude-sustentavel\/finalistas-2021\/","title":{"rendered":"Finalistas 2021"},"content":{"rendered":"\n<div class=\"wp-block-group\"><div class=\"wp-block-group__inner-container is-layout-flow wp-block-group-is-layout-flow\">\n<h2 class=\"wp-block-heading\">Cuidados de Sa\u00fade Centrados no Cidad\u00e3o<\/h2>\n\n\n\n<div class=\"wp-block-columns is-layout-flex wp-container-core-columns-is-layout-9d6595d7 wp-block-columns-is-layout-flex\">\n<div class=\"wp-block-column is-layout-flow wp-block-column-is-layout-flow\">\n<h4 class=\"wp-block-heading\">Aldeias Humanitar &#8211;&nbsp;Associa\u00e7\u00e3o de Solidariedade Social<\/h4>\n\n\n\n<p>Aldeias Humanitar-&nbsp; Humanizar e Estar<\/p>\n<\/div>\n\n\n\n<div class=\"wp-block-column is-layout-flow wp-block-column-is-layout-flow\">\n<h4 class=\"wp-block-heading\">Hospital de Braga<\/h4>\n\n\n\n<p>Melhoria do Circuito do Utente no Hospital de dia Oncol\u00f3gico<\/p>\n<\/div>\n\n\n\n<div class=\"wp-block-column is-layout-flow wp-block-column-is-layout-flow\">\n<h4 class=\"wp-block-heading\">Hospital Dr. Francisco Zagalo &#8211; Ovar<\/h4>\n\n\n\n<p>Health Medical Response and Information Exchange (HMR-IE) &#8211; Ai Covid<\/p>\n<\/div>\n<\/div>\n<\/div><\/div>\n\n\n\n<div class=\"wp-block-group\"><div class=\"wp-block-group__inner-container is-layout-flow wp-block-group-is-layout-flow\">\n<h2 class=\"wp-block-heading\">Inova\u00e7\u00e3o e Transforma\u00e7\u00e3o Digital<\/h2>\n\n\n\n<div class=\"wp-block-columns is-layout-flex wp-container-core-columns-is-layout-9d6595d7 wp-block-columns-is-layout-flex\">\n<div class=\"wp-block-column is-layout-flow wp-block-column-is-layout-flow\">\n<h4 class=\"wp-block-heading\">Hospital Garcia de Orta, EPE<\/h4>\n\n\n\n<p>A utiliza\u00e7\u00e3o de IoT na monitoriza\u00e7\u00e3o de doentes em hospitaliza\u00e7\u00e3o domicili\u00e1ria<\/p>\n<\/div>\n\n\n\n<div class=\"wp-block-column is-layout-flow wp-block-column-is-layout-flow\">\n<h4 class=\"wp-block-heading\">Servi\u00e7os Partilhados do Minist\u00e9rio da Sa\u00fade, E.P.E.<\/h4>\n\n\n\n<p>Portal de Agendamento Online para vacina\u00e7\u00e3o contra a COVID-19<\/p>\n<\/div>\n\n\n\n<div class=\"wp-block-column is-layout-flow wp-block-column-is-layout-flow\">\n<h4 class=\"wp-block-heading\">USF Lethes, Unidade Local de Sa\u00fade do Alto Minho<\/h4>\n\n\n\n<p>Gest\u00e3o de doen\u00e7a cr\u00f3nica em pandemia: teleconsulta em pessoas com dor cr\u00f3nica<\/p>\n<\/div>\n<\/div>\n<\/div><\/div>\n\n\n\n<div class=\"wp-block-group\"><div class=\"wp-block-group__inner-container is-layout-flow wp-block-group-is-layout-flow\">\n<h2 class=\"wp-block-heading\">Integra\u00e7\u00e3o de Cuidados<\/h2>\n\n\n\n<div class=\"wp-block-columns is-layout-flex wp-container-core-columns-is-layout-9d6595d7 wp-block-columns-is-layout-flex\">\n<div class=\"wp-block-column is-layout-flow wp-block-column-is-layout-flow\">\n<h4 class=\"wp-block-heading\">Associa\u00e7\u00e3o Protetora dos Diab\u00e9ticos de Portugal<\/h4>\n\n\n\n<p>APDP\u2013 95 anos de experi\u00eancia nos cuidados \u00e0 diabetes<\/p>\n<\/div>\n\n\n\n<div class=\"wp-block-column is-layout-flow wp-block-column-is-layout-flow\">\n<h4 class=\"wp-block-heading\">Hospital Garcia de Orta, EPE<\/h4>\n\n\n\n<p>Huddle Meetings \u2013 a multidisciplinariedade na diminui\u00e7\u00e3o do tempo de internamento do Servi\u00e7o de Medicina Interna<\/p>\n<\/div>\n\n\n\n<div class=\"wp-block-column is-layout-flow wp-block-column-is-layout-flow\">\n<h4 class=\"wp-block-heading\">Unidade de Sa\u00fade da Ilha de S\u00e3o Miguel<\/h4>\n\n\n\n<p>Reabilita\u00e7\u00e3o Respirat\u00f3ria Pedi\u00e1trica em Contexto de Pandemia \u2013 Telecinesiterapia Respirat\u00f3ria &amp; Visita\u00e7\u00e3o Domicili\u00e1ria<\/p>\n<\/div>\n<\/div>\n<\/div><\/div>\n\n\n\n<div class=\"wp-block-group\"><div class=\"wp-block-group__inner-container is-layout-flow wp-block-group-is-layout-flow\">\n<h2 class=\"wp-block-heading\">Promo\u00e7\u00e3o da Sa\u00fade e Preven\u00e7\u00e3o da doen\u00e7a<\/h2>\n\n\n\n<div class=\"wp-block-columns is-layout-flex wp-container-core-columns-is-layout-9d6595d7 wp-block-columns-is-layout-flex\">\n<div class=\"wp-block-column is-layout-flow wp-block-column-is-layout-flow\">\n<h4 class=\"wp-block-heading\">CUF + SpotGames<\/h4>\n\n\n\n<p>Spot Sa\u00fade Powered by CUF<\/p>\n<\/div>\n\n\n\n<div class=\"wp-block-column is-layout-flow wp-block-column-is-layout-flow\">\n<h4 class=\"wp-block-heading\">Go Far by M\u00e9dis &amp; Farm\u00e1cias Portuguesas<\/h4>\n\n\n\n<p>Campanha de Sensibiliza\u00e7\u00e3o para o Cancro colorretal (CCR)<\/p>\n<\/div>\n\n\n\n<div class=\"wp-block-column is-layout-flow wp-block-column-is-layout-flow\">\n<h4 class=\"wp-block-heading\">Ipatimup, Instituto de Patologia e Imunologia Molecular da Universidade do Porto<\/h4>\n\n\n\n<p>2\u2019Minutos para mudar de vida<\/p>\n<\/div>\n<\/div>\n<\/div><\/div>\n\n\n\n<div class=\"wp-block-group\"><div class=\"wp-block-group__inner-container is-layout-flow wp-block-group-is-layout-flow\">\n<h2 class=\"wp-block-heading\">Sustentabilidade Econ\u00f3mica e Financeira<\/h2>\n\n\n\n<div class=\"wp-block-columns is-layout-flex wp-container-core-columns-is-layout-9d6595d7 wp-block-columns-is-layout-flex\">\n<div class=\"wp-block-column is-layout-flow wp-block-column-is-layout-flow\">\n<h4 class=\"wp-block-heading\">Centro Hospitalar Universit\u00e1rio S\u00e3o Jo\u00e3o, E. P. E.<\/h4>\n\n\n\n<p>Sistema de Rastreabilidade T\u00eaxtil<\/p>\n<\/div>\n\n\n\n<div class=\"wp-block-column is-layout-flow wp-block-column-is-layout-flow\">\n<h4 class=\"wp-block-heading\">Unidade Local de Sa\u00fade de Matosinhos<\/h4>\n\n\n\n<p>Economia Circular no Bloco Operat\u00f3rio &#8211; Projeto Piloto de Captura de Gases Anest\u00e9sicos<\/p>\n<\/div>\n\n\n\n<div class=\"wp-block-column is-layout-flow wp-block-column-is-layout-flow\">\n<h4 class=\"wp-block-heading\">Wellgiven, Lda<\/h4>\n\n\n\n<p>Batas Reutiliz\u00e1veis Inovadoras<\/p>\n<\/div>\n<\/div>\n<\/div><\/div>\n\n\n\n<p><\/p>\n","protected":false},"excerpt":{"rendered":"<p>Cuidados de Sa\u00fade Centrados no Cidad\u00e3o Aldeias Humanitar &#8211;&nbsp;Associa\u00e7\u00e3o de Solidariedade Social Aldeias Humanitar-&nbsp; Humanizar e Estar Hospital de Braga Melhoria do Circuito do Utente no Hospital de dia Oncol\u00f3gico Hospital Dr. Francisco Zagalo &#8211; Ovar Health Medical Response and Information Exchange (HMR-IE) &#8211; Ai Covid Inova\u00e7\u00e3o e Transforma\u00e7\u00e3o Digital Hospital Garcia de Orta, EPE [&hellip;]<\/p>\n","protected":false},"author":5,"featured_media":0,"parent":0,"menu_order":0,"comment_status":"closed","ping_status":"closed","template":"page_for-finalistas.php","meta":{"footnotes":""},"class_list":["post-1169","page","type-page","status-publish","hentry"],"_links":{"self":[{"href":"https:\/\/bs.xl.pt\/premio-saude-sustentavel\/wp-json\/wp\/v2\/pages\/1169","targetHints":{"allow":["GET"]}}],"collection":[{"href":"https:\/\/bs.xl.pt\/premio-saude-sustentavel\/wp-json\/wp\/v2\/pages"}],"about":[{"href":"https:\/\/bs.xl.pt\/premio-saude-sustentavel\/wp-json\/wp\/v2\/types\/page"}],"author":[{"embeddable":true,"href":"https:\/\/bs.xl.pt\/premio-saude-sustentavel\/wp-json\/wp\/v2\/users\/5"}],"replies":[{"embeddable":true,"href":"https:\/\/bs.xl.pt\/premio-saude-sustentavel\/wp-json\/wp\/v2\/comments?post=1169"}],"version-history":[{"count":10,"href":"https:\/\/bs.xl.pt\/premio-saude-sustentavel\/wp-json\/wp\/v2\/pages\/1169\/revisions"}],"predecessor-version":[{"id":1220,"href":"https:\/\/bs.xl.pt\/premio-saude-sustentavel\/wp-json\/wp\/v2\/pages\/1169\/revisions\/1220"}],"wp:attachment":[{"href":"https:\/\/bs.xl.pt\/premio-saude-sustentavel\/wp-json\/wp\/v2\/media?parent=1169"}],"curies":[{"name":"wp","href":"https:\/\/api.w.org\/{rel}","templated":true}]}}