{"id":2647,"date":"2023-10-26T18:52:47","date_gmt":"2023-10-26T17:52:47","guid":{"rendered":"https:\/\/bs.xl.pt\/premio-saude-sustentavel\/?page_id=2647"},"modified":"2023-10-27T11:57:00","modified_gmt":"2023-10-27T10:57:00","slug":"12a-edicao-2023","status":"publish","type":"page","link":"https:\/\/bs.xl.pt\/premio-saude-sustentavel\/vencedores\/12a-edicao-2023\/","title":{"rendered":"12\u00aa Edi\u00e7\u00e3o &#8211; 2023"},"content":{"rendered":"\n<div class=\"wp-block-group\"><div class=\"wp-block-group__inner-container is-layout-constrained wp-block-group-is-layout-constrained\">\n<div class=\"wp-block-columns is-layout-flex wp-container-core-columns-is-layout-9d6595d7 wp-block-columns-is-layout-flex\">\n<div class=\"wp-block-column is-layout-flow wp-block-column-is-layout-flow\" style=\"flex-basis:100%\">\n<h2 class=\"wp-block-heading\">Personalidade do Ano<\/h2>\n\n\n\n<h4 class=\"wp-block-heading\">Vencedor<\/h4>\n\n\n\n<p>Maria do Carmo Fonseca<\/p>\n\n\n<div class=\"uk-inline\"><img decoding=\"async\" src=\"https:\/\/cdn.xl.pt\/bs\/uploads\/sites\/17\/2023\/10\/PEC_8561-1200x630.jpg\" alt=\"12\u00aa Edi\u00e7\u00e3o &#8211; 2023 | Pr\u00e9mio Sa\u00fade Sustent\u00e1vel\" loading=\"lazy\" \/><\/div><p class=\"uk-hidden@s uk-text-small uk-text-muted uk-margin-small-top uk-margin-medium-bottom uk-text-left\"><\/p>\n<\/div>\n<\/div>\n<\/div><\/div>\n\n\n\n<div style=\"height:50px\" aria-hidden=\"true\" class=\"wp-block-spacer\"><\/div>\n\n\n\n<div class=\"wp-block-group\"><div class=\"wp-block-group__inner-container is-layout-constrained wp-block-group-is-layout-constrained\">\n<h2 class=\"wp-block-heading\">Cuidados de Sa\u00fade Centrados no Cidad\u00e3o<\/h2>\n\n\n\n<div class=\"wp-block-columns is-layout-flex wp-container-core-columns-is-layout-9d6595d7 wp-block-columns-is-layout-flex\">\n<div class=\"wp-block-column is-layout-flow wp-block-column-is-layout-flow\" style=\"flex-basis:100%\">\n<h4 class=\"wp-block-heading\">Vencedor<\/h4>\n\n\n\n<p>Hospital Sant&#8217;Ana<\/p>\n\n\n<div class=\"uk-margin-medium\"><iframe src=\"https:\/\/players.brightcove.net\/6108484330001\/kAtzSWivK_default\/index.html?videoId=6339864069112\" allowfullscreen=\"\" allow=\"encrypted-media\" width=\"1280\" height=\"720\" data-uk-responsive loading=\"lazy\" title=\"\"><\/iframe><\/div>\n<\/div>\n\n\n\n<div class=\"wp-block-column is-layout-flow wp-block-column-is-layout-flow\" style=\"flex-basis:100%\">\n<h4 class=\"wp-block-heading\">Men\u00e7\u00e3o Honrosa<\/h4>\n\n\n\n<p>Hospital de Cascais<\/p>\n\n\n<div class=\"uk-margin-medium\"><iframe src=\"https:\/\/players.brightcove.net\/6108484330001\/kAtzSWivK_default\/index.html?videoId=6339863688112\" allowfullscreen=\"\" allow=\"encrypted-media\" width=\"1280\" height=\"720\" data-uk-responsive loading=\"lazy\" title=\"\"><\/iframe><\/div>\n<\/div>\n<\/div>\n<\/div><\/div>\n\n\n\n<div class=\"wp-block-group\"><div class=\"wp-block-group__inner-container is-layout-constrained wp-block-group-is-layout-constrained\">\n<h2 class=\"wp-block-heading\">Integra\u00e7\u00e3o e Continuidade de Cuidados<\/h2>\n\n\n\n<div class=\"wp-block-columns is-layout-flex wp-container-core-columns-is-layout-9d6595d7 wp-block-columns-is-layout-flex\">\n<div class=\"wp-block-column is-layout-flow wp-block-column-is-layout-flow\" style=\"flex-basis:100%\">\n<h4 class=\"wp-block-heading\">Vencedor<\/h4>\n\n\n\n<p>Unidade Local de Sa\u00fade de Matosinhos<\/p>\n\n\n<div class=\"uk-margin-medium\"><iframe src=\"https:\/\/players.brightcove.net\/6108484330001\/kAtzSWivK_default\/index.html?videoId=6339865754112\" allowfullscreen=\"\" allow=\"encrypted-media\" width=\"1280\" height=\"720\" data-uk-responsive loading=\"lazy\" title=\"\"><\/iframe><\/div>\n<\/div>\n\n\n\n<div class=\"wp-block-column is-layout-flow wp-block-column-is-layout-flow\" style=\"flex-basis:100%\">\n<h4 class=\"wp-block-heading\">Men\u00e7\u00e3o Honrosa<\/h4>\n\n\n\n<p>Servi\u00e7o de Urologia do Hospital de Santo Esp\u00edrito da Ilha Terceira<\/p>\n\n\n<div class=\"uk-margin-medium\"><iframe src=\"https:\/\/players.brightcove.net\/6108484330001\/kAtzSWivK_default\/index.html?videoId=6339916122112\" allowfullscreen=\"\" allow=\"encrypted-media\" width=\"1280\" height=\"720\" data-uk-responsive loading=\"lazy\" title=\"\"><\/iframe><\/div>\n<\/div>\n<\/div>\n<\/div><\/div>\n\n\n\n<div class=\"wp-block-group\"><div class=\"wp-block-group__inner-container is-layout-constrained wp-block-group-is-layout-constrained\">\n<h2 class=\"wp-block-heading\">Promo\u00e7\u00e3o da Sa\u00fade e Preven\u00e7\u00e3o da Doen\u00e7a<\/h2>\n\n\n\n<div class=\"wp-block-columns is-layout-flex wp-container-core-columns-is-layout-9d6595d7 wp-block-columns-is-layout-flex\">\n<div class=\"wp-block-column is-layout-flow wp-block-column-is-layout-flow\" style=\"flex-basis:100%\">\n<h4 class=\"wp-block-heading\">Vencedor<\/h4>\n\n\n\n<p>Funda\u00e7\u00e3o do Gil<\/p>\n\n\n<div class=\"uk-margin-medium\"><iframe src=\"https:\/\/players.brightcove.net\/6108484330001\/kAtzSWivK_default\/index.html?videoId=6339863786112\" allowfullscreen=\"\" allow=\"encrypted-media\" width=\"1280\" height=\"720\" data-uk-responsive loading=\"lazy\" title=\"\"><\/iframe><\/div>\n<\/div>\n\n\n\n<div class=\"wp-block-column is-layout-flow wp-block-column-is-layout-flow\" style=\"flex-basis:100%\">\n<h4 class=\"wp-block-heading\">Men\u00e7\u00e3o Honrosa<\/h4>\n\n\n\n<p>Plataforma Sa\u00fade em Di\u00e1logo<\/p>\n\n\n<div class=\"uk-margin-medium\"><iframe src=\"https:\/\/players.brightcove.net\/6108484330001\/kAtzSWivK_default\/index.html?videoId=6339864972112\" allowfullscreen=\"\" allow=\"encrypted-media\" width=\"1280\" height=\"720\" data-uk-responsive loading=\"lazy\" title=\"\"><\/iframe><\/div>\n<\/div>\n<\/div>\n<\/div><\/div>\n\n\n\n<div class=\"wp-block-group\"><div class=\"wp-block-group__inner-container is-layout-constrained wp-block-group-is-layout-constrained\">\n<h2 class=\"wp-block-heading\">Transforma\u00e7\u00e3o Digital<\/h2>\n\n\n\n<div class=\"wp-block-columns is-layout-flex wp-container-core-columns-is-layout-9d6595d7 wp-block-columns-is-layout-flex\">\n<div class=\"wp-block-column is-layout-flow wp-block-column-is-layout-flow\" style=\"flex-basis:100%\">\n<h4 class=\"wp-block-heading\">Vencedor<\/h4>\n\n\n\n<p>Hospital Distrital da Figueira da Foz, EPE<\/p>\n\n\n<div class=\"uk-margin-medium\"><iframe src=\"https:\/\/players.brightcove.net\/6108484330001\/kAtzSWivK_default\/index.html?videoId=6339864575112\" allowfullscreen=\"\" allow=\"encrypted-media\" width=\"1280\" height=\"720\" data-uk-responsive loading=\"lazy\" title=\"\"><\/iframe><\/div>\n<\/div>\n\n\n\n<div class=\"wp-block-column is-layout-flow wp-block-column-is-layout-flow\" style=\"flex-basis:100%\">\n<h4 class=\"wp-block-heading\">Men\u00e7\u00e3o Honrosa<\/h4>\n\n\n\n<p>Centro Hospitalar Universit\u00e1rio de Santo Ant\u00f3nio<\/p>\n\n\n<div class=\"uk-margin-medium\"><iframe src=\"https:\/\/players.brightcove.net\/6108484330001\/kAtzSWivK_default\/index.html?videoId=6339865954112\" allowfullscreen=\"\" allow=\"encrypted-media\" width=\"1280\" height=\"720\" data-uk-responsive loading=\"lazy\" title=\"\"><\/iframe><\/div>\n<\/div>\n<\/div>\n<\/div><\/div>\n\n\n\n<div class=\"wp-block-group\"><div class=\"wp-block-group__inner-container is-layout-constrained wp-block-group-is-layout-constrained\">\n<h2 class=\"wp-block-heading\">Inova\u00e7\u00e3o em Sa\u00fade<\/h2>\n\n\n\n<div class=\"wp-block-columns is-layout-flex wp-container-core-columns-is-layout-9d6595d7 wp-block-columns-is-layout-flex\">\n<div class=\"wp-block-column is-layout-flow wp-block-column-is-layout-flow\" style=\"flex-basis:100%\">\n<h4 class=\"wp-block-heading\">Vencedor<\/h4>\n\n\n\n<p>Centro Hospitalar e Universit\u00e1rio de Coimbra<\/p>\n\n\n<div class=\"uk-margin-medium\"><iframe src=\"https:\/\/players.brightcove.net\/6108484330001\/kAtzSWivK_default\/index.html?videoId=6339864271112\" allowfullscreen=\"\" allow=\"encrypted-media\" width=\"1280\" height=\"720\" data-uk-responsive loading=\"lazy\" title=\"\"><\/iframe><\/div>\n<\/div>\n\n\n\n<div class=\"wp-block-column is-layout-flow wp-block-column-is-layout-flow\" style=\"flex-basis:100%\">\n<h4 class=\"wp-block-heading\">Men\u00e7\u00e3o Honrosa<\/h4>\n\n\n\n<p>Centro Hospitalar do T\u00e2mega e Sousa EPE<\/p>\n\n\n<div class=\"uk-margin-medium\"><iframe src=\"https:\/\/players.brightcove.net\/6108484330001\/kAtzSWivK_default\/index.html?videoId=6339864665112\" allowfullscreen=\"\" allow=\"encrypted-media\" width=\"1280\" height=\"720\" data-uk-responsive loading=\"lazy\" title=\"\"><\/iframe><\/div>\n<\/div>\n<\/div>\n<\/div><\/div>\n","protected":false},"excerpt":{"rendered":"<p>Personalidade do Ano Vencedor Maria do Carmo Fonseca Cuidados de Sa\u00fade Centrados no Cidad\u00e3o Vencedor Hospital Sant&#8217;Ana Men\u00e7\u00e3o Honrosa Hospital de Cascais Integra\u00e7\u00e3o e Continuidade de Cuidados Vencedor Unidade Local de Sa\u00fade de Matosinhos Men\u00e7\u00e3o Honrosa Servi\u00e7o de Urologia do Hospital de Santo Esp\u00edrito da Ilha Terceira Promo\u00e7\u00e3o da Sa\u00fade e Preven\u00e7\u00e3o da Doen\u00e7a Vencedor [&hellip;]<\/p>\n","protected":false},"author":29,"featured_media":0,"parent":335,"menu_order":0,"comment_status":"closed","ping_status":"closed","template":"","meta":{"footnotes":""},"class_list":["post-2647","page","type-page","status-publish","hentry"],"_links":{"self":[{"href":"https:\/\/bs.xl.pt\/premio-saude-sustentavel\/wp-json\/wp\/v2\/pages\/2647","targetHints":{"allow":["GET"]}}],"collection":[{"href":"https:\/\/bs.xl.pt\/premio-saude-sustentavel\/wp-json\/wp\/v2\/pages"}],"about":[{"href":"https:\/\/bs.xl.pt\/premio-saude-sustentavel\/wp-json\/wp\/v2\/types\/page"}],"author":[{"embeddable":true,"href":"https:\/\/bs.xl.pt\/premio-saude-sustentavel\/wp-json\/wp\/v2\/users\/29"}],"replies":[{"embeddable":true,"href":"https:\/\/bs.xl.pt\/premio-saude-sustentavel\/wp-json\/wp\/v2\/comments?post=2647"}],"version-history":[{"count":8,"href":"https:\/\/bs.xl.pt\/premio-saude-sustentavel\/wp-json\/wp\/v2\/pages\/2647\/revisions"}],"predecessor-version":[{"id":2788,"href":"https:\/\/bs.xl.pt\/premio-saude-sustentavel\/wp-json\/wp\/v2\/pages\/2647\/revisions\/2788"}],"up":[{"embeddable":true,"href":"https:\/\/bs.xl.pt\/premio-saude-sustentavel\/wp-json\/wp\/v2\/pages\/335"}],"wp:attachment":[{"href":"https:\/\/bs.xl.pt\/premio-saude-sustentavel\/wp-json\/wp\/v2\/media?parent=2647"}],"curies":[{"name":"wp","href":"https:\/\/api.w.org\/{rel}","templated":true}]}}