{"id":377,"date":"2021-05-19T12:36:30","date_gmt":"2021-05-19T12:36:30","guid":{"rendered":"http:\/\/bs.xl.pt\/premio-saude-sustentavel\/?page_id=377"},"modified":"2021-05-20T21:28:12","modified_gmt":"2021-05-20T21:28:12","slug":"8a-edicao-2019","status":"publish","type":"page","link":"https:\/\/bs.xl.pt\/premio-saude-sustentavel\/vencedores\/8a-edicao-2019\/","title":{"rendered":"8\u00aa Edi\u00e7\u00e3o &#8211; 2019"},"content":{"rendered":"\n<div class=\"wp-block-group\"><div class=\"wp-block-group__inner-container is-layout-flow wp-block-group-is-layout-flow\">\n<h2 class=\"wp-block-heading\">Personalidade do Ano<\/h2>\n\n\n\n<h4 class=\"uk-margin-small-bottom uk-margin-remove-adjacent wp-block-heading\">Vencedor<\/h4>\n\n\n\n<p>Prof. Dra. Catarina Resende de Oliveira<\/p>\n\n\n<div class=\"uk-inline\"><img decoding=\"async\" src=\"https:\/\/cdn.xl.pt\/bs\/uploads\/sites\/17\/2021\/05\/32446656-1200x630.jpg\" alt=\"8\u00aa Edi\u00e7\u00e3o &#8211; 2019 | Pr\u00e9mio Sa\u00fade Sustent\u00e1vel\" loading=\"lazy\" \/><\/div><p class=\"uk-hidden@s uk-text-small uk-text-muted uk-margin-small-top uk-margin-medium-bottom uk-text-left\"><\/p>\n<\/div><\/div>\n\n\n\n<div class=\"wp-block-group\"><div class=\"wp-block-group__inner-container is-layout-flow wp-block-group-is-layout-flow\">\n<h2 class=\"wp-block-heading\">Vencedores<\/h2>\n\n\n\n<div class=\"wp-block-columns is-layout-flex wp-container-core-columns-is-layout-9d6595d7 wp-block-columns-is-layout-flex\">\n<div class=\"wp-block-column is-layout-flow wp-block-column-is-layout-flow\">\n<h4 class=\"uk-margin-small-bottom uk-margin-remove-adjacent wp-block-heading\">Cuidados Continuados<\/h4>\n\n\n\n<p>U. de Longa Dura\u00e7\u00e3o e Manuten\u00e7\u00e3o de S. C. M. da P\u00f3voa de Lanhoso<\/p>\n\n\n<div class=\"uk-margin-medium\"><iframe width=\"1280\" height=\"720\" src=\"\/\/www.youtube.com\/embed\/kV7sMb7r_mw?showinfo=0\" frameborder=\"0\" allowfullscreen data-uk-responsive loading=\"lazy\" referrerpolicy=\"no-referrer-when-downgrade\" title=\"\"><\/iframe><\/div>\n<\/div>\n\n\n\n<div class=\"wp-block-column is-layout-flow wp-block-column-is-layout-flow\">\n<h4 class=\"uk-margin-small-bottom uk-margin-remove-adjacent wp-block-heading\">Cuidados Prim\u00e1rios<\/h4>\n\n\n\n<p>USF da Baixa<\/p>\n\n\n<div class=\"uk-margin-medium\"><iframe width=\"1280\" height=\"720\" src=\"\/\/www.youtube.com\/embed\/l5hzesSRoZM?showinfo=0\" frameborder=\"0\" allowfullscreen data-uk-responsive loading=\"lazy\" referrerpolicy=\"no-referrer-when-downgrade\" title=\"\"><\/iframe><\/div>\n<\/div>\n\n\n\n<div class=\"wp-block-column is-layout-flow wp-block-column-is-layout-flow\">\n<h4 class=\"uk-margin-small-bottom uk-margin-remove-adjacent wp-block-heading\">Cuidados Hospitalares<\/h4>\n\n\n\n<p>Hospital Dr. Francisco Zagalo &#8211; Ovar<\/p>\n\n\n<div class=\"uk-margin-medium\"><iframe width=\"1280\" height=\"720\" src=\"\/\/www.youtube.com\/embed\/PU3W739Ndtk?showinfo=0\" frameborder=\"0\" allowfullscreen data-uk-responsive loading=\"lazy\" referrerpolicy=\"no-referrer-when-downgrade\" title=\"\"><\/iframe><\/div>\n<\/div>\n<\/div>\n\n\n\n<div class=\"wp-block-columns is-layout-flex wp-container-core-columns-is-layout-9d6595d7 wp-block-columns-is-layout-flex\">\n<div class=\"wp-block-column is-layout-flow wp-block-column-is-layout-flow\">\n<h4 class=\"uk-margin-small-bottom uk-margin-remove-adjacent wp-block-heading\">Projetos Integrados Especiais<\/h4>\n\n\n\n<p>Sociedade Portuguesa de Esclerose M\u00faltipla<\/p>\n\n\n<div class=\"uk-margin-medium\"><iframe width=\"1280\" height=\"720\" src=\"\/\/www.youtube.com\/embed\/i3uoDpZr3Oo?showinfo=0\" frameborder=\"0\" allowfullscreen data-uk-responsive loading=\"lazy\" referrerpolicy=\"no-referrer-when-downgrade\" title=\"\"><\/iframe><\/div>\n<\/div>\n\n\n\n<div class=\"wp-block-column is-layout-flow wp-block-column-is-layout-flow\">\n<h4 class=\"uk-margin-small-bottom uk-margin-remove-adjacent wp-block-heading\">Preven\u00e7\u00e3o e Promo\u00e7\u00e3o da Sa\u00fade<\/h4>\n\n\n\n<p>Associa\u00e7\u00e3o Prevenir<\/p>\n\n\n<div class=\"uk-margin-medium\"><iframe width=\"1280\" height=\"720\" src=\"\/\/www.youtube.com\/embed\/fcVU7HAsDNU?showinfo=0\" frameborder=\"0\" allowfullscreen data-uk-responsive loading=\"lazy\" referrerpolicy=\"no-referrer-when-downgrade\" title=\"\"><\/iframe><\/div>\n<\/div>\n<\/div>\n<\/div><\/div>\n\n\n\n<div class=\"wp-block-group\"><div class=\"wp-block-group__inner-container is-layout-flow wp-block-group-is-layout-flow\">\n<h2 class=\"wp-block-heading\">Men\u00e7\u00f5es Honrosas<\/h2>\n\n\n\n<div class=\"wp-block-columns is-layout-flex wp-container-core-columns-is-layout-9d6595d7 wp-block-columns-is-layout-flex\">\n<div class=\"wp-block-column is-layout-flow wp-block-column-is-layout-flow\">\n<h4 class=\"uk-margin-small-bottom uk-margin-remove-adjacent wp-block-heading\">Resultados em Sa\u00fade<\/h4>\n\n\n\n<p>Unidade de Sa\u00fade da Ilha de S\u00e3o Miguel<\/p>\n\n\n<div class=\"uk-margin-medium\"><iframe width=\"1280\" height=\"720\" src=\"\/\/www.youtube.com\/embed\/f4Nx7xZapCc?showinfo=0\" frameborder=\"0\" allowfullscreen data-uk-responsive loading=\"lazy\" referrerpolicy=\"no-referrer-when-downgrade\" title=\"\"><\/iframe><\/div>\n<\/div>\n\n\n\n<div class=\"wp-block-column is-layout-flow wp-block-column-is-layout-flow\">\n<h4 class=\"uk-margin-small-bottom uk-margin-remove-adjacent wp-block-heading\">Sustentabilidade Econ\u00f3mica<\/h4>\n\n\n\n<p>Un. das Miseric\u00f3rdias Portuguesas &#8211; UCCI Bento XVI<\/p>\n\n\n<div class=\"uk-margin-medium\"><iframe width=\"1280\" height=\"720\" src=\"\/\/www.youtube.com\/embed\/5hd3xoQw6Ds?showinfo=0\" frameborder=\"0\" allowfullscreen data-uk-responsive loading=\"lazy\" referrerpolicy=\"no-referrer-when-downgrade\" title=\"\"><\/iframe><\/div>\n<\/div>\n\n\n\n<div class=\"wp-block-column is-layout-flow wp-block-column-is-layout-flow\">\n<h4 class=\"uk-margin-small-bottom uk-margin-remove-adjacent wp-block-heading\">Car\u00e1ter Inovador<\/h4>\n\n\n\n<p>SESARAM<\/p>\n\n\n<div class=\"uk-margin-medium\"><iframe width=\"1280\" height=\"720\" src=\"\/\/www.youtube.com\/embed\/ciJiE2P0bUw?showinfo=0\" frameborder=\"0\" allowfullscreen data-uk-responsive loading=\"lazy\" referrerpolicy=\"no-referrer-when-downgrade\" title=\"\"><\/iframe><\/div>\n<\/div>\n<\/div>\n\n\n\n<div class=\"wp-block-columns is-layout-flex wp-container-core-columns-is-layout-9d6595d7 wp-block-columns-is-layout-flex\">\n<div class=\"wp-block-column is-layout-flow wp-block-column-is-layout-flow\">\n<h4 class=\"uk-margin-small-bottom uk-margin-remove-adjacent wp-block-heading\">Experi\u00eancia do Cidad\u00e3o<\/h4>\n\n\n\n<p>ULS Alto Minho &#8211; UFS Lethes<\/p>\n\n\n<div class=\"uk-margin-medium\"><iframe width=\"1280\" height=\"720\" src=\"\/\/www.youtube.com\/embed\/MgOcboPTPk8?showinfo=0\" frameborder=\"0\" allowfullscreen data-uk-responsive loading=\"lazy\" referrerpolicy=\"no-referrer-when-downgrade\" title=\"\"><\/iframe><\/div>\n<\/div>\n\n\n\n<div class=\"wp-block-column is-layout-flow wp-block-column-is-layout-flow\">\n<h4 class=\"uk-margin-small-bottom uk-margin-remove-adjacent wp-block-heading\">Responsabilidade Ambiental<\/h4>\n\n\n\n<p>Uni\u00e3o das Miseric\u00f3rdias Portuguesas<\/p>\n\n\n<div class=\"uk-margin-medium\"><iframe width=\"1280\" height=\"720\" src=\"\/\/www.youtube.com\/embed\/SEJ2AZEywm8?showinfo=0\" frameborder=\"0\" allowfullscreen data-uk-responsive loading=\"lazy\" referrerpolicy=\"no-referrer-when-downgrade\" title=\"\"><\/iframe><\/div>\n<\/div>\n<\/div>\n<\/div><\/div>\n","protected":false},"excerpt":{"rendered":"<p>Personalidade do Ano Vencedor Prof. Dra. Catarina Resende de Oliveira Vencedores Cuidados Continuados U. de Longa Dura\u00e7\u00e3o e Manuten\u00e7\u00e3o de S. C. M. da P\u00f3voa de Lanhoso Cuidados Prim\u00e1rios USF da Baixa Cuidados Hospitalares Hospital Dr. Francisco Zagalo &#8211; Ovar Projetos Integrados Especiais Sociedade Portuguesa de Esclerose M\u00faltipla Preven\u00e7\u00e3o e Promo\u00e7\u00e3o da Sa\u00fade Associa\u00e7\u00e3o Prevenir [&hellip;]<\/p>\n","protected":false},"author":5,"featured_media":0,"parent":335,"menu_order":0,"comment_status":"closed","ping_status":"closed","template":"page_for-vencedores.php","meta":{"footnotes":""},"class_list":["post-377","page","type-page","status-publish","hentry"],"_links":{"self":[{"href":"https:\/\/bs.xl.pt\/premio-saude-sustentavel\/wp-json\/wp\/v2\/pages\/377","targetHints":{"allow":["GET"]}}],"collection":[{"href":"https:\/\/bs.xl.pt\/premio-saude-sustentavel\/wp-json\/wp\/v2\/pages"}],"about":[{"href":"https:\/\/bs.xl.pt\/premio-saude-sustentavel\/wp-json\/wp\/v2\/types\/page"}],"author":[{"embeddable":true,"href":"https:\/\/bs.xl.pt\/premio-saude-sustentavel\/wp-json\/wp\/v2\/users\/5"}],"replies":[{"embeddable":true,"href":"https:\/\/bs.xl.pt\/premio-saude-sustentavel\/wp-json\/wp\/v2\/comments?post=377"}],"version-history":[{"count":15,"href":"https:\/\/bs.xl.pt\/premio-saude-sustentavel\/wp-json\/wp\/v2\/pages\/377\/revisions"}],"predecessor-version":[{"id":485,"href":"https:\/\/bs.xl.pt\/premio-saude-sustentavel\/wp-json\/wp\/v2\/pages\/377\/revisions\/485"}],"up":[{"embeddable":true,"href":"https:\/\/bs.xl.pt\/premio-saude-sustentavel\/wp-json\/wp\/v2\/pages\/335"}],"wp:attachment":[{"href":"https:\/\/bs.xl.pt\/premio-saude-sustentavel\/wp-json\/wp\/v2\/media?parent=377"}],"curies":[{"name":"wp","href":"https:\/\/api.w.org\/{rel}","templated":true}]}}