{"id":589,"date":"2021-05-26T19:36:28","date_gmt":"2021-05-26T19:36:28","guid":{"rendered":"http:\/\/bs.xl.pt\/premio-saude-sustentavel\/?page_id=589"},"modified":"2021-05-26T19:49:00","modified_gmt":"2021-05-26T19:49:00","slug":"4a-edicao-2015","status":"publish","type":"page","link":"https:\/\/bs.xl.pt\/premio-saude-sustentavel\/vencedores\/4a-edicao-2015\/","title":{"rendered":"4\u00aa Edi\u00e7\u00e3o &#8211; 2015"},"content":{"rendered":"\n<div class=\"wp-block-group\"><div class=\"wp-block-group__inner-container is-layout-flow wp-block-group-is-layout-flow\">\n<h2 class=\"wp-block-heading\">Personalidade do Ano<\/h2>\n\n\n\n<h4 class=\"uk-margin-small-bottom uk-margin-remove-adjacent wp-block-heading\">Vencedor<\/h4>\n\n\n\n<p>Doutor Manuel Sobrinho Sim\u00f5es<\/p>\n\n\n<div class=\"uk-inline\"><img decoding=\"async\" src=\"https:\/\/cdn.xl.pt\/bs\/uploads\/sites\/17\/2021\/05\/PSSLabot-1024x681-1024x681-1-1024x630.jpg\" alt=\"4\u00aa Edi\u00e7\u00e3o &#8211; 2015 | Pr\u00e9mio Sa\u00fade Sustent\u00e1vel\" loading=\"lazy\" \/><\/div><p class=\"uk-hidden@s uk-text-small uk-text-muted uk-margin-small-top uk-margin-medium-bottom uk-text-left\"><\/p>\n<\/div><\/div>\n\n\n\n<div class=\"wp-block-group\"><div class=\"wp-block-group__inner-container is-layout-flow wp-block-group-is-layout-flow\">\n<h2 class=\"wp-block-heading\">Vencedores<\/h2>\n\n\n\n<div class=\"wp-block-columns is-layout-flex wp-container-core-columns-is-layout-9d6595d7 wp-block-columns-is-layout-flex\">\n<div class=\"wp-block-column is-layout-flow wp-block-column-is-layout-flow\">\n<h4 class=\"uk-margin-small-bottom uk-margin-remove-adjacent wp-block-heading\">Cuidados Continuados<\/h4>\n\n\n\n<p>AMETIC<\/p>\n\n\n<div class=\"uk-margin-medium\"><iframe width=\"1280\" height=\"720\" src=\"\/\/www.youtube.com\/embed\/BYY9yCLujA0?showinfo=0\" frameborder=\"0\" allowfullscreen data-uk-responsive loading=\"lazy\" referrerpolicy=\"no-referrer-when-downgrade\" title=\"\"><\/iframe><\/div>\n<\/div>\n\n\n\n<div class=\"wp-block-column is-layout-flow wp-block-column-is-layout-flow\">\n<h4 class=\"uk-margin-small-bottom uk-margin-remove-adjacent wp-block-heading\">Cuidados Prim\u00e1rios<\/h4>\n\n\n\n<p>USN de Mogadouro \u2013 Servi\u00e7o de Imagiologia<\/p>\n\n\n<div class=\"uk-margin-medium\"><iframe width=\"1280\" height=\"720\" src=\"\/\/www.youtube.com\/embed\/LZCNAtIe0wk?showinfo=0\" frameborder=\"0\" allowfullscreen data-uk-responsive loading=\"lazy\" referrerpolicy=\"no-referrer-when-downgrade\" title=\"\"><\/iframe><\/div>\n<\/div>\n<\/div>\n\n\n\n<div class=\"wp-block-columns is-layout-flex wp-container-core-columns-is-layout-9d6595d7 wp-block-columns-is-layout-flex\">\n<div class=\"wp-block-column is-layout-flow wp-block-column-is-layout-flow\">\n<h4 class=\"uk-margin-small-bottom uk-margin-remove-adjacent wp-block-heading\">Cuidados Hospitalares<\/h4>\n\n\n\n<p>Hospital de Braga<\/p>\n\n\n<div class=\"uk-margin-medium\"><iframe width=\"1280\" height=\"720\" src=\"\/\/www.youtube.com\/embed\/r_JbeZW0rcQ?showinfo=0\" frameborder=\"0\" allowfullscreen data-uk-responsive loading=\"lazy\" referrerpolicy=\"no-referrer-when-downgrade\" title=\"\"><\/iframe><\/div>\n<\/div>\n\n\n\n<div class=\"wp-block-column is-layout-flow wp-block-column-is-layout-flow\">\n<h4 class=\"uk-margin-small-bottom uk-margin-remove-adjacent wp-block-heading\">Outras Categorias<\/h4>\n\n\n\n<p>Associa\u00e7\u00e3o Nacional de Farm\u00e1cias<\/p>\n\n\n<div class=\"uk-margin-medium\"><iframe width=\"1280\" height=\"720\" src=\"\/\/www.youtube.com\/embed\/HuwvNQtX91c?showinfo=0\" frameborder=\"0\" allowfullscreen data-uk-responsive loading=\"lazy\" referrerpolicy=\"no-referrer-when-downgrade\" title=\"\"><\/iframe><\/div>\n<\/div>\n<\/div>\n<\/div><\/div>\n\n\n\n<div class=\"wp-block-group\"><div class=\"wp-block-group__inner-container is-layout-flow wp-block-group-is-layout-flow\">\n<h2 class=\"wp-block-heading\">Men\u00e7\u00f5es Honrosas<\/h2>\n\n\n\n<div class=\"wp-block-columns is-layout-flex wp-container-core-columns-is-layout-9d6595d7 wp-block-columns-is-layout-flex\">\n<div class=\"wp-block-column is-layout-flow wp-block-column-is-layout-flow\">\n<h4 class=\"uk-margin-small-bottom uk-margin-remove-adjacent wp-block-heading\">Experi\u00eancia do Utente<\/h4>\n\n\n\n<p>UMAD &#8211; Alto Ave<\/p>\n\n\n<div class=\"uk-margin-medium\"><iframe width=\"1280\" height=\"720\" src=\"\/\/www.youtube.com\/embed\/fvx7LKjjV4s?showinfo=0\" frameborder=\"0\" allowfullscreen data-uk-responsive loading=\"lazy\" referrerpolicy=\"no-referrer-when-downgrade\" title=\"\"><\/iframe><\/div>\n<\/div>\n\n\n\n<div class=\"wp-block-column is-layout-flow wp-block-column-is-layout-flow\">\n<h4 class=\"uk-margin-small-bottom uk-margin-remove-adjacent wp-block-heading\">Qualidade cl\u00ednica e resultados em sa\u00fade<\/h4>\n\n\n\n<p>APDP<\/p>\n\n\n<div class=\"uk-margin-medium\"><iframe width=\"1280\" height=\"720\" src=\"\/\/www.youtube.com\/embed\/xNdZSan4fMU?showinfo=0\" frameborder=\"0\" allowfullscreen data-uk-responsive loading=\"lazy\" referrerpolicy=\"no-referrer-when-downgrade\" title=\"\"><\/iframe><\/div>\n<\/div>\n\n\n\n<div class=\"wp-block-column is-layout-flow wp-block-column-is-layout-flow\">\n<h4 class=\"uk-margin-small-bottom uk-margin-remove-adjacent wp-block-heading\">Responsabilidade Ambiental<\/h4>\n\n\n\n<p>UCC \u2013 Bella Vida Viana<\/p>\n\n\n<div class=\"uk-margin-medium\"><iframe width=\"1280\" height=\"720\" src=\"\/\/www.youtube.com\/embed\/-XMjpJxWqHI?showinfo=0\" frameborder=\"0\" allowfullscreen data-uk-responsive loading=\"lazy\" referrerpolicy=\"no-referrer-when-downgrade\" title=\"\"><\/iframe><\/div>\n<\/div>\n<\/div>\n\n\n\n<div class=\"wp-block-columns is-layout-flex wp-container-core-columns-is-layout-9d6595d7 wp-block-columns-is-layout-flex\">\n<div class=\"wp-block-column is-layout-flow wp-block-column-is-layout-flow\">\n<h4 class=\"uk-margin-small-bottom uk-margin-remove-adjacent wp-block-heading\">Sustentabilidade Econ\u00f3mico-Financeira<\/h4>\n\n\n\n<p>CHP \u2013 Servi\u00e7o de Ortopedia<\/p>\n\n\n<div class=\"uk-margin-medium\"><iframe width=\"1280\" height=\"720\" src=\"\/\/www.youtube.com\/embed\/PFyfDk7golE?showinfo=0\" frameborder=\"0\" allowfullscreen data-uk-responsive loading=\"lazy\" referrerpolicy=\"no-referrer-when-downgrade\" title=\"\"><\/iframe><\/div>\n<\/div>\n\n\n\n<div class=\"wp-block-column is-layout-flow wp-block-column-is-layout-flow\">\n<h4 class=\"uk-margin-small-bottom uk-margin-remove-adjacent wp-block-heading\">Inova\u00e7\u00e3o e tecnologias na sa\u00fade<\/h4>\n\n\n\n<p>Centro Hospitalar Cova da Beira, EPE<\/p>\n\n\n<div class=\"uk-margin-medium\"><iframe width=\"1280\" height=\"720\" src=\"\/\/www.youtube.com\/embed\/1jr_NxeVlqI?showinfo=0\" frameborder=\"0\" allowfullscreen data-uk-responsive loading=\"lazy\" referrerpolicy=\"no-referrer-when-downgrade\" title=\"\"><\/iframe><\/div>\n<\/div>\n<\/div>\n<\/div><\/div>\n","protected":false},"excerpt":{"rendered":"<p>Personalidade do Ano Vencedor Doutor Manuel Sobrinho Sim\u00f5es Vencedores Cuidados Continuados AMETIC Cuidados Prim\u00e1rios USN de Mogadouro \u2013 Servi\u00e7o de Imagiologia Cuidados Hospitalares Hospital de Braga Outras Categorias Associa\u00e7\u00e3o Nacional de Farm\u00e1cias Men\u00e7\u00f5es Honrosas Experi\u00eancia do Utente UMAD &#8211; Alto Ave Qualidade cl\u00ednica e resultados em sa\u00fade APDP Responsabilidade Ambiental UCC \u2013 Bella Vida Viana [&hellip;]<\/p>\n","protected":false},"author":5,"featured_media":0,"parent":335,"menu_order":0,"comment_status":"closed","ping_status":"closed","template":"page_for-vencedores.php","meta":{"footnotes":""},"class_list":["post-589","page","type-page","status-publish","hentry"],"_links":{"self":[{"href":"https:\/\/bs.xl.pt\/premio-saude-sustentavel\/wp-json\/wp\/v2\/pages\/589","targetHints":{"allow":["GET"]}}],"collection":[{"href":"https:\/\/bs.xl.pt\/premio-saude-sustentavel\/wp-json\/wp\/v2\/pages"}],"about":[{"href":"https:\/\/bs.xl.pt\/premio-saude-sustentavel\/wp-json\/wp\/v2\/types\/page"}],"author":[{"embeddable":true,"href":"https:\/\/bs.xl.pt\/premio-saude-sustentavel\/wp-json\/wp\/v2\/users\/5"}],"replies":[{"embeddable":true,"href":"https:\/\/bs.xl.pt\/premio-saude-sustentavel\/wp-json\/wp\/v2\/comments?post=589"}],"version-history":[{"count":3,"href":"https:\/\/bs.xl.pt\/premio-saude-sustentavel\/wp-json\/wp\/v2\/pages\/589\/revisions"}],"predecessor-version":[{"id":619,"href":"https:\/\/bs.xl.pt\/premio-saude-sustentavel\/wp-json\/wp\/v2\/pages\/589\/revisions\/619"}],"up":[{"embeddable":true,"href":"https:\/\/bs.xl.pt\/premio-saude-sustentavel\/wp-json\/wp\/v2\/pages\/335"}],"wp:attachment":[{"href":"https:\/\/bs.xl.pt\/premio-saude-sustentavel\/wp-json\/wp\/v2\/media?parent=589"}],"curies":[{"name":"wp","href":"https:\/\/api.w.org\/{rel}","templated":true}]}}