{"id":646,"date":"2021-05-26T20:07:50","date_gmt":"2021-05-26T20:07:50","guid":{"rendered":"http:\/\/bs.xl.pt\/premio-saude-sustentavel\/?page_id=646"},"modified":"2021-05-26T20:07:51","modified_gmt":"2021-05-26T20:07:51","slug":"2a-edicao-2013","status":"publish","type":"page","link":"https:\/\/bs.xl.pt\/premio-saude-sustentavel\/vencedores\/2a-edicao-2013\/","title":{"rendered":"2\u00aa Edi\u00e7\u00e3o &#8211; 2013"},"content":{"rendered":"\n<div class=\"wp-block-group\"><div class=\"wp-block-group__inner-container is-layout-flow wp-block-group-is-layout-flow\">\n<h2 class=\"wp-block-heading\">Personalidade do Ano<\/h2>\n\n\n\n<h4 class=\"uk-margin-small-bottom uk-margin-remove-adjacent wp-block-heading\">Vencedor<\/h4>\n\n\n\n<p>Professora Doutora Odette Santos Ferreira<\/p>\n\n\n<div class=\"uk-inline\"><img decoding=\"async\" src=\"https:\/\/cdn.xl.pt\/bs\/uploads\/sites\/17\/2021\/05\/odette-1200x630.jpg\" alt=\"2\u00aa Edi\u00e7\u00e3o &#8211; 2013 | Pr\u00e9mio Sa\u00fade Sustent\u00e1vel\" loading=\"lazy\" \/><\/div><p class=\"uk-hidden@s uk-text-small uk-text-muted uk-margin-small-top uk-margin-medium-bottom uk-text-left\"><\/p>\n<\/div><\/div>\n\n\n\n<div class=\"wp-block-group\"><div class=\"wp-block-group__inner-container is-layout-flow wp-block-group-is-layout-flow\">\n<h2 class=\"wp-block-heading\">Vencedores<\/h2>\n\n\n\n<div class=\"wp-block-columns is-layout-flex wp-container-core-columns-is-layout-9d6595d7 wp-block-columns-is-layout-flex\">\n<div class=\"wp-block-column is-layout-flow wp-block-column-is-layout-flow\">\n<h4 class=\"uk-margin-small-bottom uk-margin-remove-adjacent wp-block-heading\">Cuidados Continuados<\/h4>\n\n\n\n<p>Unidade de Convalescen\u00e7a Bella Vida Viana<\/p>\n\n\n<div class=\"uk-margin-medium\"><iframe width=\"1280\" height=\"720\" src=\"\/\/www.youtube.com\/embed\/htl3UH1yRFY?showinfo=0\" frameborder=\"0\" allowfullscreen data-uk-responsive loading=\"lazy\" referrerpolicy=\"no-referrer-when-downgrade\" title=\"\"><\/iframe><\/div>\n<\/div>\n<\/div>\n\n\n\n<div class=\"wp-block-columns is-layout-flex wp-container-core-columns-is-layout-9d6595d7 wp-block-columns-is-layout-flex\">\n<div class=\"wp-block-column is-layout-flow wp-block-column-is-layout-flow\">\n<h4 class=\"uk-margin-small-bottom uk-margin-remove-adjacent wp-block-heading\">Outras Institui\u00e7\u00f5es<\/h4>\n\n\n\n<p>CGC Genetics\u00ae<\/p>\n\n\n<div class=\"uk-margin-medium\"><iframe width=\"1280\" height=\"720\" src=\"\/\/www.youtube.com\/embed\/Cuhw4uS1B_E?showinfo=0\" frameborder=\"0\" allowfullscreen data-uk-responsive loading=\"lazy\" referrerpolicy=\"no-referrer-when-downgrade\" title=\"\"><\/iframe><\/div>\n<\/div>\n<\/div>\n<\/div><\/div>\n\n\n\n<div class=\"wp-block-group\"><div class=\"wp-block-group__inner-container is-layout-flow wp-block-group-is-layout-flow\">\n<h2 class=\"wp-block-heading\">Cuidados Prim\u00e1rios<\/h2>\n\n\n\n<div class=\"wp-block-columns is-layout-flex wp-container-core-columns-is-layout-9d6595d7 wp-block-columns-is-layout-flex\">\n<div class=\"wp-block-column is-layout-flow wp-block-column-is-layout-flow\">\n<h4 class=\"uk-margin-small-bottom uk-margin-remove-adjacent wp-block-heading\">Vencedor<\/h4>\n\n\n\n<p>Unidade de Sa\u00fade Familiar Serra da Lous\u00e3<\/p>\n\n\n<div class=\"uk-margin-medium\"><iframe width=\"1280\" height=\"720\" src=\"\/\/www.youtube.com\/embed\/PuCGEsWjB3g?showinfo=0\" frameborder=\"0\" allowfullscreen data-uk-responsive loading=\"lazy\" referrerpolicy=\"no-referrer-when-downgrade\" title=\"\"><\/iframe><\/div>\n<\/div>\n\n\n\n<div class=\"wp-block-column is-layout-flow wp-block-column-is-layout-flow\">\n<h4 class=\"uk-margin-small-bottom uk-margin-remove-adjacent wp-block-heading\">Men\u00e7\u00e3o Honrosa<\/h4>\n\n\n\n<p>USF Marginal<\/p>\n\n\n<div class=\"uk-inline\"><img decoding=\"async\" src=\"https:\/\/cdn.xl.pt\/bs\/uploads\/sites\/17\/2021\/05\/2014.png\" alt=\"2\u00aa Edi\u00e7\u00e3o &#8211; 2013 | Pr\u00e9mio Sa\u00fade Sustent\u00e1vel\" loading=\"lazy\" \/><\/div><p class=\"uk-hidden@s uk-text-small uk-text-muted uk-margin-small-top uk-margin-medium-bottom uk-text-left\"><\/p>\n<\/div>\n<\/div>\n<\/div><\/div>\n\n\n\n<div class=\"wp-block-group\"><div class=\"wp-block-group__inner-container is-layout-flow wp-block-group-is-layout-flow\">\n<h2 class=\"wp-block-heading\">Cuidados Hospitalares<\/h2>\n\n\n\n<div class=\"wp-block-columns is-layout-flex wp-container-core-columns-is-layout-9d6595d7 wp-block-columns-is-layout-flex\">\n<div class=\"wp-block-column is-layout-flow wp-block-column-is-layout-flow\">\n<h4 class=\"uk-margin-small-bottom uk-margin-remove-adjacent wp-block-heading\">Vencedor<\/h4>\n\n\n\n<p>VENCEDOR EX-AEQUO &#8211; Centro Hospitalar de S\u00e3o Jo\u00e3o, E.P.E.\u00a0<\/p>\n\n\n<div class=\"uk-margin-medium\"><iframe width=\"1280\" height=\"720\" src=\"\/\/www.youtube.com\/embed\/Y1rSpZAZ4RQ?showinfo=0\" frameborder=\"0\" allowfullscreen data-uk-responsive loading=\"lazy\" referrerpolicy=\"no-referrer-when-downgrade\" title=\"\"><\/iframe><\/div>\n<\/div>\n\n\n\n<div class=\"wp-block-column is-layout-flow wp-block-column-is-layout-flow\">\n<h4 class=\"uk-margin-small-bottom uk-margin-remove-adjacent wp-block-heading\">Men\u00e7\u00e3o Honrosa<\/h4>\n\n\n\n<p>VENCEDOR EX-AEQUO &#8211; Unidade Local de Sa\u00fade de Matosinhos, EPE.<\/p>\n\n\n<div class=\"uk-margin-medium\"><iframe width=\"1280\" height=\"720\" src=\"\/\/www.youtube.com\/embed\/uGrz6J1dn-E?showinfo=0\" frameborder=\"0\" allowfullscreen data-uk-responsive loading=\"lazy\" referrerpolicy=\"no-referrer-when-downgrade\" title=\"\"><\/iframe><\/div>\n<\/div>\n<\/div>\n<\/div><\/div>\n","protected":false},"excerpt":{"rendered":"<p>Personalidade do Ano Vencedor Professora Doutora Odette Santos Ferreira Vencedores Cuidados Continuados Unidade de Convalescen\u00e7a Bella Vida Viana Outras Institui\u00e7\u00f5es CGC Genetics\u00ae Cuidados Prim\u00e1rios Vencedor Unidade de Sa\u00fade Familiar Serra da Lous\u00e3 Men\u00e7\u00e3o Honrosa USF Marginal Cuidados Hospitalares Vencedor VENCEDOR EX-AEQUO &#8211; Centro Hospitalar de S\u00e3o Jo\u00e3o, E.P.E.\u00a0 Men\u00e7\u00e3o Honrosa VENCEDOR EX-AEQUO &#8211; Unidade Local [&hellip;]<\/p>\n","protected":false},"author":5,"featured_media":0,"parent":335,"menu_order":0,"comment_status":"closed","ping_status":"closed","template":"page_for-vencedores.php","meta":{"footnotes":""},"class_list":["post-646","page","type-page","status-publish","hentry"],"_links":{"self":[{"href":"https:\/\/bs.xl.pt\/premio-saude-sustentavel\/wp-json\/wp\/v2\/pages\/646","targetHints":{"allow":["GET"]}}],"collection":[{"href":"https:\/\/bs.xl.pt\/premio-saude-sustentavel\/wp-json\/wp\/v2\/pages"}],"about":[{"href":"https:\/\/bs.xl.pt\/premio-saude-sustentavel\/wp-json\/wp\/v2\/types\/page"}],"author":[{"embeddable":true,"href":"https:\/\/bs.xl.pt\/premio-saude-sustentavel\/wp-json\/wp\/v2\/users\/5"}],"replies":[{"embeddable":true,"href":"https:\/\/bs.xl.pt\/premio-saude-sustentavel\/wp-json\/wp\/v2\/comments?post=646"}],"version-history":[{"count":1,"href":"https:\/\/bs.xl.pt\/premio-saude-sustentavel\/wp-json\/wp\/v2\/pages\/646\/revisions"}],"predecessor-version":[{"id":652,"href":"https:\/\/bs.xl.pt\/premio-saude-sustentavel\/wp-json\/wp\/v2\/pages\/646\/revisions\/652"}],"up":[{"embeddable":true,"href":"https:\/\/bs.xl.pt\/premio-saude-sustentavel\/wp-json\/wp\/v2\/pages\/335"}],"wp:attachment":[{"href":"https:\/\/bs.xl.pt\/premio-saude-sustentavel\/wp-json\/wp\/v2\/media?parent=646"}],"curies":[{"name":"wp","href":"https:\/\/api.w.org\/{rel}","templated":true}]}}