{"id":655,"date":"2021-05-26T20:20:03","date_gmt":"2021-05-26T20:20:03","guid":{"rendered":"http:\/\/bs.xl.pt\/premio-saude-sustentavel\/?page_id=655"},"modified":"2021-05-26T20:22:16","modified_gmt":"2021-05-26T20:22:16","slug":"1a-edicao-2012","status":"publish","type":"page","link":"https:\/\/bs.xl.pt\/premio-saude-sustentavel\/vencedores\/1a-edicao-2012\/","title":{"rendered":"1\u00aa Edi\u00e7\u00e3o &#8211; 2012"},"content":{"rendered":"\n<div class=\"wp-block-group\"><div class=\"wp-block-group__inner-container is-layout-flow wp-block-group-is-layout-flow\">\n<h2 class=\"wp-block-heading\">Personalidade do Ano<\/h2>\n\n\n\n<h4 class=\"uk-margin-small-bottom uk-margin-remove-adjacent wp-block-heading\">Vencedor<\/h4>\n\n\n\n<p>Professor Doutor Jos\u00e9 Pereira Miguel<\/p>\n\n\n<\/div><\/div>\n\n\n\n<div class=\"wp-block-group\"><div class=\"wp-block-group__inner-container is-layout-flow wp-block-group-is-layout-flow\">\n<h2 class=\"wp-block-heading\">Cuidados Continuados<\/h2>\n\n\n\n<div class=\"wp-block-columns is-layout-flex wp-container-core-columns-is-layout-9d6595d7 wp-block-columns-is-layout-flex\">\n<div class=\"wp-block-column is-layout-flow wp-block-column-is-layout-flow\">\n<h4 class=\"uk-margin-small-bottom uk-margin-remove-adjacent wp-block-heading\">Vencedor<\/h4>\n\n\n\n<p>Hospital Arcebispo Jo\u00e3o Cris\u00f3stomo<\/p>\n\n\n<\/div>\n\n\n\n<div class=\"wp-block-column is-layout-flow wp-block-column-is-layout-flow\">\n<h4 class=\"uk-margin-small-bottom uk-margin-remove-adjacent wp-block-heading\"><\/h4>\n\n\n\n<p><\/p>\n\n\n<\/div>\n<\/div>\n<\/div><\/div>\n\n\n\n<div class=\"wp-block-group\"><div class=\"wp-block-group__inner-container is-layout-flow wp-block-group-is-layout-flow\">\n<h2 class=\"wp-block-heading\">Cuidados Prim\u00e1rios<\/h2>\n\n\n\n<div class=\"wp-block-columns is-layout-flex wp-container-core-columns-is-layout-9d6595d7 wp-block-columns-is-layout-flex\">\n<div class=\"wp-block-column is-layout-flow wp-block-column-is-layout-flow\">\n<h4 class=\"uk-margin-small-bottom uk-margin-remove-adjacent wp-block-heading\">Vencedor<\/h4>\n\n\n\n<p>Unidade de Sa\u00fade Familiar de Valongo<\/p>\n\n\n<\/div>\n\n\n\n<div class=\"wp-block-column is-layout-flow wp-block-column-is-layout-flow\">\n<h4 class=\"uk-margin-small-bottom uk-margin-remove-adjacent wp-block-heading\">Men\u00e7\u00e3o Honrosa<\/h4>\n\n\n\n<p>USF Marginal<\/p>\n\n\n<\/div>\n<\/div>\n<\/div><\/div>\n\n\n\n<div class=\"wp-block-group\"><div class=\"wp-block-group__inner-container is-layout-flow wp-block-group-is-layout-flow\">\n<h2 class=\"wp-block-heading\">Cuidados Hospitalares<\/h2>\n\n\n\n<div class=\"wp-block-columns is-layout-flex wp-container-core-columns-is-layout-9d6595d7 wp-block-columns-is-layout-flex\">\n<div class=\"wp-block-column is-layout-flow wp-block-column-is-layout-flow\">\n<h4 class=\"uk-margin-small-bottom uk-margin-remove-adjacent wp-block-heading\">Vencedor<\/h4>\n\n\n\n<p>Hospital de Santo Andr\u00e9 (HSA) \u2013 Centro Hospitalar Leiria-Pombal, E.P.E<\/p>\n\n\n<\/div>\n\n\n\n<div class=\"wp-block-column is-layout-flow wp-block-column-is-layout-flow\">\n<h4 class=\"uk-margin-small-bottom uk-margin-remove-adjacent wp-block-heading\">Men\u00e7\u00e3o Honrosa<\/h4>\n\n\n\n<p>Centro Hospitalar de S\u00e3o Jo\u00e3o &#8211; Hospital CUF Descobertas<\/p>\n\n\n<\/div>\n<\/div>\n<\/div><\/div>\n\n\n\n<div class=\"wp-block-group\"><div class=\"wp-block-group__inner-container is-layout-flow wp-block-group-is-layout-flow\">\n<h2 class=\"wp-block-heading\">Responsabilidade Ambiental<\/h2>\n\n\n\n<div class=\"wp-block-columns is-layout-flex wp-container-core-columns-is-layout-9d6595d7 wp-block-columns-is-layout-flex\">\n<div class=\"wp-block-column is-layout-flow wp-block-column-is-layout-flow\">\n<h4 class=\"uk-margin-small-bottom uk-margin-remove-adjacent wp-block-heading\">Men\u00e7\u00e3o Honrosa<\/h4>\n\n\n\n<p>Santa Casa da Miseric\u00f3rdia da Marinha Grande<\/p>\n\n\n<div class=\"uk-inline\"><img decoding=\"async\" src=\"https:\/\/cdn.xl.pt\/bs\/uploads\/sites\/17\/2021\/05\/2012.png\" alt=\"1\u00aa Edi\u00e7\u00e3o &#8211; 2012 | Pr\u00e9mio Sa\u00fade Sustent\u00e1vel\" loading=\"lazy\" \/><\/div><p class=\"uk-hidden@s uk-text-small uk-text-muted uk-margin-small-top uk-margin-medium-bottom uk-text-left\"><\/p>\n<\/div>\n<\/div>\n<\/div><\/div>\n\n\n\n<p><\/p>\n","protected":false},"excerpt":{"rendered":"<p>Personalidade do Ano Vencedor Professor Doutor Jos\u00e9 Pereira Miguel Cuidados Continuados Vencedor Hospital Arcebispo Jo\u00e3o Cris\u00f3stomo Cuidados Prim\u00e1rios Vencedor Unidade de Sa\u00fade Familiar de Valongo Men\u00e7\u00e3o Honrosa USF Marginal Cuidados Hospitalares Vencedor Hospital de Santo Andr\u00e9 (HSA) \u2013 Centro Hospitalar Leiria-Pombal, E.P.E Men\u00e7\u00e3o Honrosa Centro Hospitalar de S\u00e3o Jo\u00e3o &#8211; Hospital CUF Descobertas Responsabilidade Ambiental [&hellip;]<\/p>\n","protected":false},"author":5,"featured_media":0,"parent":335,"menu_order":0,"comment_status":"closed","ping_status":"closed","template":"page_for-vencedores.php","meta":{"footnotes":""},"class_list":["post-655","page","type-page","status-publish","hentry"],"_links":{"self":[{"href":"https:\/\/bs.xl.pt\/premio-saude-sustentavel\/wp-json\/wp\/v2\/pages\/655","targetHints":{"allow":["GET"]}}],"collection":[{"href":"https:\/\/bs.xl.pt\/premio-saude-sustentavel\/wp-json\/wp\/v2\/pages"}],"about":[{"href":"https:\/\/bs.xl.pt\/premio-saude-sustentavel\/wp-json\/wp\/v2\/types\/page"}],"author":[{"embeddable":true,"href":"https:\/\/bs.xl.pt\/premio-saude-sustentavel\/wp-json\/wp\/v2\/users\/5"}],"replies":[{"embeddable":true,"href":"https:\/\/bs.xl.pt\/premio-saude-sustentavel\/wp-json\/wp\/v2\/comments?post=655"}],"version-history":[{"count":2,"href":"https:\/\/bs.xl.pt\/premio-saude-sustentavel\/wp-json\/wp\/v2\/pages\/655\/revisions"}],"predecessor-version":[{"id":664,"href":"https:\/\/bs.xl.pt\/premio-saude-sustentavel\/wp-json\/wp\/v2\/pages\/655\/revisions\/664"}],"up":[{"embeddable":true,"href":"https:\/\/bs.xl.pt\/premio-saude-sustentavel\/wp-json\/wp\/v2\/pages\/335"}],"wp:attachment":[{"href":"https:\/\/bs.xl.pt\/premio-saude-sustentavel\/wp-json\/wp\/v2\/media?parent=655"}],"curies":[{"name":"wp","href":"https:\/\/api.w.org\/{rel}","templated":true}]}}