{"id":13,"date":"2024-05-16T09:02:01","date_gmt":"2024-05-16T09:02:01","guid":{"rendered":"https:\/\/bs.xl.pt\/semear-o-futuro\/?page_id=13"},"modified":"2024-05-16T13:46:36","modified_gmt":"2024-05-16T13:46:36","slug":"confirmacao-de-presenca","status":"publish","type":"page","link":"https:\/\/bs.xl.pt\/semear-o-futuro\/confirmacao-de-presenca\/","title":{"rendered":"Confirma\u00e7\u00e3o de Presen\u00e7a"},"content":{"rendered":"<p>O formul\u00e1rio enccontra-se encerrado.<\/p>","protected":false},"excerpt":{"rendered":"","protected":false},"author":29,"featured_media":0,"parent":0,"menu_order":0,"comment_status":"closed","ping_status":"closed","template":"","meta":{"footnotes":""},"class_list":["post-13","page","type-page","status-publish","hentry"],"_links":{"self":[{"href":"https:\/\/bs.xl.pt\/semear-o-futuro\/wp-json\/wp\/v2\/pages\/13","targetHints":{"allow":["GET"]}}],"collection":[{"href":"https:\/\/bs.xl.pt\/semear-o-futuro\/wp-json\/wp\/v2\/pages"}],"about":[{"href":"https:\/\/bs.xl.pt\/semear-o-futuro\/wp-json\/wp\/v2\/types\/page"}],"author":[{"embeddable":true,"href":"https:\/\/bs.xl.pt\/semear-o-futuro\/wp-json\/wp\/v2\/users\/29"}],"replies":[{"embeddable":true,"href":"https:\/\/bs.xl.pt\/semear-o-futuro\/wp-json\/wp\/v2\/comments?post=13"}],"version-history":[{"count":4,"href":"https:\/\/bs.xl.pt\/semear-o-futuro\/wp-json\/wp\/v2\/pages\/13\/revisions"}],"predecessor-version":[{"id":28,"href":"https:\/\/bs.xl.pt\/semear-o-futuro\/wp-json\/wp\/v2\/pages\/13\/revisions\/28"}],"wp:attachment":[{"href":"https:\/\/bs.xl.pt\/semear-o-futuro\/wp-json\/wp\/v2\/media?parent=13"}],"curies":[{"name":"wp","href":"https:\/\/api.w.org\/{rel}","templated":true}]}}