{"id":601,"date":"2024-12-02T17:42:21","date_gmt":"2024-12-02T17:42:21","guid":{"rendered":"https:\/\/bs.xl.pt\/sonho-de-natal\/?page_id=601"},"modified":"2024-12-02T17:42:27","modified_gmt":"2024-12-02T17:42:27","slug":"agenda","status":"publish","type":"page","link":"https:\/\/bs.xl.pt\/sonho-de-natal\/agenda\/","title":{"rendered":"Agenda"},"content":{"rendered":"\n<div class=\"wp-block-group\"><div class=\"wp-block-group__inner-container is-layout-constrained wp-block-group-is-layout-constrained\"><\/div><\/div>\n\n\n\n<div class=\"wp-block-group\"><div class=\"wp-block-group__inner-container is-layout-constrained wp-block-group-is-layout-constrained\">\n<h3 class=\"wp-block-heading\">29 Novembro<\/h3>\n\n\n\n<div class=\"wp-block-group\"><div class=\"wp-block-group__inner-container is-layout-constrained wp-block-group-is-layout-constrained\">\n<div class=\"wp-block-group\"><div class=\"wp-block-group__inner-container is-layout-constrained wp-block-group-is-layout-constrained\">\n<h2 class=\"wp-block-heading\">Inaugura\u00e7\u00e3o | Chegada do Pai Natal<\/h2>\n\n\n\n<p><strong>Pra\u00e7a 1\u00ba de Maio<\/strong><\/p>\n<\/div><\/div>\n\n\n\n<div class=\"wp-block-group is-layout-grid wp-container-core-group-is-layout-bacfd918 wp-block-group-is-layout-grid\">\n<div class=\"wp-block-group\"><div class=\"wp-block-group__inner-container is-layout-constrained wp-block-group-is-layout-constrained\">\n<h4 class=\"wp-block-heading\">&#8220;Duendo trapalh\u00e3o&#8221; anuncia a chegada do Pai Natal<\/h4>\n\n\n\n<p><strong>16h00<\/strong> | Pra\u00e7a 1\u00ba de Maio<\/p>\n<\/div><\/div>\n\n\n\n<div class=\"wp-block-group\"><div class=\"wp-block-group__inner-container is-layout-constrained wp-block-group-is-layout-constrained\">\n<h4 class=\"wp-block-heading\">In\u00edcio da Parada e chegada do Pai Natal<\/h4>\n\n\n\n<p>In\u00edcio de Desfile pelas ruas da cidade. Inaugura\u00e7\u00e3o da Pista de Gelo e do Palco de Natal<br><strong>16h30<\/strong> | Pra\u00e7a da Rep\u00fablica (Alameda)<\/p>\n<\/div><\/div>\n\n\n\n<div class=\"wp-block-group\"><div class=\"wp-block-group__inner-container is-layout-constrained wp-block-group-is-layout-constrained\">\n<h4 class=\"wp-block-heading\">Espet\u00e1culo &#8220;Vamos ao Circo&#8221;<\/h4>\n\n\n\n<p><strong>17h30<\/strong> | Palco de Natal, Pra\u00e7a da Rep\u00fablica (Alameda)<\/p>\n<\/div><\/div>\n\n\n\n<div class=\"wp-block-group\"><div class=\"wp-block-group__inner-container is-layout-constrained wp-block-group-is-layout-constrained\">\n<h4 class=\"wp-block-heading\">Inaugura\u00e7\u00e3o das Luzes de Natal<\/h4>\n\n\n\n<p><strong>18h00<\/strong> | Pra\u00e7a da Rep\u00fablica (Alameda)<\/p>\n<\/div><\/div>\n\n\n\n<div class=\"wp-block-group\"><div class=\"wp-block-group__inner-container is-layout-constrained wp-block-group-is-layout-constrained\">\n<h4 class=\"wp-block-heading\">Inaugura\u00e7\u00e3o da Casa do Pai Natal, da F\u00e1brica do Pai Natal e do Mercadinho de Natal<\/h4>\n\n\n\n<p><strong>18h30<\/strong> | Pra\u00e7a Manuel Teixeira Gomes, Largo da Antiga Lota &#8211; Zona RIbeirinha<\/p>\n<\/div><\/div>\n<\/div>\n<\/div><\/div>\n<\/div><\/div>\n\n\n\n<div class=\"wp-block-group\"><div class=\"wp-block-group__inner-container is-layout-constrained wp-block-group-is-layout-constrained\">\n<h3 class=\"wp-block-heading\">30 Novembro a 23 Dezembro<\/h3>\n\n\n\n<div class=\"wp-block-group\"><div class=\"wp-block-group__inner-container is-layout-constrained wp-block-group-is-layout-constrained\">\n<div class=\"wp-block-group is-layout-grid wp-container-core-group-is-layout-fb0e7946 wp-block-group-is-layout-grid\">\n<div class=\"wp-block-group\"><div class=\"wp-block-group__inner-container is-layout-constrained wp-block-group-is-layout-constrained\">\n<h4 class=\"wp-block-heading\">30 Novembro<\/h4>\n\n\n\n<p><strong>18h00<\/strong> | Musical &#8220;Bem-Vindos \u00e0s 1001 Noites &#8211; Um Musical Encantado&#8221;<\/p>\n<\/div><\/div>\n\n\n\n<div class=\"wp-block-group\"><div class=\"wp-block-group__inner-container is-layout-constrained wp-block-group-is-layout-constrained\">\n<h4 class=\"wp-block-heading\">1 Dezembro<\/h4>\n\n\n\n<p><strong>18h00<\/strong> | Musical &#8220;Bem-Vindos ao Reino da Ilus\u00e3o&#8221;<\/p>\n<\/div><\/div>\n\n\n\n<div class=\"wp-block-group\"><div class=\"wp-block-group__inner-container is-layout-constrained wp-block-group-is-layout-constrained\">\n<h4 class=\"wp-block-heading\">2 Dezembro<\/h4>\n\n\n\n<p><strong>19h00<\/strong> | M\u00fasica pelos alunos do Agrupamento de Escolas da Bemposta<\/p>\n<\/div><\/div>\n\n\n\n<div class=\"wp-block-group\"><div class=\"wp-block-group__inner-container is-layout-constrained wp-block-group-is-layout-constrained\">\n<h4 class=\"wp-block-heading\">3 Dezembro<\/h4>\n\n\n\n<p><strong>19h00<\/strong> | M\u00fasica pelos alunos do Agrupamento de Escolas da Bemposta<\/p>\n<\/div><\/div>\n\n\n\n<div class=\"wp-block-group\"><div class=\"wp-block-group__inner-container is-layout-constrained wp-block-group-is-layout-constrained\">\n<h4 class=\"wp-block-heading\">4 Dezembro<\/h4>\n\n\n\n<p><strong>19h00<\/strong> | Palha\u00e7o Salsinha Show<\/p>\n<\/div><\/div>\n\n\n\n<div class=\"wp-block-group\"><div class=\"wp-block-group__inner-container is-layout-constrained wp-block-group-is-layout-constrained\">\n<h4 class=\"wp-block-heading\">5 Dezembro<\/h4>\n\n\n\n<p><strong>19h00<\/strong> | Rivotti M\u00e1gico &amp; Enternainer<br><strong>19h30 <\/strong>| &#8220;Aqui h\u00e1 Magia&#8221; com David Martin<\/p>\n<\/div><\/div>\n\n\n\n<div class=\"wp-block-group\"><div class=\"wp-block-group__inner-container is-layout-constrained wp-block-group-is-layout-constrained\">\n<h4 class=\"wp-block-heading\">6 Dezembro<\/h4>\n\n\n\n<p><strong>19h00<\/strong> | &#8220;Fado, uma Hist\u00f3ria de Amor&#8221;<\/p>\n<\/div><\/div>\n\n\n\n<div class=\"wp-block-group\"><div class=\"wp-block-group__inner-container is-layout-constrained wp-block-group-is-layout-constrained\">\n<h4 class=\"wp-block-heading\">7 Dezembro<\/h4>\n\n\n\n<p><strong>18h00<\/strong> | Musical &#8220;Uma Viagem \u00e0s 1001 Noites &#8211; Um Musical Encantado&#8221;<\/p>\n<\/div><\/div>\n\n\n\n<div class=\"wp-block-group\"><div class=\"wp-block-group__inner-container is-layout-constrained wp-block-group-is-layout-constrained\">\n<h4 class=\"wp-block-heading\">8 Dezembro<\/h4>\n\n\n\n<p><strong>18h00<\/strong> | Musical &#8220;Bem-Vindos ao Reino da Ilus\u00e3o&#8221;<\/p>\n<\/div><\/div>\n\n\n\n<div class=\"wp-block-group\"><div class=\"wp-block-group__inner-container is-layout-constrained wp-block-group-is-layout-constrained\">\n<h4 class=\"wp-block-heading\">9 Dezembro<\/h4>\n\n\n\n<p><strong>19h00<\/strong> | Coro &#8220;Instituto de Cultura de Portim\u00e3o&#8221;<br><strong>19h30 <\/strong>| Coro Agrupamento Escola Eng\u00ba Nuno Mergulh\u00e3o<br><strong>20h00 <\/strong>| Coro &#8220;A Aldeia&#8221;<\/p>\n<\/div><\/div>\n\n\n\n<div class=\"wp-block-group\"><div class=\"wp-block-group__inner-container is-layout-constrained wp-block-group-is-layout-constrained\">\n<h4 class=\"wp-block-heading\">10 Dezembro<\/h4>\n\n\n\n<p><strong>19h00<\/strong> | Giletes D&#8217;a\u00e7o<br><strong>19h30 <\/strong>| Cante Alentejano pelo Instituto da Universidade S\u00e9nior<br><strong>19h45<\/strong> | &#8220;Est\u00fadio Mix Dance&#8221; pela Associa\u00e7\u00e3o Capela<\/p>\n<\/div><\/div>\n\n\n\n<div class=\"wp-block-group\"><div class=\"wp-block-group__inner-container is-layout-constrained wp-block-group-is-layout-constrained\">\n<h4 class=\"wp-block-heading\">11 Dezembro<\/h4>\n\n\n\n<p><strong>19h00<\/strong> | Sombras Chinesas por Olimack<br><strong>19h30 <\/strong>| &#8220;Momento Absurdo&#8221; por T\u00e2nia Safaneta<\/p>\n<\/div><\/div>\n\n\n\n<div class=\"wp-block-group\"><div class=\"wp-block-group__inner-container is-layout-constrained wp-block-group-is-layout-constrained\">\n<h4 class=\"wp-block-heading\">12 Dezembro<\/h4>\n\n\n\n<p><strong>19h00<\/strong> | &#8220;Grandes Ilus\u00f5es&#8221; por S\u00e9rgio e Faty<br><strong>19h30 <\/strong>| &#8220;Encantos &amp; Ilus\u00e3o&#8221; por David Sousa<\/p>\n<\/div><\/div>\n\n\n\n<div class=\"wp-block-group\"><div class=\"wp-block-group__inner-container is-layout-constrained wp-block-group-is-layout-constrained\">\n<h4 class=\"wp-block-heading\">13 Dezembro<\/h4>\n\n\n\n<p><strong>19h00<\/strong> | &#8220;Um Natal Especial&#8221; pelo Pallha\u00e7o Companhia<\/p>\n<\/div><\/div>\n\n\n\n<div class=\"wp-block-group\"><div class=\"wp-block-group__inner-container is-layout-constrained wp-block-group-is-layout-constrained\">\n<h4 class=\"wp-block-heading\">14 Dezembro<\/h4>\n\n\n\n<p><strong>18h00<\/strong> | Musical &#8220;Uma Viagem \u00e0s 1001 Noites &#8211; Um Musical Encantado&#8221;<\/p>\n<\/div><\/div>\n\n\n\n<div class=\"wp-block-group\"><div class=\"wp-block-group__inner-container is-layout-constrained wp-block-group-is-layout-constrained\">\n<h4 class=\"wp-block-heading\">15 Dezembro<\/h4>\n\n\n\n<p><strong>18h00<\/strong> | Natal Festival &#8220;Chamin\u00e9 D&#8217;ouro&#8221;<\/p>\n<\/div><\/div>\n\n\n\n<div class=\"wp-block-group\"><div class=\"wp-block-group__inner-container is-layout-constrained wp-block-group-is-layout-constrained\">\n<h4 class=\"wp-block-heading\">16 Dezembro<\/h4>\n\n\n\n<p><strong>19h00<\/strong> | &#8220;Fado a Duas Vozes&#8221; por Luana Velazques e Jo\u00e3o Leote<br><strong>19h45 <\/strong>| Arte &amp; Dan\u00e7a pela Emotion Dance Academy<\/p>\n<\/div><\/div>\n\n\n\n<div class=\"wp-block-group\"><div class=\"wp-block-group__inner-container is-layout-constrained wp-block-group-is-layout-constrained\">\n<h4 class=\"wp-block-heading\">17 Dezembro<\/h4>\n\n\n\n<p><strong>19h00<\/strong> | Grupo Coral de Portim\u00e3o<br><strong>19h30 <\/strong>| Vozes do Gl\u00f3ria por Grupo Coral<br><strong>20h00 <\/strong>| &#8220;Dan\u00e7as do Mundo&#8221; pela Academia Dan\u00e7a Mais<\/p>\n<\/div><\/div>\n\n\n\n<div class=\"wp-block-group\"><div class=\"wp-block-group__inner-container is-layout-constrained wp-block-group-is-layout-constrained\">\n<h4 class=\"wp-block-heading\">18 Dezembro<\/h4>\n\n\n\n<p><strong>19h00<\/strong> | Batatolas, o Palha\u00e7o<\/p>\n<\/div><\/div>\n\n\n\n<div class=\"wp-block-group\"><div class=\"wp-block-group__inner-container is-layout-constrained wp-block-group-is-layout-constrained\">\n<h4 class=\"wp-block-heading\">19 Dezembro<\/h4>\n\n\n\n<p><strong>19h00<\/strong> | Musical &#8220;Bem-Vindos ao Reino da Ilus\u00e3o&#8221;<\/p>\n<\/div><\/div>\n\n\n\n<div class=\"wp-block-group\"><div class=\"wp-block-group__inner-container is-layout-constrained wp-block-group-is-layout-constrained\">\n<h4 class=\"wp-block-heading\">20 Dezembro<\/h4>\n\n\n\n<p><strong>19h00<\/strong> | Musical &#8220;Uma Viagem \u00e0s 1001 Noites &#8211; Um Musical Encantado&#8221;<\/p>\n<\/div><\/div>\n\n\n\n<div class=\"wp-block-group\"><div class=\"wp-block-group__inner-container is-layout-constrained wp-block-group-is-layout-constrained\">\n<h4 class=\"wp-block-heading\">21 Dezembro<\/h4>\n\n\n\n<p><strong>18h00<\/strong> | &#8220;Volta \u00e0 Disney em 40 minutos&#8221; com a Banda Filarm\u00f3nica Portimonense<\/p>\n<\/div><\/div>\n\n\n\n<div class=\"wp-block-group\"><div class=\"wp-block-group__inner-container is-layout-constrained wp-block-group-is-layout-constrained\">\n<h4 class=\"wp-block-heading\">22 Dezembro<\/h4>\n\n\n\n<p><strong>18h00<\/strong> | C\u00e9sar Matoso com Banda e Bailarinos<\/p>\n<\/div><\/div>\n\n\n\n<div class=\"wp-block-group\"><div class=\"wp-block-group__inner-container is-layout-constrained wp-block-group-is-layout-constrained\">\n<h4 class=\"wp-block-heading\">23 Dezembro<\/h4>\n\n\n\n<p><strong>19h00<\/strong> | Tributo a Roberto Carlos por Carlos Korin<br><strong>19h30 <\/strong>| Fant\u00e1stica Viagem de Natal pela Associa\u00e7\u00e3o Cultural Dancenema<\/p>\n<\/div><\/div>\n<\/div>\n<\/div><\/div>\n<\/div><\/div>\n","protected":false},"excerpt":{"rendered":"<p>29 Novembro Inaugura\u00e7\u00e3o | Chegada do Pai Natal Pra\u00e7a 1\u00ba de Maio &#8220;Duendo trapalh\u00e3o&#8221; anuncia a chegada do Pai Natal 16h00 | Pra\u00e7a 1\u00ba de Maio In\u00edcio da Parada e chegada do Pai Natal In\u00edcio de Desfile pelas ruas da cidade. Inaugura\u00e7\u00e3o da Pista de Gelo e do Palco de Natal16h30 | Pra\u00e7a da Rep\u00fablica [&hellip;]<\/p>\n","protected":false},"author":29,"featured_media":0,"parent":0,"menu_order":0,"comment_status":"closed","ping_status":"closed","template":"","meta":{"footnotes":""},"class_list":["post-601","page","type-page","status-publish","hentry"],"_links":{"self":[{"href":"https:\/\/bs.xl.pt\/sonho-de-natal\/wp-json\/wp\/v2\/pages\/601","targetHints":{"allow":["GET"]}}],"collection":[{"href":"https:\/\/bs.xl.pt\/sonho-de-natal\/wp-json\/wp\/v2\/pages"}],"about":[{"href":"https:\/\/bs.xl.pt\/sonho-de-natal\/wp-json\/wp\/v2\/types\/page"}],"author":[{"embeddable":true,"href":"https:\/\/bs.xl.pt\/sonho-de-natal\/wp-json\/wp\/v2\/users\/29"}],"replies":[{"embeddable":true,"href":"https:\/\/bs.xl.pt\/sonho-de-natal\/wp-json\/wp\/v2\/comments?post=601"}],"version-history":[{"count":1,"href":"https:\/\/bs.xl.pt\/sonho-de-natal\/wp-json\/wp\/v2\/pages\/601\/revisions"}],"predecessor-version":[{"id":604,"href":"https:\/\/bs.xl.pt\/sonho-de-natal\/wp-json\/wp\/v2\/pages\/601\/revisions\/604"}],"wp:attachment":[{"href":"https:\/\/bs.xl.pt\/sonho-de-natal\/wp-json\/wp\/v2\/media?parent=601"}],"curies":[{"name":"wp","href":"https:\/\/api.w.org\/{rel}","templated":true}]}}