{"id":640,"date":"2024-12-26T11:04:47","date_gmt":"2024-12-26T11:04:47","guid":{"rendered":"https:\/\/bs.xl.pt\/sonho-de-natal\/?page_id=640"},"modified":"2024-12-26T11:04:47","modified_gmt":"2024-12-26T11:04:47","slug":"ano-novo","status":"publish","type":"page","link":"https:\/\/bs.xl.pt\/sonho-de-natal\/ano-novo\/","title":{"rendered":"Ano Novo"},"content":{"rendered":"\n<div class=\"wp-block-group\"><div class=\"wp-block-group__inner-container is-layout-constrained wp-block-group-is-layout-constrained\"><\/div><\/div>\n\n\n\n<div class=\"wp-block-group\"><div class=\"wp-block-group__inner-container is-layout-constrained wp-block-group-is-layout-constrained\">\n<h2 class=\"wp-block-heading\">Programa<\/h2>\n\n\n\n<div class=\"wp-block-group\"><div class=\"wp-block-group__inner-container is-layout-constrained wp-block-group-is-layout-constrained\">\n<div class=\"wp-block-group\"><div class=\"wp-block-group__inner-container is-layout-constrained wp-block-group-is-layout-constrained\">\n<h4 class=\"wp-block-heading\">29 Dezembro<\/h4>\n\n\n\n<p class=\"uk-text-lead\">Rebel Kidz Crew<\/p>\n\n\n\n<h3 class=\"wp-block-heading\"><strong>Mizzy Miles<\/strong><\/h3>\n<\/div><\/div>\n\n\n\n<div class=\"wp-block-group\"><div class=\"wp-block-group__inner-container is-layout-constrained wp-block-group-is-layout-constrained\">\n<h4 class=\"wp-block-heading\">30 Dezembro<\/h4>\n\n\n\n<h3 class=\"wp-block-heading\"><strong>Revenge of the 90s<\/strong><\/h3>\n<\/div><\/div>\n\n\n\n<div class=\"wp-block-group\"><div class=\"wp-block-group__inner-container is-layout-constrained wp-block-group-is-layout-constrained\">\n<h4 class=\"wp-block-heading\">31 Dezembro<\/h4>\n\n\n\n<p class=\"uk-text-lead\">DJ Nikky e MC Lu\u00eds Marv\u00e3o<\/p>\n\n\n\n<h3 class=\"wp-block-heading\"><strong>Martinho da Vila<\/strong><\/h3>\n\n\n\n<p class=\"uk-text-lead\"><strong>00H | <\/strong>Fogo de Artif\u00edcio<\/p>\n\n\n\n<p class=\"uk-text-small\">Zona Ribeirinha Portim\u00e3o e Alvor<br>Praia da Rocha<\/p>\n<\/div><\/div>\n<\/div><\/div>\n<\/div><\/div>\n","protected":false},"excerpt":{"rendered":"<p>Programa 29 Dezembro Rebel Kidz Crew Mizzy Miles 30 Dezembro Revenge of the 90s 31 Dezembro DJ Nikky e MC Lu\u00eds Marv\u00e3o Martinho da Vila 00H | Fogo de Artif\u00edcio Zona Ribeirinha Portim\u00e3o e AlvorPraia da Rocha<\/p>\n","protected":false},"author":29,"featured_media":0,"parent":0,"menu_order":0,"comment_status":"closed","ping_status":"closed","template":"","meta":{"footnotes":""},"class_list":["post-640","page","type-page","status-publish","hentry"],"_links":{"self":[{"href":"https:\/\/bs.xl.pt\/sonho-de-natal\/wp-json\/wp\/v2\/pages\/640","targetHints":{"allow":["GET"]}}],"collection":[{"href":"https:\/\/bs.xl.pt\/sonho-de-natal\/wp-json\/wp\/v2\/pages"}],"about":[{"href":"https:\/\/bs.xl.pt\/sonho-de-natal\/wp-json\/wp\/v2\/types\/page"}],"author":[{"embeddable":true,"href":"https:\/\/bs.xl.pt\/sonho-de-natal\/wp-json\/wp\/v2\/users\/29"}],"replies":[{"embeddable":true,"href":"https:\/\/bs.xl.pt\/sonho-de-natal\/wp-json\/wp\/v2\/comments?post=640"}],"version-history":[{"count":1,"href":"https:\/\/bs.xl.pt\/sonho-de-natal\/wp-json\/wp\/v2\/pages\/640\/revisions"}],"predecessor-version":[{"id":643,"href":"https:\/\/bs.xl.pt\/sonho-de-natal\/wp-json\/wp\/v2\/pages\/640\/revisions\/643"}],"wp:attachment":[{"href":"https:\/\/bs.xl.pt\/sonho-de-natal\/wp-json\/wp\/v2\/media?parent=640"}],"curies":[{"name":"wp","href":"https:\/\/api.w.org\/{rel}","templated":true}]}}