{"id":19,"date":"2022-06-23T19:54:22","date_gmt":"2022-06-23T18:54:22","guid":{"rendered":"https:\/\/bs.xl.pt\/splash-seixal\/?page_id=19"},"modified":"2022-06-23T19:54:22","modified_gmt":"2022-06-23T18:54:22","slug":"como-chegar","status":"publish","type":"page","link":"https:\/\/bs.xl.pt\/splash-seixal\/como-chegar\/","title":{"rendered":"Como Chegar"},"content":{"rendered":"\n<h2 class=\"wp-block-heading\">Carro<\/h2>\n\n\n\n<p>Na A2 tomar a sa\u00edda para o Seixal e seguir sinal\u00e9tica at\u00e9 ao Splash Seixal.<\/p>\n\n\n\n<h2 class=\"wp-block-heading\">Comboio<\/h2>\n\n\n\n<p><strong>Lisboa-Seixal (22 min.)<\/strong><br>Esta\u00e7\u00e3o de Entrecampos \u2192 Esta\u00e7\u00e3o do Fogueteiro \u2192 Autocarro para o Seixal<\/p>\n\n\n\n<p><strong>Set\u00fabal-Seixal (29 min.)<\/strong><br>Esta\u00e7\u00e3o de Set\u00fabal\u2192 Esta\u00e7\u00e3o do Fogueteiro \u2192 Autocarro para o Seixal<\/p>\n\n\n\n<p>Hor\u00e1rios <a href=\"https:\/\/www.fertagus.pt\/\">Fertagus<\/a><\/p>\n\n\n\n<h2 class=\"wp-block-heading\">Barco<\/h2>\n\n\n\n<p><strong>Lisboa-Seixal (20 min.)<\/strong><br>Terminal Fluvial do Cais do Sodr\u00e9\u2192 Terminal Fluvial do Seixal<\/p>\n\n\n\n<p>Hor\u00e1rios <a href=\"https:\/\/ttsl.pt\/\">Transtejo Soflusa<\/a><\/p>\n","protected":false},"excerpt":{"rendered":"<p>Carro Na A2 tomar a sa\u00edda para o Seixal e seguir sinal\u00e9tica at\u00e9 ao Splash Seixal. Comboio Lisboa-Seixal (22 min.)Esta\u00e7\u00e3o de Entrecampos \u2192 Esta\u00e7\u00e3o do Fogueteiro \u2192 Autocarro para o Seixal Set\u00fabal-Seixal (29 min.)Esta\u00e7\u00e3o de Set\u00fabal\u2192 Esta\u00e7\u00e3o do Fogueteiro \u2192 Autocarro para o Seixal Hor\u00e1rios Fertagus Barco Lisboa-Seixal (20 min.)Terminal Fluvial do Cais do Sodr\u00e9\u2192 [&hellip;]<\/p>\n","protected":false},"author":5,"featured_media":0,"parent":0,"menu_order":0,"comment_status":"closed","ping_status":"closed","template":"","meta":{"footnotes":""},"class_list":["post-19","page","type-page","status-publish","hentry"],"_links":{"self":[{"href":"https:\/\/bs.xl.pt\/splash-seixal\/wp-json\/wp\/v2\/pages\/19","targetHints":{"allow":["GET"]}}],"collection":[{"href":"https:\/\/bs.xl.pt\/splash-seixal\/wp-json\/wp\/v2\/pages"}],"about":[{"href":"https:\/\/bs.xl.pt\/splash-seixal\/wp-json\/wp\/v2\/types\/page"}],"author":[{"embeddable":true,"href":"https:\/\/bs.xl.pt\/splash-seixal\/wp-json\/wp\/v2\/users\/5"}],"replies":[{"embeddable":true,"href":"https:\/\/bs.xl.pt\/splash-seixal\/wp-json\/wp\/v2\/comments?post=19"}],"version-history":[{"count":1,"href":"https:\/\/bs.xl.pt\/splash-seixal\/wp-json\/wp\/v2\/pages\/19\/revisions"}],"predecessor-version":[{"id":22,"href":"https:\/\/bs.xl.pt\/splash-seixal\/wp-json\/wp\/v2\/pages\/19\/revisions\/22"}],"wp:attachment":[{"href":"https:\/\/bs.xl.pt\/splash-seixal\/wp-json\/wp\/v2\/media?parent=19"}],"curies":[{"name":"wp","href":"https:\/\/api.w.org\/{rel}","templated":true}]}}