{"id":31,"date":"2022-06-23T19:55:10","date_gmt":"2022-06-23T18:55:10","guid":{"rendered":"https:\/\/bs.xl.pt\/splash-seixal\/?page_id=31"},"modified":"2025-07-09T10:56:30","modified_gmt":"2025-07-09T09:56:30","slug":"faq","status":"publish","type":"page","link":"https:\/\/bs.xl.pt\/splash-seixal\/faq\/","title":{"rendered":"FAQ"},"content":{"rendered":"\n<h4 class=\"wp-block-heading\">Como nasce este espa\u00e7o de divers\u00e3o no Seixal?<\/h4>\n\n\n\n<p>O Splash Seixal nasce da vontade da C\u00e2mara Municipal do Seixal de proporcionar \u00e0 popula\u00e7\u00e3o um espa\u00e7o aqu\u00e1tico \u00fanico de absoluta divers\u00e3o e lazer neste Ver\u00e3o.<\/p>\n\n\n\n<h4 class=\"wp-block-heading\">Os mi\u00fados podem andar \u00e0 vontade no Splash Seixal?<\/h4>\n\n\n\n<p>Sim, mas sempre supervisionados pelos pais. Existe um plano de seguran\u00e7a ajustado ao recinto e a presen\u00e7a constante de monitores e nadadores-salvadores, em todo o espa\u00e7o.<\/p>\n\n\n\n<h4 class=\"wp-block-heading\">Onde fica o parque Splash Seixal?<\/h4>\n\n\n\n<p>No Terminal Fluvial do Seixal. Na p\u00e1gina <a href=\"https:\/\/bs.xl.pt\/splash-seixal\/como-chegar\/\" data-type=\"page\" data-id=\"19\"><strong>Como chegar<\/strong><\/a> poder\u00e1 encontrar todas as informa\u00e7\u00f5es de como chegar ao local.<\/p>\n\n\n\n<h4 class=\"wp-block-heading\">Quais s\u00e3o as datas de funcionamento?<\/h4>\n\n\n\n<p>O Splash Seixal funcionar\u00e1 de 17 de julho a 25 de agosto.<\/p>\n\n\n\n<h4 class=\"wp-block-heading\">Quais os hor\u00e1rios?<\/h4>\n\n\n\n<p>Das 10:00 \u00e0s 19:00 horas, todos os dias.<\/p>\n\n\n\n<h4 class=\"wp-block-heading\">Onde comprar os bilhetes?<\/h4>\n\n\n\n<p>Os bilhetes podem ser adquiridos em <a href=\"https:\/\/splashseixal.bol.pt\/\" target=\"_blank\" rel=\"noreferrer noopener\">www.bol.pt<\/a> ou ser adquiridos nas bilheteiras \u00e0 entrada do parque.<\/p>\n\n\n\n<h4 class=\"wp-block-heading\">Como reservar grupos e escolas?<\/h4>\n\n\n\n<p>Preencha o formul\u00e1rio de contacte-nos com as suas quest\u00f5es.<\/p>\n\n\n\n<h4 class=\"wp-block-heading\">Qual \u00e9 a oferta de comida no local?<\/h4>\n\n\n\n<p>Um espa\u00e7o lounge com vista rio e uma \u00e1rea de street food onde poder\u00e1 encontrar: pizzas, \u00a0cachorros, hamb\u00fargueres, tostas, saladas, gelados, bar de cerveja e refrigerantes e sumos naturais.<\/p>\n\n\n\n<h4 class=\"wp-block-heading\">Porqu\u00ea o Seixal?<\/h4>\n\n\n\n<p>Para al\u00e9m de o Seixal ter uma das ba\u00edas mais bonitas que o Tejo nos oferece, est\u00e1 simultaneamente muito pr\u00f3ximo do centro de Lisboa e das praias da Costa de Caparica, e n\u00e3o muito distante das praias de Set\u00fabal. Se, por um lado, o Splash Seixal \u00e9 uma 1\u00aa op\u00e7\u00e3o como destino de divers\u00e3o, por outro lado, \u00e9 uma boa alternativa aos engarrafamentos das horas de maior afluxo \u00e0s praias.<\/p>\n\n\n\n<h4 class=\"wp-block-heading\">Quem s\u00e3o os parceiros da iniciativa?<\/h4>\n\n\n\n<p>Uma iniciativa da C\u00e2mara Municipal do Seixal e do Correio da Manh\u00e3, com organiza\u00e7\u00e3o da Cofina Boost Solutions e Unisports.<\/p>\n\n\n\n<h4 class=\"wp-block-heading\">Oferecerem condi\u00e7\u00f5es especiais para anivers\u00e1rios?<\/h4>\n\n\n\n<p>Sim, caso pretenda obter mais informa\u00e7\u00f5es, contacte-nos atrav\u00e9s do formul\u00e1rio.<\/p>\n\n\n\n<h4 class=\"wp-block-heading\">Posso levar chap\u00e9u de sol ou tem op\u00e7\u00e3o de aluguer?<\/h4>\n\n\n\n<p>No Splash Seixal dispomos de diversas zonas de sombra, n\u00e3o dispon\u00edveis para reserva, das quais pode desfrutar livremente sem qualquer custo adicional, por\u00e9m estas s\u00e3o ocupadas por ordem de chegada, pelo que aconselhamos que entrem cedo caso queiram garantir espa\u00e7o de sombra.<br>\u00c9 poss\u00edvel entrar no parque com chap\u00e9u de sol, contudo n\u00e3o \u00e9 poss\u00edvel estacar o chap\u00e9u.<\/p>\n\n\n\n<h4 class=\"wp-block-heading\">T\u00eam parque de estacionamento? Se sim, \u00e9 gratuito?<\/h4>\n\n\n\n<p>Existem v\u00e1rias zonas de estacionamento em redor do Splash Seixal, tanto pagas como gratuitas, como por exemplo o Parque Seixal Transtejo.<\/p>\n\n\n\n<h4 class=\"wp-block-heading\">Posso levar comida?<\/h4>\n\n\n\n<p>\u00c9 poss\u00edvel entrar no parque com comida e bebida desde que n\u00e3o traga recipientes de vidro, al\u00e9m disto, dispomos tamb\u00e9m uma zona de Street Food na qual pode adquirir comida e bebida dentro do parque.<\/p>\n","protected":false},"excerpt":{"rendered":"<p>Como nasce este espa\u00e7o de divers\u00e3o no Seixal? O Splash Seixal nasce da vontade da C\u00e2mara Municipal do Seixal de proporcionar \u00e0 popula\u00e7\u00e3o um espa\u00e7o aqu\u00e1tico \u00fanico de absoluta divers\u00e3o e lazer neste Ver\u00e3o. Os mi\u00fados podem andar \u00e0 vontade no Splash Seixal? Sim, mas sempre supervisionados pelos pais. Existe um plano de seguran\u00e7a ajustado [&hellip;]<\/p>\n","protected":false},"author":5,"featured_media":0,"parent":0,"menu_order":0,"comment_status":"closed","ping_status":"closed","template":"","meta":{"footnotes":""},"class_list":["post-31","page","type-page","status-publish","hentry"],"_links":{"self":[{"href":"https:\/\/bs.xl.pt\/splash-seixal\/wp-json\/wp\/v2\/pages\/31","targetHints":{"allow":["GET"]}}],"collection":[{"href":"https:\/\/bs.xl.pt\/splash-seixal\/wp-json\/wp\/v2\/pages"}],"about":[{"href":"https:\/\/bs.xl.pt\/splash-seixal\/wp-json\/wp\/v2\/types\/page"}],"author":[{"embeddable":true,"href":"https:\/\/bs.xl.pt\/splash-seixal\/wp-json\/wp\/v2\/users\/5"}],"replies":[{"embeddable":true,"href":"https:\/\/bs.xl.pt\/splash-seixal\/wp-json\/wp\/v2\/comments?post=31"}],"version-history":[{"count":11,"href":"https:\/\/bs.xl.pt\/splash-seixal\/wp-json\/wp\/v2\/pages\/31\/revisions"}],"predecessor-version":[{"id":438,"href":"https:\/\/bs.xl.pt\/splash-seixal\/wp-json\/wp\/v2\/pages\/31\/revisions\/438"}],"wp:attachment":[{"href":"https:\/\/bs.xl.pt\/splash-seixal\/wp-json\/wp\/v2\/media?parent=31"}],"curies":[{"name":"wp","href":"https:\/\/api.w.org\/{rel}","templated":true}]}}