{"id":37,"date":"2022-06-23T19:55:31","date_gmt":"2022-06-23T18:55:31","guid":{"rendered":"https:\/\/bs.xl.pt\/splash-seixal\/?page_id=37"},"modified":"2025-07-09T11:45:02","modified_gmt":"2025-07-09T10:45:02","slug":"regras","status":"publish","type":"page","link":"https:\/\/bs.xl.pt\/splash-seixal\/regras\/","title":{"rendered":"Regras"},"content":{"rendered":"\n<ol class=\"wp-block-list\">\n<li>N\u00e3o \u00e9 autorizada a entrada no Splash Seixal de menores de 12 anos que n\u00e3o se fa\u00e7am acompanhar por pessoa de maior idade que se responsabilize pela sua vigil\u00e2ncia e comportamento.<\/li>\n\n\n\n<li>\u00c9 interdito o acesso a pessoas portadoras de objectos de vidro, armas ou objectos que possam ser utilizados como tal.<\/li>\n\n\n\n<li>\u00c9 permitida a entrada com alimentos.<\/li>\n\n\n\n<li>\u00c9 obrigat\u00f3rio respeitar as regras de utiliza\u00e7\u00e3o dos equipamentos do recinto.<\/li>\n\n\n\n<li>\u00c9 proibido usar os equipamentos de forma despropositada que represente qualquer tipo de perigo para os utilizadores.<\/li>\n\n\n\n<li>\u00c9 proibido o acesso \u00e0s pessoas que, pelo seu estado, possam perturbar a ordem ou tranquilidade p\u00fablica.<\/li>\n\n\n\n<li>\u00c9 interdito o acesso a animais no recinto, excepto c\u00e3o-guia.<\/li>\n\n\n\n<li>\u00c9 proibido comer, beber ou fumar nas zonas de actividades aqu\u00e1ticas.<\/li>\n\n\n\n<li>Em caso de m\u00e1 conduta ser\u00e1 vedada aos utentes a utiliza\u00e7\u00e3o dos escorregas, a admiss\u00e3o e n\u00e3o lhes ser\u00e1 restitu\u00eddo o valor do ingresso pago.<\/li>\n\n\n\n<li>Em caso de altera\u00e7\u00e3o das condi\u00e7\u00f5es atmosf\u00e9ricas, ou outras situa\u00e7\u00f5es imprevis\u00edveis, n\u00e3o ser\u00e1 restitu\u00eddo o valor pago.<\/li>\n\n\n\n<li>O Splash Seixal reserva-se o direito de fechar qualquer atividade sem aviso pr\u00e9vio.<\/li>\n\n\n\n<li>A organiza\u00e7\u00e3o n\u00e3o \u00e9 respons\u00e1vel por qualquer perda ou dano de objetos pessoais, Splash Seixal n\u00e3o se responsabiliza por extravios ocorridos nas piscinas, vesti\u00e1rios e outras depend\u00eancias.<\/li>\n\n\n\n<li>S\u00f3 \u00e9 permitido o uso de roupa apropriada \u00e0 pr\u00e1tica de atividades aqu\u00e1ticas na utiliza\u00e7\u00e3o dos equipamentos.<\/li>\n\n\n\n<li>N\u00e3o \u00e9 permitido utilizar b\u00f3ias, colch\u00f5es, barbatanas, bolas e pranchas.<\/li>\n\n\n\n<li>\u00c9 obrigat\u00f3rio o uso de fraldas pr\u00f3prias para a \u00e1gua, nas crian\u00e7as at\u00e9 os 2 anos.<\/li>\n\n\n\n<li>O bilhete \u00e9 de entrada \u00fanica.<\/li>\n\n\n\n<li>N\u00e3o \u00e9 permitida a utiliza\u00e7\u00e3o de equipamentos sonoros pr\u00f3prios (ex.colunas de som port\u00e1teis).<\/li>\n\n\n\n<li>Os visitantes, declaram para os devidos efeitos que autorizam a recolha de imagens e de video durante a participa\u00e7\u00e3o nas actividades, para uso exclusivo na promo\u00e7\u00e3o, no site e redes sociais oficiais do evento.<\/li>\n<\/ol>\n","protected":false},"excerpt":{"rendered":"","protected":false},"author":5,"featured_media":0,"parent":0,"menu_order":0,"comment_status":"closed","ping_status":"closed","template":"","meta":{"footnotes":""},"class_list":["post-37","page","type-page","status-publish","hentry"],"_links":{"self":[{"href":"https:\/\/bs.xl.pt\/splash-seixal\/wp-json\/wp\/v2\/pages\/37","targetHints":{"allow":["GET"]}}],"collection":[{"href":"https:\/\/bs.xl.pt\/splash-seixal\/wp-json\/wp\/v2\/pages"}],"about":[{"href":"https:\/\/bs.xl.pt\/splash-seixal\/wp-json\/wp\/v2\/types\/page"}],"author":[{"embeddable":true,"href":"https:\/\/bs.xl.pt\/splash-seixal\/wp-json\/wp\/v2\/users\/5"}],"replies":[{"embeddable":true,"href":"https:\/\/bs.xl.pt\/splash-seixal\/wp-json\/wp\/v2\/comments?post=37"}],"version-history":[{"count":6,"href":"https:\/\/bs.xl.pt\/splash-seixal\/wp-json\/wp\/v2\/pages\/37\/revisions"}],"predecessor-version":[{"id":441,"href":"https:\/\/bs.xl.pt\/splash-seixal\/wp-json\/wp\/v2\/pages\/37\/revisions\/441"}],"wp:attachment":[{"href":"https:\/\/bs.xl.pt\/splash-seixal\/wp-json\/wp\/v2\/media?parent=37"}],"curies":[{"name":"wp","href":"https:\/\/api.w.org\/{rel}","templated":true}]}}