{"id":16090,"date":"2023-09-22T14:52:18","date_gmt":"2023-09-22T13:52:18","guid":{"rendered":"https:\/\/bs.xl.pt\/sustentabilidade-2030\/?page_id=16090"},"modified":"2025-11-25T15:08:59","modified_gmt":"2025-11-25T15:08:59","slug":"conferencias-2022-23","status":"publish","type":"page","link":"https:\/\/bs.xl.pt\/sustentabilidade-2030\/conferencias-2022-23\/","title":{"rendered":"Confer\u00eancias 2022\/23"},"content":{"rendered":"\n<div class=\"wp-block-group\"><div class=\"wp-block-group__inner-container is-layout-flow wp-block-group-is-layout-flow\">\n<h3 class=\"wp-block-heading uk-margin-remove-bottom\">Neg\u00f3cios Sustentabilidade 20|30<\/h3>\n<\/div><\/div>\n\n\n\n<div class=\"wp-block-group\"><div class=\"wp-block-group__inner-container is-layout-flow wp-block-group-is-layout-flow\">\n<div class=\"wp-block-group\"><div class=\"wp-block-group__inner-container is-layout-flow wp-block-group-is-layout-flow\">\n<h4 class=\"wp-block-heading\">O amanh\u00e3 debate-se hoje<\/h4>\n\n\n\n<p>O Jornal de Neg\u00f3cios lan\u00e7ou, em 2020, o maior ciclo de Talks e de conte\u00fados editoriais em Portugal em mat\u00e9rias de Sustentabilidade, divulgando o os desafios e as boas pr\u00e1ticas nas diferentes \u00e1reas:&nbsp;<strong>environment<\/strong>,&nbsp;<strong>social<\/strong>&nbsp;e&nbsp;<strong><em>governance<\/em><\/strong>.<\/p>\n\n\n\n<p>A terceira edi\u00e7\u00e3o desta iniciativa, em 2022, arranca com uma ambi\u00e7\u00e3o refor\u00e7ada, com mais informa\u00e7\u00e3o e uma aposta em novos formatos de discuss\u00e3o.<\/p>\n<\/div><\/div>\n<\/div><\/div>\n\n\n\n<div class=\"wp-block-group\"><div class=\"wp-block-group__inner-container is-layout-flow wp-block-group-is-layout-flow\">\n<div class=\"wp-block-group\"><div class=\"wp-block-group__inner-container is-layout-flow wp-block-group-is-layout-flow\">\n<p>A edi\u00e7\u00e3o 2021 contou com:<\/p>\n\n\n\n<ul class=\"wp-block-list\">\n<li><strong>7 Talks<\/strong> sobre Sustentabilidade<\/li>\n\n\n\n<li>Mais de <strong>48 Speakers<\/strong>, entre comiss\u00e1rios europeus e outros governantes, CEO de empresas e os maiores especialistas nas v\u00e1rias vertentes ESG<\/li>\n\n\n\n<li>Mais de <strong>200 not\u00edcias<\/strong> e outros conte\u00fados<\/li>\n\n\n\n<li>Mais de <strong>4 Milh\u00f5es de visualiza\u00e7\u00f5es<\/strong> dos v\u00e1rios conte\u00fados<\/li>\n\n\n\n<li>Alto Patroc\u00ednio da <strong>Presid\u00eancia da Rep\u00fablica<\/strong><\/li>\n<\/ul>\n<\/div><\/div>\n<\/div><\/div>\n\n\n\n<div class=\"wp-block-group\"><div class=\"wp-block-group__inner-container is-layout-constrained wp-block-group-is-layout-constrained\">\n<h4 class=\"wp-block-heading\">V\u00eddeo Resumo<\/h4>\n\n\n\n<p>Reveja aqui os melhores momentos da <strong>3\u00aa edi\u00e7\u00e3o<\/strong> (2022\/23) neste resumo.<\/p>\n\n\n<div class=\"uk-margin-medium\"><iframe width=\"1280\" height=\"720\" src=\"\/\/www.youtube.com\/embed\/O04bUt2t-YY?showinfo=0\" frameborder=\"0\" allowfullscreen data-uk-responsive loading=\"lazy\" referrerpolicy=\"no-referrer-when-downgrade\" title=\"\"><\/iframe><\/div>\n<\/div><\/div>\n","protected":false},"excerpt":{"rendered":"<p>Neg\u00f3cios Sustentabilidade 20|30 O amanh\u00e3 debate-se hoje O Jornal de Neg\u00f3cios lan\u00e7ou, em 2020, o maior ciclo de Talks e de conte\u00fados editoriais em Portugal em mat\u00e9rias de Sustentabilidade, divulgando o os desafios e as boas pr\u00e1ticas nas diferentes \u00e1reas:&nbsp;environment,&nbsp;social&nbsp;e&nbsp;governance. A terceira edi\u00e7\u00e3o desta iniciativa, em 2022, arranca com uma ambi\u00e7\u00e3o refor\u00e7ada, com mais informa\u00e7\u00e3o [&hellip;]<\/p>\n","protected":false},"author":29,"featured_media":0,"parent":0,"menu_order":0,"comment_status":"closed","ping_status":"closed","template":"page_for-conferencias.php","meta":{"footnotes":""},"tags":[250],"class_list":["post-16090","page","type-page","status-publish","hentry","tag-edicao-2022-23"],"_links":{"self":[{"href":"https:\/\/bs.xl.pt\/sustentabilidade-2030\/wp-json\/wp\/v2\/pages\/16090","targetHints":{"allow":["GET"]}}],"collection":[{"href":"https:\/\/bs.xl.pt\/sustentabilidade-2030\/wp-json\/wp\/v2\/pages"}],"about":[{"href":"https:\/\/bs.xl.pt\/sustentabilidade-2030\/wp-json\/wp\/v2\/types\/page"}],"author":[{"embeddable":true,"href":"https:\/\/bs.xl.pt\/sustentabilidade-2030\/wp-json\/wp\/v2\/users\/29"}],"replies":[{"embeddable":true,"href":"https:\/\/bs.xl.pt\/sustentabilidade-2030\/wp-json\/wp\/v2\/comments?post=16090"}],"version-history":[{"count":3,"href":"https:\/\/bs.xl.pt\/sustentabilidade-2030\/wp-json\/wp\/v2\/pages\/16090\/revisions"}],"predecessor-version":[{"id":24726,"href":"https:\/\/bs.xl.pt\/sustentabilidade-2030\/wp-json\/wp\/v2\/pages\/16090\/revisions\/24726"}],"wp:attachment":[{"href":"https:\/\/bs.xl.pt\/sustentabilidade-2030\/wp-json\/wp\/v2\/media?parent=16090"}],"wp:term":[{"taxonomy":"post_tag","embeddable":true,"href":"https:\/\/bs.xl.pt\/sustentabilidade-2030\/wp-json\/wp\/v2\/tags?post=16090"}],"curies":[{"name":"wp","href":"https:\/\/api.w.org\/{rel}","templated":true}]}}