{"id":19834,"date":"2024-09-17T11:33:07","date_gmt":"2024-09-17T10:33:07","guid":{"rendered":"https:\/\/bs.xl.pt\/sustentabilidade-2030\/?page_id=19834"},"modified":"2025-11-25T15:08:50","modified_gmt":"2025-11-25T15:08:50","slug":"conferencias-2023-24","status":"publish","type":"page","link":"https:\/\/bs.xl.pt\/sustentabilidade-2030\/conferencias-2023-24\/","title":{"rendered":"Confer\u00eancias 2023\/24"},"content":{"rendered":"\n<div class=\"wp-block-group\"><div class=\"wp-block-group__inner-container is-layout-flow wp-block-group-is-layout-flow\">\n<h3 class=\"wp-block-heading uk-margin-remove-bottom\">Neg\u00f3cios Sustentabilidade 20|30<\/h3>\n<\/div><\/div>\n\n\n\n<div class=\"wp-block-group\"><div class=\"wp-block-group__inner-container is-layout-flow wp-block-group-is-layout-flow\">\n<div class=\"wp-block-group\"><div class=\"wp-block-group__inner-container is-layout-flow wp-block-group-is-layout-flow\">\n<h4 class=\"wp-block-heading\">O amanh\u00e3 debate-se hoje<\/h4>\n\n\n\n<p>O Jornal de Neg\u00f3cios lan\u00e7ou, em 2020, o maior ciclo de Talks e de conte\u00fados editoriais em Portugal em mat\u00e9rias de Sustentabilidade, divulgando o os desafios e as boas pr\u00e1ticas nas diferentes \u00e1reas:&nbsp;<strong>environment<\/strong>,&nbsp;<strong>social<\/strong>&nbsp;e&nbsp;<strong><em>governance<\/em><\/strong>.<\/p>\n\n\n\n<p>A quarta edi\u00e7\u00e3o desta iniciativa, em 2023, arranca com uma ambi\u00e7\u00e3o refor\u00e7ada, com mais informa\u00e7\u00e3o e uma aposta em novos formatos de discuss\u00e3o.<\/p>\n<\/div><\/div>\n<\/div><\/div>\n\n\n\n<div class=\"wp-block-group\"><div class=\"wp-block-group__inner-container is-layout-flow wp-block-group-is-layout-flow\">\n<div class=\"wp-block-group\"><div class=\"wp-block-group__inner-container is-layout-flow wp-block-group-is-layout-flow\">\n<p>As ultimas edi\u00e7\u00f5es contaram com:<\/p>\n\n\n\n<ul class=\"wp-block-list\">\n<li>Mais de <strong><strong>20 confer\u00eancias e talks<\/strong><\/strong>&nbsp;sobre Sustentabilidade<\/li>\n\n\n\n<li>Mais de&nbsp;<strong>200 Speakers<\/strong>, entre comiss\u00e1rios europeus e outros governantes, CEO de empresas e os maiores especialistas nas v\u00e1rias vertentes ESG<\/li>\n\n\n\n<li>Mais de&nbsp;<strong>200 not\u00edcias<\/strong>&nbsp;e outros conte\u00fados<\/li>\n\n\n\n<li>Mais de&nbsp;<strong>4 Milh\u00f5es de visualiza\u00e7\u00f5es<\/strong>&nbsp;dos v\u00e1rios conte\u00fados<\/li>\n\n\n\n<li>Alto Patroc\u00ednio da&nbsp;<strong>Presid\u00eancia da Rep\u00fablica<\/strong><\/li>\n<\/ul>\n<\/div><\/div>\n<\/div><\/div>\n\n\n<section class=\"featured-video uk-section\">\r\n  <div class=\"uk-container uk-container-large\">\r\n    <div data-uk-grid>\r\n      <div class=\"uk-width-1-1 uk-width-1-3@s uk-width-1-4@m\">\r\n        <div class=\"section-label\">\r\n  <h4 class=\"text-category\">V\u00eddeo<\/h4>\r\n<\/div>\r\n        <h2>Entrevista de vida a Carlos Moreira da Silva<\/h2>\r\n        <p>Gestor, empres\u00e1rio, investidor, cidad\u00e3o, Carlos Moreira da Silva marca o lan\u00e7amento da quarta edi\u00e7\u00e3o da iniciativa Neg\u00f3cios Sustentabilidade 20|30.<\/p>\n<p>Uma entrevista de vida conduzida pela diretora do Jornal de Neg\u00f3cios Diana Ramos e pela curadora do projeto Helena Garrido.<\/p>\n      <\/div>\r\n      <div class=\"uk-width-1-1 uk-width-expand@s\">\r\n        <iframe width=\"1920\" height=\"1080\" src=\"https:\/\/www.youtube.com\/embed\/ZoI73LCFV9A\" title=\"YouTube Video\" frameborder=\"0\" allow=\"accelerometer; autoplay; encrypted-media; gyroscope; picture-in-picture\" allowfullscreen data-uk-responsive data-uk-video=\"autoplay: false\" loading=\"lazy\" referrerpolicy=\"no-referrer-when-downgrade\"><\/iframe>\r\n      <\/div>\r\n    <\/div>\r\n  <\/div>\r\n<\/section>\r\n","protected":false},"excerpt":{"rendered":"<p>Neg\u00f3cios Sustentabilidade 20|30 O amanh\u00e3 debate-se hoje O Jornal de Neg\u00f3cios lan\u00e7ou, em 2020, o maior ciclo de Talks e de conte\u00fados editoriais em Portugal em mat\u00e9rias de Sustentabilidade, divulgando o os desafios e as boas pr\u00e1ticas nas diferentes \u00e1reas:&nbsp;environment,&nbsp;social&nbsp;e&nbsp;governance. A quarta edi\u00e7\u00e3o desta iniciativa, em 2023, arranca com uma ambi\u00e7\u00e3o refor\u00e7ada, com mais informa\u00e7\u00e3o [&hellip;]<\/p>\n","protected":false},"author":29,"featured_media":0,"parent":0,"menu_order":0,"comment_status":"closed","ping_status":"closed","template":"page_for-conferencias.php","meta":{"footnotes":""},"tags":[340],"class_list":["post-19834","page","type-page","status-publish","hentry","tag-edicao-2023-34"],"_links":{"self":[{"href":"https:\/\/bs.xl.pt\/sustentabilidade-2030\/wp-json\/wp\/v2\/pages\/19834","targetHints":{"allow":["GET"]}}],"collection":[{"href":"https:\/\/bs.xl.pt\/sustentabilidade-2030\/wp-json\/wp\/v2\/pages"}],"about":[{"href":"https:\/\/bs.xl.pt\/sustentabilidade-2030\/wp-json\/wp\/v2\/types\/page"}],"author":[{"embeddable":true,"href":"https:\/\/bs.xl.pt\/sustentabilidade-2030\/wp-json\/wp\/v2\/users\/29"}],"replies":[{"embeddable":true,"href":"https:\/\/bs.xl.pt\/sustentabilidade-2030\/wp-json\/wp\/v2\/comments?post=19834"}],"version-history":[{"count":2,"href":"https:\/\/bs.xl.pt\/sustentabilidade-2030\/wp-json\/wp\/v2\/pages\/19834\/revisions"}],"predecessor-version":[{"id":24723,"href":"https:\/\/bs.xl.pt\/sustentabilidade-2030\/wp-json\/wp\/v2\/pages\/19834\/revisions\/24723"}],"wp:attachment":[{"href":"https:\/\/bs.xl.pt\/sustentabilidade-2030\/wp-json\/wp\/v2\/media?parent=19834"}],"wp:term":[{"taxonomy":"post_tag","embeddable":true,"href":"https:\/\/bs.xl.pt\/sustentabilidade-2030\/wp-json\/wp\/v2\/tags?post=19834"}],"curies":[{"name":"wp","href":"https:\/\/api.w.org\/{rel}","templated":true}]}}