{"id":24075,"date":"2025-09-23T16:03:21","date_gmt":"2025-09-23T15:03:21","guid":{"rendered":"https:\/\/bs.xl.pt\/sustentabilidade-2030\/?page_id=24075"},"modified":"2025-11-25T15:08:27","modified_gmt":"2025-11-25T15:08:27","slug":"conferencias","status":"publish","type":"page","link":"https:\/\/bs.xl.pt\/sustentabilidade-2030\/conferencias\/","title":{"rendered":"Confer\u00eancias"},"content":{"rendered":"\n<div class=\"wp-block-group\"><div class=\"wp-block-group__inner-container is-layout-flow wp-block-group-is-layout-flow\">\n<h3 class=\"wp-block-heading uk-margin-remove-bottom\">Neg\u00f3cios Sustentabilidade 20|30<\/h3>\n<\/div><\/div>\n\n\n\n<div class=\"wp-block-group\"><div class=\"wp-block-group__inner-container is-layout-flow wp-block-group-is-layout-flow\">\n<div class=\"wp-block-group\"><div class=\"wp-block-group__inner-container is-layout-flow wp-block-group-is-layout-flow\">\n<h4 class=\"wp-block-heading\">O amanh\u00e3 debate-se hoje<\/h4>\n\n\n\n<p>O Jornal de Neg\u00f3cios lan\u00e7ou, em 2020, o maior ciclo de Talks e de conte\u00fados editoriais em Portugal em mat\u00e9rias de Sustentabilidade, divulgando o os desafios e as boas pr\u00e1ticas nas diferentes \u00e1reas:&nbsp;<strong>environment<\/strong>,&nbsp;<strong>social<\/strong>&nbsp;e&nbsp;<strong><em>governance<\/em><\/strong>.<\/p>\n\n\n\n<p>A quinta edi\u00e7\u00e3o desta iniciativa, em 2024, arranca com uma ambi\u00e7\u00e3o refor\u00e7ada, com mais informa\u00e7\u00e3o e uma aposta em novos formatos de discuss\u00e3o.<\/p>\n<\/div><\/div>\n<\/div><\/div>\n\n\n\n<div class=\"wp-block-group\"><div class=\"wp-block-group__inner-container is-layout-flow wp-block-group-is-layout-flow\"><\/div><\/div>\n\n\n<section class=\"big-numbers uk-section\">\r\n  <div class=\"uk-container\">\r\n    <div class=\"uk-child-width-1-2 uk-child-width-1-5@m uk-grid-large\" data-uk-grid>\r\n      \r\n                <div class=\"big-number-item uk-text-center\">\r\n                          <div class=\"big-number-value uk-text-bold uk-text-large\">\r\n                + 27              <\/div>\r\n            \r\n                          <div class=\"big-number-title uk-text-uppercase uk-margin-small-top\">\r\n                Confer\u00eancias e Talks              <\/div>\r\n            \r\n                      <\/div>\r\n                  <div class=\"big-number-item uk-text-center\">\r\n                          <div class=\"big-number-value uk-text-bold uk-text-large\">\r\n                + 300              <\/div>\r\n            \r\n                          <div class=\"big-number-title uk-text-uppercase uk-margin-small-top\">\r\n                Oradores Nacionais              <\/div>\r\n            \r\n                      <\/div>\r\n                  <div class=\"big-number-item uk-text-center\">\r\n                          <div class=\"big-number-value uk-text-bold uk-text-large\">\r\n                + 17              <\/div>\r\n            \r\n                          <div class=\"big-number-title uk-text-uppercase uk-margin-small-top\">\r\n                Oradores Internacionais              <\/div>\r\n            \r\n                      <\/div>\r\n                  <div class=\"big-number-item uk-text-center\">\r\n                          <div class=\"big-number-value uk-text-bold uk-text-large\">\r\n                + 6M              <\/div>\r\n            \r\n                          <div class=\"big-number-title uk-text-uppercase uk-margin-small-top\">\r\n                P\u00fablico              <\/div>\r\n            \r\n                          <div class=\"big-number-desc uk-text-small uk-margin-small-top\">\r\n                Total de pessoas impactadas com publicidade              <\/div>\r\n                      <\/div>\r\n                  <div class=\"big-number-item uk-text-center\">\r\n                          <div class=\"big-number-value uk-text-bold uk-text-large\">\r\n                + 50%              <\/div>\r\n            \r\n                          <div class=\"big-number-title uk-text-uppercase uk-margin-small-top\">\r\n                Crescimento superior              <\/div>\r\n            \r\n                          <div class=\"big-number-desc uk-text-small uk-margin-small-top\">\r\n                de candidaturas, superando as 100              <\/div>\r\n                      <\/div>\r\n                  <div class=\"big-number-item uk-text-center\">\r\n                          <div class=\"big-number-value uk-text-bold uk-text-large\">\r\n                30              <\/div>\r\n            \r\n                          <div class=\"big-number-title uk-text-uppercase uk-margin-small-top\">\r\n                Especiais Editoriais              <\/div>\r\n            \r\n                      <\/div>\r\n                  <div class=\"big-number-item uk-text-center\">\r\n                          <div class=\"big-number-value uk-text-bold uk-text-large\">\r\n                + 2000              <\/div>\r\n            \r\n                          <div class=\"big-number-title uk-text-uppercase uk-margin-small-top\">\r\n                P\u00e1ginas              <\/div>\r\n            \r\n                          <div class=\"big-number-desc uk-text-small uk-margin-small-top\">\r\n                publicadas sobre Sustentabilidade              <\/div>\r\n                      <\/div>\r\n                  <div class=\"big-number-item uk-text-center\">\r\n                          <div class=\"big-number-value uk-text-bold uk-text-large\">\r\n                + 5M              <\/div>\r\n            \r\n                          <div class=\"big-number-title uk-text-uppercase uk-margin-small-top\">\r\n                Visualiza\u00e7\u00f5es              <\/div>\r\n            \r\n                          <div class=\"big-number-desc uk-text-small uk-margin-small-top\">\r\n                No Facebook e Site do Jornal de Neg\u00f3cios              <\/div>\r\n                      <\/div>\r\n                  <div class=\"big-number-item uk-text-center\">\r\n                          <div class=\"big-number-value uk-text-bold uk-text-large\">\r\n                + 490              <\/div>\r\n            \r\n                          <div class=\"big-number-title uk-text-uppercase uk-margin-small-top\">\r\n                Candidaturas              <\/div>\r\n            \r\n                          <div class=\"big-number-desc uk-text-small uk-margin-small-top\">\r\n                recebidas              <\/div>\r\n                      <\/div>\r\n        \r\n    <\/div>\r\n  <\/div>\r\n<\/section>\r\n\n\n\n<p><\/p>\n","protected":false},"excerpt":{"rendered":"<p>Neg\u00f3cios Sustentabilidade 20|30 O amanh\u00e3 debate-se hoje O Jornal de Neg\u00f3cios lan\u00e7ou, em 2020, o maior ciclo de Talks e de conte\u00fados editoriais em Portugal em mat\u00e9rias de Sustentabilidade, divulgando o os desafios e as boas pr\u00e1ticas nas diferentes \u00e1reas:&nbsp;environment,&nbsp;social&nbsp;e&nbsp;governance. A quinta edi\u00e7\u00e3o desta iniciativa, em 2024, arranca com uma ambi\u00e7\u00e3o refor\u00e7ada, com mais informa\u00e7\u00e3o [&hellip;]<\/p>\n","protected":false},"author":29,"featured_media":0,"parent":0,"menu_order":0,"comment_status":"closed","ping_status":"closed","template":"page_for-conferencias.php","meta":{"footnotes":""},"tags":[357],"class_list":["post-24075","page","type-page","status-publish","hentry","tag-edicao-2025-26"],"_links":{"self":[{"href":"https:\/\/bs.xl.pt\/sustentabilidade-2030\/wp-json\/wp\/v2\/pages\/24075","targetHints":{"allow":["GET"]}}],"collection":[{"href":"https:\/\/bs.xl.pt\/sustentabilidade-2030\/wp-json\/wp\/v2\/pages"}],"about":[{"href":"https:\/\/bs.xl.pt\/sustentabilidade-2030\/wp-json\/wp\/v2\/types\/page"}],"author":[{"embeddable":true,"href":"https:\/\/bs.xl.pt\/sustentabilidade-2030\/wp-json\/wp\/v2\/users\/29"}],"replies":[{"embeddable":true,"href":"https:\/\/bs.xl.pt\/sustentabilidade-2030\/wp-json\/wp\/v2\/comments?post=24075"}],"version-history":[{"count":15,"href":"https:\/\/bs.xl.pt\/sustentabilidade-2030\/wp-json\/wp\/v2\/pages\/24075\/revisions"}],"predecessor-version":[{"id":24711,"href":"https:\/\/bs.xl.pt\/sustentabilidade-2030\/wp-json\/wp\/v2\/pages\/24075\/revisions\/24711"}],"wp:attachment":[{"href":"https:\/\/bs.xl.pt\/sustentabilidade-2030\/wp-json\/wp\/v2\/media?parent=24075"}],"wp:term":[{"taxonomy":"post_tag","embeddable":true,"href":"https:\/\/bs.xl.pt\/sustentabilidade-2030\/wp-json\/wp\/v2\/tags?post=24075"}],"curies":[{"name":"wp","href":"https:\/\/api.w.org\/{rel}","templated":true}]}}