{"id":2426,"date":"2022-04-12T12:35:52","date_gmt":"2022-04-12T11:35:52","guid":{"rendered":"https:\/\/bs.xl.pt\/sustentabilidade-2030\/?page_id=2426"},"modified":"2023-06-20T09:42:26","modified_gmt":"2023-06-20T08:42:26","slug":"edicao-2021-22","status":"publish","type":"page","link":"https:\/\/bs.xl.pt\/sustentabilidade-2030\/vencedores\/edicao-2021-22\/","title":{"rendered":"Edi\u00e7\u00e3o 2021\/22"},"content":{"rendered":"\r\n<section id=\"page-section-1\" class=\"section-soft-gray\" style='padding-bottom:20px;padding-top:20px;'>\r\n    <div class=\"uk-section-small uk-container  uk-container-small\">\r\n        <h2 style='margin-bottom:40px;'> V\u00eddeo-Resumo <\/h2>                <div data-uk-grid class=\"uk-margin-top uk-grid-match uk-child-width-1-1 uk-child-width-1-1@s uk-flex uk-flex-center\" >\r\n                            <div>\r\n                    <h4 style=\"min-height:20px; margin:0;\">   <\/h4>\r\n                    <p style=\"margin: 5px 0 10px 0;\">   <\/p>\r\n                    <div style=\"min-height: 151px; aspect-ratio: 16 \/ 9; overflow: hidden;\"><div class=\"uk-margin-medium\"><iframe width=\"1280\" height=\"720\" src=\"\/\/www.youtube.com\/embed\/j6LIrdbkfsA?showinfo=0\" frameborder=\"0\" allowfullscreen data-uk-responsive loading=\"lazy\" referrerpolicy=\"no-referrer-when-downgrade\" title=\"\"><\/iframe><\/div><\/div>\r\n                <\/div>\r\n              \r\n        <\/div>\r\n    <\/div>\r\n\r\n    \r\n    <\/section>\r\n\r\n\r\n\n\n\r\n<section id=\"page-section-2\" class=\"section-white\" style='padding-bottom:20px;padding-top:20px;'>\r\n    <div class=\"uk-section-small uk-container  uk-container-small\">\r\n        <h2 style='margin-bottom:40px;'> Pr\u00e9mio Personalidade <\/h2>                <div data-uk-grid class=\"uk-margin-top uk-grid-match uk-child-width-1-1 uk-child-width-1-1@s uk-flex uk-flex-center\" >\r\n                            <div>\r\n                    <h4 style=\"min-height:20px; margin:0;\"> Vencedor <\/h4>\r\n                    <p style=\"margin: 5px 0 10px 0;\"> Cl\u00e1udia Azevedo <\/p>\r\n                    <div style=\"min-height: 151px; aspect-ratio: 16 \/ 9; overflow: hidden;\"><div class=\"uk-margin-medium\"><iframe width=\"1280\" height=\"720\" src=\"\/\/www.youtube.com\/embed\/Iwi3wECetOs?showinfo=0\" frameborder=\"0\" allowfullscreen data-uk-responsive loading=\"lazy\" referrerpolicy=\"no-referrer-when-downgrade\" title=\"\"><\/iframe><\/div><\/div>\r\n                <\/div>\r\n              \r\n        <\/div>\r\n    <\/div>\r\n\r\n    \r\n    <\/section>\r\n\r\n\r\n\n\n\r\n<section id=\"page-section-3\" class=\"section-soft-gray\" style='padding-bottom:20px;padding-top:20px;'>\r\n    <div class=\"uk-section-small uk-container  uk-container-small\">\r\n        <h2 style='margin-bottom:40px;'> Pr\u00e9mio Personalidade Titulo P\u00f3stumo <\/h2>                <div data-uk-grid class=\"uk-margin-top uk-grid-match uk-child-width-1-1 uk-child-width-1-1@s uk-flex uk-flex-center\" >\r\n                            <div>\r\n                    <h4 style=\"min-height:20px; margin:0;\"> Vencedor <\/h4>\r\n                    <p style=\"margin: 5px 0 10px 0;\"> Jorge Sampaio <\/p>\r\n                    <div style=\"min-height: 151px; aspect-ratio: 16 \/ 9; overflow: hidden;\"><div class=\"uk-inline\"><img decoding=\"async\" src=\"https:\/\/cdn.xl.pt\/bs\/uploads\/sites\/11\/2022\/04\/42882602-1600x900.jpg\" alt=\"Edi\u00e7\u00e3o 2021\/22 - Sustentabilidade 20|30\" loading=\"lazy\" \/><\/div><p class=\"uk-hidden@s uk-text-small uk-text-muted uk-margin-small-top uk-margin-medium-bottom uk-text-left\"><\/p><\/div>\r\n                <\/div>\r\n              \r\n        <\/div>\r\n    <\/div>\r\n\r\n    \r\n    <\/section>\r\n\r\n\r\n\n\n\r\n<section id=\"page-section-4\" class=\"section-white\" style='padding-bottom:20px;padding-top:20px;'>\r\n    <div class=\"uk-section-small uk-container  uk-container\">\r\n        <h2 style='margin-bottom:40px;'> Descarboniza\u00e7\u00e3o <\/h2>                <div data-uk-grid class=\"uk-margin-top uk-grid-match uk-child-width-1-1 uk-child-width-1-2@s uk-flex uk-flex-center\" >\r\n                            <div>\r\n                    <h4 style=\"min-height:20px; margin:0;\"> Vencedor <\/h4>\r\n                    <p style=\"margin: 5px 0 10px 0;\"> Pingo Doce <\/p>\r\n                    <div style=\"min-height: 151px; aspect-ratio: 16 \/ 9; overflow: hidden;\"><div class=\"uk-margin-medium\"><iframe width=\"1280\" height=\"720\" src=\"\/\/www.youtube.com\/embed\/bFKcPPA8cPk?showinfo=0\" frameborder=\"0\" allowfullscreen data-uk-responsive loading=\"lazy\" referrerpolicy=\"no-referrer-when-downgrade\" title=\"\"><\/iframe><\/div><\/div>\r\n                <\/div>\r\n                            <div>\r\n                    <h4 style=\"min-height:20px; margin:0;\"> Men\u00e7\u00e3o Honrosa <\/h4>\r\n                    <p style=\"margin: 5px 0 10px 0;\"> Arolla <\/p>\r\n                    <div style=\"min-height: 151px; aspect-ratio: 16 \/ 9; overflow: hidden;\"><div class=\"uk-inline\"><img decoding=\"async\" src=\"https:\/\/cdn.xl.pt\/bs\/uploads\/sites\/11\/2022\/04\/MH-Arolla-1600x900.jpg\" alt=\"Edi\u00e7\u00e3o 2021\/22 - Sustentabilidade 20|30\" loading=\"lazy\" \/><\/div><p class=\"uk-hidden@s uk-text-small uk-text-muted uk-margin-small-top uk-margin-medium-bottom uk-text-left\"><\/p><\/div>\r\n                <\/div>\r\n              \r\n        <\/div>\r\n    <\/div>\r\n\r\n    \r\n    <\/section>\r\n\r\n\r\n\n\n\r\n<section id=\"page-section-5\" class=\"section-soft-gray\" style='padding-bottom:20px;padding-top:20px;'>\r\n    <div class=\"uk-section-small uk-container  uk-container-xlarge\">\r\n        <h2 style='margin-bottom:40px;'> Economia Circular <\/h2>                <div data-uk-grid class=\"uk-margin-top uk-grid-match uk-child-width-1-1 uk-child-width-1-3@s uk-flex uk-flex-center\" >\r\n                            <div>\r\n                    <h4 style=\"min-height:20px; margin:0;\"> Vencedor <\/h4>\r\n                    <p style=\"margin: 5px 0 10px 0;\"> Grestel <\/p>\r\n                    <div style=\"min-height: 151px; aspect-ratio: 16 \/ 9; overflow: hidden;\"><div class=\"uk-margin-medium\"><iframe width=\"1280\" height=\"720\" src=\"\/\/www.youtube.com\/embed\/0f-HgyAqDY4?showinfo=0\" frameborder=\"0\" allowfullscreen data-uk-responsive loading=\"lazy\" referrerpolicy=\"no-referrer-when-downgrade\" title=\"\"><\/iframe><\/div><\/div>\r\n                <\/div>\r\n                            <div>\r\n                    <h4 style=\"min-height:20px; margin:0;\"> Men\u00e7\u00e3o Honrosa <\/h4>\r\n                    <p style=\"margin: 5px 0 10px 0;\"> CTT <\/p>\r\n                    <div style=\"min-height: 151px; aspect-ratio: 16 \/ 9; overflow: hidden;\"><div class=\"uk-inline\"><img decoding=\"async\" src=\"https:\/\/cdn.xl.pt\/bs\/uploads\/sites\/11\/2022\/04\/MH-CTT-1600x900.jpg\" alt=\"Edi\u00e7\u00e3o 2021\/22 - Sustentabilidade 20|30\" loading=\"lazy\" \/><\/div><p class=\"uk-hidden@s uk-text-small uk-text-muted uk-margin-small-top uk-margin-medium-bottom uk-text-left\"><\/p><\/div>\r\n                <\/div>\r\n                            <div>\r\n                    <h4 style=\"min-height:20px; margin:0;\"> Men\u00e7\u00e3o Honrosa <\/h4>\r\n                    <p style=\"margin: 5px 0 10px 0;\"> Maiambiente <\/p>\r\n                    <div style=\"min-height: 151px; aspect-ratio: 16 \/ 9; overflow: hidden;\"><div class=\"uk-inline\"><img decoding=\"async\" src=\"https:\/\/cdn.xl.pt\/bs\/uploads\/sites\/11\/2022\/04\/MH-Maiambiente-scaled.jpg\" alt=\"Edi\u00e7\u00e3o 2021\/22 - Sustentabilidade 20|30\" loading=\"lazy\" \/><\/div><p class=\"uk-hidden@s uk-text-small uk-text-muted uk-margin-small-top uk-margin-medium-bottom uk-text-left\"><\/p><\/div>\r\n                <\/div>\r\n              \r\n        <\/div>\r\n    <\/div>\r\n\r\n    \r\n    <\/section>\r\n\r\n\r\n\n\n\r\n<section id=\"page-section-6\" class=\"section-white\" style='padding-bottom:20px;padding-top:20px;'>\r\n    <div class=\"uk-section-small uk-container  uk-container\">\r\n        <h2 style='margin-bottom:40px;'> Preserva\u00e7\u00e3o do Capital Natural <\/h2>                <div data-uk-grid class=\"uk-margin-top uk-grid-match uk-child-width-1-1 uk-child-width-1-2@s uk-flex uk-flex-center\" >\r\n                            <div>\r\n                    <h4 style=\"min-height:20px; margin:0;\"> Vencedor <\/h4>\r\n                    <p style=\"margin: 5px 0 10px 0;\"> Sonae <\/p>\r\n                    <div style=\"min-height: 151px; aspect-ratio: 16 \/ 9; overflow: hidden;\"><div class=\"uk-margin-medium\"><iframe width=\"1280\" height=\"720\" src=\"\/\/www.youtube.com\/embed\/V05udeF0Ouo?showinfo=0\" frameborder=\"0\" allowfullscreen data-uk-responsive loading=\"lazy\" referrerpolicy=\"no-referrer-when-downgrade\" title=\"\"><\/iframe><\/div><\/div>\r\n                <\/div>\r\n                            <div>\r\n                    <h4 style=\"min-height:20px; margin:0;\"> Men\u00e7\u00e3o Honrosa <\/h4>\r\n                    <p style=\"margin: 5px 0 10px 0;\"> NBI <\/p>\r\n                    <div style=\"min-height: 151px; aspect-ratio: 16 \/ 9; overflow: hidden;\"><div class=\"uk-inline\"><img decoding=\"async\" src=\"https:\/\/cdn.xl.pt\/bs\/uploads\/sites\/11\/2022\/04\/MH-NBI-scaled.jpg\" alt=\"Edi\u00e7\u00e3o 2021\/22 - Sustentabilidade 20|30\" loading=\"lazy\" \/><\/div><p class=\"uk-hidden@s uk-text-small uk-text-muted uk-margin-small-top uk-margin-medium-bottom uk-text-left\"><\/p><\/div>\r\n                <\/div>\r\n              \r\n        <\/div>\r\n    <\/div>\r\n\r\n    \r\n    <\/section>\r\n\r\n\r\n\n\n\r\n<section id=\"page-section-7\" class=\"section-soft-gray\" style='padding-bottom:20px;padding-top:20px;'>\r\n    <div class=\"uk-section-small uk-container  uk-container-small\">\r\n        <h2 style='margin-bottom:40px;'> Igualdade e Diversidade <\/h2>                <div data-uk-grid class=\"uk-margin-top uk-grid-match uk-child-width-1-1 uk-child-width-1-1@s uk-flex uk-flex-center\" >\r\n                            <div>\r\n                    <h4 style=\"min-height:20px; margin:0;\"> Vencedor <\/h4>\r\n                    <p style=\"margin: 5px 0 10px 0;\"> BPI Funda\u00e7\u00e3o la Caixa <\/p>\r\n                    <div style=\"min-height: 151px; aspect-ratio: 16 \/ 9; overflow: hidden;\"><div class=\"uk-margin-medium\"><iframe width=\"1280\" height=\"720\" src=\"\/\/www.youtube.com\/embed\/WvcQCbeNE5c?showinfo=0\" frameborder=\"0\" allowfullscreen data-uk-responsive loading=\"lazy\" referrerpolicy=\"no-referrer-when-downgrade\" title=\"\"><\/iframe><\/div><\/div>\r\n                <\/div>\r\n              \r\n        <\/div>\r\n    <\/div>\r\n\r\n    \r\n    <\/section>\r\n\r\n\r\n\n\n\r\n<section id=\"page-section-8\" class=\"section-white\" style='padding-bottom:20px;padding-top:20px;'>\r\n    <div class=\"uk-section-small uk-container  uk-container-xlarge\">\r\n        <h2 style='margin-bottom:40px;'> Bem-Estar e Cidades Sustent\u00e1veis <\/h2>                <div data-uk-grid class=\"uk-margin-top uk-grid-match uk-child-width-1-1 uk-child-width-1-3@s uk-flex uk-flex-center\" >\r\n                            <div>\r\n                    <h4 style=\"min-height:20px; margin:0;\"> Vencedor <\/h4>\r\n                    <p style=\"margin: 5px 0 10px 0;\"> C\u00e2mara Municipal de Gaia <\/p>\r\n                    <div style=\"min-height: 151px; aspect-ratio: 16 \/ 9; overflow: hidden;\"><div class=\"uk-margin-medium\"><iframe width=\"1280\" height=\"720\" src=\"\/\/www.youtube.com\/embed\/G6R1TucVJqo?showinfo=0\" frameborder=\"0\" allowfullscreen data-uk-responsive loading=\"lazy\" referrerpolicy=\"no-referrer-when-downgrade\" title=\"\"><\/iframe><\/div><\/div>\r\n                <\/div>\r\n                            <div>\r\n                    <h4 style=\"min-height:20px; margin:0;\"> Men\u00e7\u00e3o Honrosa <\/h4>\r\n                    <p style=\"margin: 5px 0 10px 0;\"> Funda\u00e7\u00e3o Vodafone <\/p>\r\n                    <div style=\"min-height: 151px; aspect-ratio: 16 \/ 9; overflow: hidden;\"><div class=\"uk-inline\"><img decoding=\"async\" src=\"https:\/\/cdn.xl.pt\/bs\/uploads\/sites\/11\/2022\/04\/MH-Fundacao-Vodafone-1600x900.jpg\" alt=\"Edi\u00e7\u00e3o 2021\/22 - Sustentabilidade 20|30\" loading=\"lazy\" \/><\/div><p class=\"uk-hidden@s uk-text-small uk-text-muted uk-margin-small-top uk-margin-medium-bottom uk-text-left\"><\/p><\/div>\r\n                <\/div>\r\n                            <div>\r\n                    <h4 style=\"min-height:20px; margin:0;\"> Men\u00e7\u00e3o Honrosa <\/h4>\r\n                    <p style=\"margin: 5px 0 10px 0;\"> Sociedade Ponto Verde <\/p>\r\n                    <div style=\"min-height: 151px; aspect-ratio: 16 \/ 9; overflow: hidden;\"><div class=\"uk-margin-medium\"><iframe width=\"1280\" height=\"720\" src=\"\/\/www.youtube.com\/embed\/sA4EmVUPEQo?showinfo=0\" frameborder=\"0\" allowfullscreen data-uk-responsive loading=\"lazy\" referrerpolicy=\"no-referrer-when-downgrade\" title=\"\"><\/iframe><\/div><\/div>\r\n                <\/div>\r\n              \r\n        <\/div>\r\n    <\/div>\r\n\r\n    \r\n    <\/section>\r\n\r\n\r\n\n\n\r\n<section id=\"page-section-9\" class=\"section-soft-gray\" style='padding-bottom:20px;padding-top:20px;'>\r\n    <div class=\"uk-section-small uk-container  uk-container\">\r\n        <h2 style='margin-bottom:40px;'> Transforma\u00e7\u00e3o Digital <\/h2>                <div data-uk-grid class=\"uk-margin-top uk-grid-match uk-child-width-1-1 uk-child-width-1-2@s uk-flex uk-flex-center\" >\r\n                            <div>\r\n                    <h4 style=\"min-height:20px; margin:0;\"> Vencedor <\/h4>\r\n                    <p style=\"margin: 5px 0 10px 0;\"> SIBS <\/p>\r\n                    <div style=\"min-height: 151px; aspect-ratio: 16 \/ 9; overflow: hidden;\"><div class=\"uk-margin-medium\"><iframe width=\"1280\" height=\"720\" src=\"\/\/www.youtube.com\/embed\/YkGBNTGrvVw?showinfo=0\" frameborder=\"0\" allowfullscreen data-uk-responsive loading=\"lazy\" referrerpolicy=\"no-referrer-when-downgrade\" title=\"\"><\/iframe><\/div><\/div>\r\n                <\/div>\r\n                            <div>\r\n                    <h4 style=\"min-height:20px; margin:0;\"> Men\u00e7\u00e3o Honrosa <\/h4>\r\n                    <p style=\"margin: 5px 0 10px 0;\"> VeraCruz <\/p>\r\n                    <div style=\"min-height: 151px; aspect-ratio: 16 \/ 9; overflow: hidden;\"><div class=\"uk-margin-medium\"><iframe width=\"1280\" height=\"720\" src=\"\/\/www.youtube.com\/embed\/5SHGA3gU1oA?showinfo=0\" frameborder=\"0\" allowfullscreen data-uk-responsive loading=\"lazy\" referrerpolicy=\"no-referrer-when-downgrade\" title=\"\"><\/iframe><\/div><\/div>\r\n                <\/div>\r\n              \r\n        <\/div>\r\n    <\/div>\r\n\r\n    \r\n    <\/section>\r\n\r\n\r\n\n\n\r\n<section id=\"page-section-10\" class=\"section-white\" style='padding-bottom:20px;padding-top:20px;'>\r\n    <div class=\"uk-section-small uk-container  uk-container-small\">\r\n        <h2 style='margin-bottom:40px;'> Finan\u00e7as Sustent\u00e1veis <\/h2>                <div data-uk-grid class=\"uk-margin-top uk-grid-match uk-child-width-1-1 uk-child-width-1-1@s uk-flex uk-flex-center\" >\r\n                            <div>\r\n                    <h4 style=\"min-height:20px; margin:0;\"> Vencedores <\/h4>\r\n                    <p style=\"margin: 5px 0 10px 0;\"> Caixa Geral de Depositos <\/p>\r\n                    <div style=\"min-height: 151px; aspect-ratio: 16 \/ 9; overflow: hidden;\"><div class=\"uk-inline\"><img decoding=\"async\" src=\"https:\/\/cdn.xl.pt\/bs\/uploads\/sites\/11\/2022\/04\/Vencedor-CGD-1600x900.jpg\" alt=\"Edi\u00e7\u00e3o 2021\/22 - Sustentabilidade 20|30\" loading=\"lazy\" \/><\/div><p class=\"uk-hidden@s uk-text-small uk-text-muted uk-margin-small-top uk-margin-medium-bottom uk-text-left\"><\/p><\/div>\r\n                <\/div>\r\n              \r\n        <\/div>\r\n    <\/div>\r\n\r\n    \r\n    <\/section>\r\n\r\n\r\n\n\n\r\n<section id=\"page-section-11\" class=\"section-soft-gray\" style='padding-bottom:20px;padding-top:20px;'>\r\n    <div class=\"uk-section-small uk-container  uk-container-xlarge\">\r\n        <h2 style='margin-bottom:40px;'> Comunica\u00e7\u00e3o de Sustentabilidade Estrat\u00e9gia e Criatividade <\/h2>                <div data-uk-grid class=\"uk-margin-top uk-grid-match uk-child-width-1-1 uk-child-width-1-3@s uk-flex uk-flex-center\" >\r\n                            <div>\r\n                    <h4 style=\"min-height:20px; margin:0;\"> Vencedor <\/h4>\r\n                    <p style=\"margin: 5px 0 10px 0;\"> Jer\u00f3nimo Martins <\/p>\r\n                    <div style=\"min-height: 151px; aspect-ratio: 16 \/ 9; overflow: hidden;\"><div class=\"uk-inline\"><img decoding=\"async\" src=\"https:\/\/cdn.xl.pt\/bs\/uploads\/sites\/11\/2022\/04\/MH-Jeronimo-Martins-1600x900.jpg\" alt=\"Edi\u00e7\u00e3o 2021\/22 - Sustentabilidade 20|30\" loading=\"lazy\" \/><\/div><p class=\"uk-hidden@s uk-text-small uk-text-muted uk-margin-small-top uk-margin-medium-bottom uk-text-left\"><\/p><\/div>\r\n                <\/div>\r\n                            <div>\r\n                    <h4 style=\"min-height:20px; margin:0;\"> Men\u00e7\u00e3o Honrosa <\/h4>\r\n                    <p style=\"margin: 5px 0 10px 0;\"> EDP <\/p>\r\n                    <div style=\"min-height: 151px; aspect-ratio: 16 \/ 9; overflow: hidden;\"><div class=\"uk-inline\"><img decoding=\"async\" src=\"https:\/\/cdn.xl.pt\/bs\/uploads\/sites\/11\/2022\/04\/MH-EDP-1600x900.jpg\" alt=\"Edi\u00e7\u00e3o 2021\/22 - Sustentabilidade 20|30\" loading=\"lazy\" \/><\/div><p class=\"uk-hidden@s uk-text-small uk-text-muted uk-margin-small-top uk-margin-medium-bottom uk-text-left\"><\/p><\/div>\r\n                <\/div>\r\n                            <div>\r\n                    <h4 style=\"min-height:20px; margin:0;\"> Men\u00e7\u00e3o Honrosa <\/h4>\r\n                    <p style=\"margin: 5px 0 10px 0;\"> Novo Verde <\/p>\r\n                    <div style=\"min-height: 151px; aspect-ratio: 16 \/ 9; overflow: hidden;\"><div class=\"uk-inline\"><img decoding=\"async\" src=\"https:\/\/cdn.xl.pt\/bs\/uploads\/sites\/11\/2022\/04\/MH-Novo-Verde-1600x900.jpg\" alt=\"Edi\u00e7\u00e3o 2021\/22 - Sustentabilidade 20|30\" loading=\"lazy\" \/><\/div><p class=\"uk-hidden@s uk-text-small uk-text-muted uk-margin-small-top uk-margin-medium-bottom uk-text-left\"><\/p><\/div>\r\n                <\/div>\r\n              \r\n        <\/div>\r\n    <\/div>\r\n\r\n    \r\n    <\/section>\r\n\r\n\r\n","protected":false},"excerpt":{"rendered":"","protected":false},"author":5,"featured_media":0,"parent":1922,"menu_order":0,"comment_status":"closed","ping_status":"closed","template":"page_for-vencedores.php","meta":{"footnotes":""},"tags":[],"class_list":["post-2426","page","type-page","status-publish","hentry"],"_links":{"self":[{"href":"https:\/\/bs.xl.pt\/sustentabilidade-2030\/wp-json\/wp\/v2\/pages\/2426","targetHints":{"allow":["GET"]}}],"collection":[{"href":"https:\/\/bs.xl.pt\/sustentabilidade-2030\/wp-json\/wp\/v2\/pages"}],"about":[{"href":"https:\/\/bs.xl.pt\/sustentabilidade-2030\/wp-json\/wp\/v2\/types\/page"}],"author":[{"embeddable":true,"href":"https:\/\/bs.xl.pt\/sustentabilidade-2030\/wp-json\/wp\/v2\/users\/5"}],"replies":[{"embeddable":true,"href":"https:\/\/bs.xl.pt\/sustentabilidade-2030\/wp-json\/wp\/v2\/comments?post=2426"}],"version-history":[{"count":41,"href":"https:\/\/bs.xl.pt\/sustentabilidade-2030\/wp-json\/wp\/v2\/pages\/2426\/revisions"}],"predecessor-version":[{"id":15346,"href":"https:\/\/bs.xl.pt\/sustentabilidade-2030\/wp-json\/wp\/v2\/pages\/2426\/revisions\/15346"}],"up":[{"embeddable":true,"href":"https:\/\/bs.xl.pt\/sustentabilidade-2030\/wp-json\/wp\/v2\/pages\/1922"}],"wp:attachment":[{"href":"https:\/\/bs.xl.pt\/sustentabilidade-2030\/wp-json\/wp\/v2\/media?parent=2426"}],"wp:term":[{"taxonomy":"post_tag","embeddable":true,"href":"https:\/\/bs.xl.pt\/sustentabilidade-2030\/wp-json\/wp\/v2\/tags?post=2426"}],"curies":[{"name":"wp","href":"https:\/\/api.w.org\/{rel}","templated":true}]}}