{"id":24822,"date":"2025-11-28T10:35:03","date_gmt":"2025-11-28T10:35:03","guid":{"rendered":"https:\/\/bs.xl.pt\/sustentabilidade-2030\/?page_id=24822"},"modified":"2025-11-28T10:35:04","modified_gmt":"2025-11-28T10:35:04","slug":"formulario-grande-conferencia","status":"publish","type":"page","link":"https:\/\/bs.xl.pt\/sustentabilidade-2030\/formulario-grande-conferencia\/","title":{"rendered":"Formul\u00e1rio Grande Confer\u00eancia"},"content":{"rendered":"<script type=\"text\/javascript\">var gform;gform||(document.addEventListener(\"gform_main_scripts_loaded\",function(){gform.scriptsLoaded=!0}),document.addEventListener(\"gform\/theme\/scripts_loaded\",function(){gform.themeScriptsLoaded=!0}),window.addEventListener(\"DOMContentLoaded\",function(){gform.domLoaded=!0}),gform={domLoaded:!1,scriptsLoaded:!1,themeScriptsLoaded:!1,isFormEditor:()=>\"function\"==typeof InitializeEditor,callIfLoaded:function(o){return!(!gform.domLoaded||!gform.scriptsLoaded||!gform.themeScriptsLoaded&&!gform.isFormEditor()||(gform.isFormEditor()&&console.warn(\"The use of gform.initializeOnLoaded() is deprecated in the form editor context and will be removed in Gravity Forms 3.1.\"),o(),0))},initializeOnLoaded:function(o){gform.callIfLoaded(o)||(document.addEventListener(\"gform_main_scripts_loaded\",()=>{gform.scriptsLoaded=!0,gform.callIfLoaded(o)}),document.addEventListener(\"gform\/theme\/scripts_loaded\",()=>{gform.themeScriptsLoaded=!0,gform.callIfLoaded(o)}),window.addEventListener(\"DOMContentLoaded\",()=>{gform.domLoaded=!0,gform.callIfLoaded(o)}))},hooks:{action:{},filter:{}},addAction:function(o,r,e,t){gform.addHook(\"action\",o,r,e,t)},addFilter:function(o,r,e,t){gform.addHook(\"filter\",o,r,e,t)},doAction:function(o){gform.doHook(\"action\",o,arguments)},applyFilters:function(o){return gform.doHook(\"filter\",o,arguments)},removeAction:function(o,r){gform.removeHook(\"action\",o,r)},removeFilter:function(o,r,e){gform.removeHook(\"filter\",o,r,e)},addHook:function(o,r,e,t,n){null==gform.hooks[o][r]&&(gform.hooks[o][r]=[]);var d=gform.hooks[o][r];null==n&&(n=r+\"_\"+d.length),gform.hooks[o][r].push({tag:n,callable:e,priority:t=null==t?10:t})},doHook:function(r,o,e){var t;if(e=Array.prototype.slice.call(e,1),null!=gform.hooks[r][o]&&((o=gform.hooks[r][o]).sort(function(o,r){return o.priority-r.priority}),o.forEach(function(o){\"function\"!=typeof(t=o.callable)&&(t=window[t]),\"action\"==r?t.apply(null,e):e[0]=t.apply(null,e)})),\"filter\"==r)return e[0]},removeHook:function(o,r,t,n){var e;null!=gform.hooks[o][r]&&(e=(e=gform.hooks[o][r]).filter(function(o,r,e){return!!(null!=n&&n!=o.tag||null!=t&&t!=o.priority)}),gform.hooks[o][r]=e)}});<\/script>\n                <div class='gf_browser_gecko gform_wrapper gravity-theme gform-theme--no-framework' data-form-theme='gravity-theme' data-form-index='0' id='gform_wrapper_282' >\n                        <div class='gform_heading'>\n                            <h2 class=\"gform_title\">2025\/26 | Confirma\u00e7\u00e3o de Presen\u00e7as | Grande Confer\u00eancia<\/h2>\n                            <p class='gform_description'>Este formul\u00e1rio \u00e9 referente \u00e0 Grande Confer\u00eancia, a realizar no dia 21 de maio de 2026, \u00e0s 09h00, na Nova SBE.<\/p>\n                        <\/div><form method='post' enctype='multipart\/form-data'  id='gform_282'  action='\/sustentabilidade-2030\/wp-json\/wp\/v2\/pages\/24822' data-formid='282' novalidate><div class='gf_invisible ginput_recaptchav3' data-sitekey='6LdpPZ8hAAAAAEIQu9hRyGw0RyIhqri-zul097c9' data-tabindex='0'><input id=\"input_a9e7ccef35ae8f1ceb1ca26c800b89a8\" class=\"gfield_recaptcha_response\" type=\"hidden\" name=\"input_a9e7ccef35ae8f1ceb1ca26c800b89a8\" value=\"\"\/><\/div>\n                        <div class='gform-body gform_body'><div id='gform_fields_282' class='gform_fields top_label form_sublabel_below description_below validation_below'><div id=\"field_282_1\" class=\"gfield gfield--type-text gfield--input-type-text gfield_contains_required field_sublabel_below gfield--no-description field_description_below field_validation_below gfield_visibility_visible\"  data-js-reload=\"field_282_1\" ><label class='gfield_label gform-field-label' for='input_282_1'>Nome<span class=\"gfield_required\"><span class=\"gfield_required gfield_required_text\">(Obrigat\u00f3rio)<\/span><\/span><\/label><div class='ginput_container ginput_container_text'><input name='input_1' id='input_282_1' type='text' value='' class='large'     aria-required=\"true\" aria-invalid=\"false\"   \/><\/div><\/div><div id=\"field_282_2\" class=\"gfield gfield--type-text gfield--input-type-text gfield--width-full gfield_contains_required field_sublabel_below gfield--no-description field_description_below field_validation_below gfield_visibility_visible\"  data-js-reload=\"field_282_2\" ><label class='gfield_label gform-field-label' for='input_282_2'>Cargo<span class=\"gfield_required\"><span class=\"gfield_required gfield_required_text\">(Obrigat\u00f3rio)<\/span><\/span><\/label><div class='ginput_container ginput_container_text'><input name='input_2' id='input_282_2' type='text' value='' class='large'     aria-required=\"true\" aria-invalid=\"false\"   \/><\/div><\/div><div id=\"field_282_3\" class=\"gfield gfield--type-text gfield--input-type-text gfield--width-full gfield_contains_required field_sublabel_below gfield--no-description field_description_below field_validation_below gfield_visibility_visible\"  data-js-reload=\"field_282_3\" ><label class='gfield_label gform-field-label' for='input_282_3'>Empresa<span class=\"gfield_required\"><span class=\"gfield_required gfield_required_text\">(Obrigat\u00f3rio)<\/span><\/span><\/label><div class='ginput_container ginput_container_text'><input name='input_3' id='input_282_3' type='text' value='' class='large'     aria-required=\"true\" aria-invalid=\"false\"   \/><\/div><\/div><fieldset id=\"field_282_4\" class=\"gfield gfield--type-email gfield--input-type-email gfield_contains_required field_sublabel_below gfield--no-description field_description_below field_validation_below gfield_visibility_visible\"  data-js-reload=\"field_282_4\" ><legend class='gfield_label gform-field-label gfield_label_before_complex' >Email<span class=\"gfield_required\"><span class=\"gfield_required gfield_required_text\">(Obrigat\u00f3rio)<\/span><\/span><\/legend><div class='ginput_complex ginput_container ginput_container_email gform-grid-row' id='input_282_4_container'>\n                                <span id='input_282_4_1_container' class='ginput_left gform-grid-col gform-grid-col--size-auto'>\n                                    <input class='' type='email' name='input_4' id='input_282_4' value=''    aria-required=\"true\" aria-invalid=\"false\"  \/>\n                                    <label for='input_282_4' class='gform-field-label gform-field-label--type-sub '>Inserir o email<\/label>\n                                <\/span>\n                                <span id='input_282_4_2_container' class='ginput_right gform-grid-col gform-grid-col--size-auto'>\n                                    <input class='' type='email' name='input_4_2' id='input_282_4_2' value=''    aria-required=\"true\" aria-invalid=\"false\"  \/>\n                                    <label for='input_282_4_2' class='gform-field-label gform-field-label--type-sub '>Confirmar email<\/label>\n                                <\/span>\n                                <div class='gf_clear gf_clear_complex'><\/div>\n                            <\/div><\/fieldset><fieldset id=\"field_282_20\" class=\"gfield gfield--type-radio gfield--type-choice gfield--input-type-radio gfield--width-full field_sublabel_below gfield--no-description field_description_below field_validation_below gfield_visibility_visible\"  data-js-reload=\"field_282_20\" ><legend class='gfield_label gform-field-label' >Hor\u00e1rio<\/legend><div class='ginput_container ginput_container_radio'><div class='gfield_radio' id='input_282_20'>\n\t\t\t<div class='gchoice gchoice_282_20_0'>\n\t\t\t\t\t<input class='gfield-choice-input' name='input_20' type='radio' value='Manh\u00e3'  id='choice_282_20_0' onchange='gformToggleRadioOther( this )'    \/>\n\t\t\t\t\t<label for='choice_282_20_0' id='label_282_20_0' class='gform-field-label gform-field-label--type-inline'>Manh\u00e3<\/label>\n\t\t\t<\/div>\n\t\t\t<div class='gchoice gchoice_282_20_1'>\n\t\t\t\t\t<input class='gfield-choice-input' name='input_20' type='radio' value='Tarde'  id='choice_282_20_1' onchange='gformToggleRadioOther( this )'    \/>\n\t\t\t\t\t<label for='choice_282_20_1' id='label_282_20_1' class='gform-field-label gform-field-label--type-inline'>Tarde<\/label>\n\t\t\t<\/div>\n\t\t\t<div class='gchoice gchoice_282_20_2'>\n\t\t\t\t\t<input class='gfield-choice-input' name='input_20' type='radio' value='Todo o dia'  id='choice_282_20_2' onchange='gformToggleRadioOther( this )'    \/>\n\t\t\t\t\t<label for='choice_282_20_2' id='label_282_20_2' class='gform-field-label gform-field-label--type-inline'>Todo o dia<\/label>\n\t\t\t<\/div><\/div><\/div><\/fieldset><fieldset id=\"field_282_17\" class=\"gfield gfield--type-consent gfield--type-choice gfield--input-type-consent gfield--width-full field_sublabel_below gfield--no-description field_description_below field_validation_below gfield_visibility_visible\"  data-js-reload=\"field_282_17\" ><legend class='gfield_label gform-field-label gfield_label_before_complex' >Consentimento<\/legend><div class='ginput_container ginput_container_consent'><input name='input_17.1' id='input_282_17_1' type='checkbox' value='1'    aria-invalid=\"false\"   \/> <label class=\"gform-field-label gform-field-label--type-inline gfield_consent_label\" for='input_282_17_1' >Autorizo expressamente o tratamento dos meus dados pessoais para efeito de comunica\u00e7\u00f5es de marketing da Medialivre S.A. e das entidades parceiras, atrav\u00e9s de telefone, email, sms e correio postal.<\/label><input type='hidden' name='input_17.2' value='Autorizo expressamente o tratamento dos meus dados pessoais para efeito de comunica\u00e7\u00f5es de marketing da Medialivre S.A. e das entidades parceiras, atrav\u00e9s de telefone, email, sms e correio postal.' class='gform_hidden' \/><input type='hidden' name='input_17.3' value='102' class='gform_hidden' \/><\/div><\/fieldset><div id=\"field_282_6\" class=\"gfield gfield--type-html gfield--input-type-html gfield--width-full gfield_html gfield_html_formatted gfield_no_follows_desc field_sublabel_below gfield--no-description field_description_below field_validation_below gfield_visibility_visible\"  data-js-reload=\"field_282_6\" ><p class=\"uk-text-small\">Informamos que a Medialivre S.A. poder\u00e1 recolher imagens dos oradores, participantes e de quem se encontrar na plateia a assistir ao evento.  As referidas imagens podem ser utilizadas para efeitos informativos, bem como, para promo\u00e7\u00e3o comercial ou marketing dos promotores e parceiros do evento. Ao inscrever-se para assistir ao evento, est\u00e1 a declarar que reconhece e aceita que a sua imagem pode vir a ser recolhida e utilizada nos termos e para as finalidades acima referidas.<\/p><\/div><\/div><\/div>\n        <div class='gform-footer gform_footer top_label'> <input type='submit' id='gform_submit_button_282' class='gform_button button' onclick='gform.submission.handleButtonClick(this)' value='Submeter'  \/> \n            <input type='hidden' class='gform_hidden' name='gform_submission_method' data-js='gform_submission_method_282' value='postback' \/>\n            <input type='hidden' class='gform_hidden' name='is_submit_282' value='1' \/>\n            <input type='hidden' class='gform_hidden' name='gform_submit' value='282' \/>\n            \n            <input type='hidden' class='gform_hidden' name='gform_unique_id' value='' \/>\n            <input type='hidden' class='gform_hidden' name='state_282' value='WyJ7XCIyMFwiOltcImMwNzI3YWNiNjRiOWZmZWM0MDVkYzE5ZDQyY2VkNGVhXCIsXCI0NGNlNTFjYzhjMGMzYTc4ZWRlYTA4NGQwNjY2ZmNjZlwiLFwiNmM5YjNmZGM1YzMwYjIxOWQ0M2U2YjA3OTlhYzZkODhcIl0sXCIxNy4xXCI6XCIzMTkyNjZmNTEyOGM5MGQ5Mjk4ZTQ4YjQwMTQ2MTk2N1wiLFwiMTcuMlwiOlwiNjhlNzhjMTg1YTdmNThjODYzYWYxOGE3Y2E5ZWJlMDhcIixcIjE3LjNcIjpcImU1ZGI1NjYwZmFmYWZlN2ZmYmRjODgzMWJkOWI1ZjNiXCJ9IiwiMjYyMmY0MTg3OTA4ZjE3NzYyYWYzZTMxNTdmNDYxNWQiXQ==' \/>\n            <input type='hidden' autocomplete='off' class='gform_hidden' name='gform_target_page_number_282' id='gform_target_page_number_282' value='0' \/>\n            <input type='hidden' autocomplete='off' class='gform_hidden' name='gform_source_page_number_282' id='gform_source_page_number_282' value='1' \/>\n            <input type='hidden' name='gform_field_values' value='' \/>\n            \n        <\/div>\n                        <\/form>\n                        <\/div><script type=\"text\/javascript\">\n\/* <![CDATA[ *\/\n gform.initializeOnLoaded( function() {gformInitSpinner( 282, 'https:\/\/cdn.xl.pt\/bs\/plugins\/gravityforms\/images\/spinner.svg', true );jQuery('#gform_ajax_frame_282').on('load',function(){var contents = jQuery(this).contents().find('*').html();var is_postback = contents.indexOf('GF_AJAX_POSTBACK') >= 0;if(!is_postback){return;}var form_content = jQuery(this).contents().find('#gform_wrapper_282');var is_confirmation = jQuery(this).contents().find('#gform_confirmation_wrapper_282').length > 0;var is_redirect = contents.indexOf('gformRedirect(){') >= 0;var is_form = form_content.length > 0 && ! is_redirect && ! is_confirmation;var mt = parseInt(jQuery('html').css('margin-top'), 10) + parseInt(jQuery('body').css('margin-top'), 10) + 100;if(is_form){jQuery('#gform_wrapper_282').html(form_content.html());if(form_content.hasClass('gform_validation_error')){jQuery('#gform_wrapper_282').addClass('gform_validation_error');} else {jQuery('#gform_wrapper_282').removeClass('gform_validation_error');}setTimeout( function() { \/* delay the scroll by 50 milliseconds to fix a bug in chrome *\/  }, 50 );if(window['gformInitDatepicker']) {gformInitDatepicker();}if(window['gformInitPriceFields']) {gformInitPriceFields();}var current_page = jQuery('#gform_source_page_number_282').val();gformInitSpinner( 282, 'https:\/\/cdn.xl.pt\/bs\/plugins\/gravityforms\/images\/spinner.svg', true );jQuery(document).trigger('gform_page_loaded', [282, current_page]);window['gf_submitting_282'] = false;}else if(!is_redirect){var confirmation_content = jQuery(this).contents().find('.GF_AJAX_POSTBACK').html();if(!confirmation_content){confirmation_content = contents;}jQuery('#gform_wrapper_282').replaceWith(confirmation_content);jQuery(document).trigger('gform_confirmation_loaded', [282]);window['gf_submitting_282'] = false;wp.a11y.speak(jQuery('#gform_confirmation_message_282').text());}else{jQuery('#gform_282').append(contents);if(window['gformRedirect']) {gformRedirect();}}jQuery(document).trigger(\"gform_pre_post_render\", [{ formId: \"282\", currentPage: \"current_page\", abort: function() { this.preventDefault(); } }]);                if (event && event.defaultPrevented) {                return;         }        const gformWrapperDiv = document.getElementById( \"gform_wrapper_282\" );        if ( gformWrapperDiv ) {            const visibilitySpan = document.createElement( \"span\" );            visibilitySpan.id = \"gform_visibility_test_282\";            gformWrapperDiv.insertAdjacentElement( \"afterend\", visibilitySpan );        }        const visibilityTestDiv = document.getElementById( \"gform_visibility_test_282\" );        let postRenderFired = false;                function triggerPostRender() {            if ( postRenderFired ) {                return;            }            postRenderFired = true;            jQuery( document ).trigger( 'gform_post_render', [282, current_page] );            gform.utils.trigger( { event: 'gform\/postRender', native: false, data: { formId: 282, currentPage: current_page } } );            gform.utils.trigger( { event: 'gform\/post_render', native: false, data: { formId: 282, currentPage: current_page } } );            if ( visibilityTestDiv ) {                visibilityTestDiv.parentNode.removeChild( visibilityTestDiv );            }        }        function debounce( func, wait, immediate ) {            var timeout;            return function() {                var context = this, args = arguments;                var later = function() {                    timeout = null;                    if ( !immediate ) func.apply( context, args );                };                var callNow = immediate && !timeout;                clearTimeout( timeout );                timeout = setTimeout( later, wait );                if ( callNow ) func.apply( context, args );            };        }        const debouncedTriggerPostRender = debounce( function() {            triggerPostRender();        }, 200 );        if ( visibilityTestDiv && visibilityTestDiv.offsetParent === null ) {            const observer = new MutationObserver( ( mutations ) => {                mutations.forEach( ( mutation ) => {                    if ( mutation.type === 'attributes' && visibilityTestDiv.offsetParent !== null ) {                        debouncedTriggerPostRender();                        observer.disconnect();                    }                });            });            observer.observe( document.body, {                attributes: true,                childList: false,                subtree: true,                attributeFilter: [ 'style', 'class' ],            });        } else {            triggerPostRender();        }    } );} ); \n\/* ]]> *\/\n<\/script>\n","protected":false},"excerpt":{"rendered":"","protected":false},"author":29,"featured_media":0,"parent":0,"menu_order":0,"comment_status":"closed","ping_status":"closed","template":"","meta":{"footnotes":""},"tags":[],"class_list":["post-24822","page","type-page","status-publish","hentry"],"_links":{"self":[{"href":"https:\/\/bs.xl.pt\/sustentabilidade-2030\/wp-json\/wp\/v2\/pages\/24822","targetHints":{"allow":["GET"]}}],"collection":[{"href":"https:\/\/bs.xl.pt\/sustentabilidade-2030\/wp-json\/wp\/v2\/pages"}],"about":[{"href":"https:\/\/bs.xl.pt\/sustentabilidade-2030\/wp-json\/wp\/v2\/types\/page"}],"author":[{"embeddable":true,"href":"https:\/\/bs.xl.pt\/sustentabilidade-2030\/wp-json\/wp\/v2\/users\/29"}],"replies":[{"embeddable":true,"href":"https:\/\/bs.xl.pt\/sustentabilidade-2030\/wp-json\/wp\/v2\/comments?post=24822"}],"version-history":[{"count":2,"href":"https:\/\/bs.xl.pt\/sustentabilidade-2030\/wp-json\/wp\/v2\/pages\/24822\/revisions"}],"predecessor-version":[{"id":24828,"href":"https:\/\/bs.xl.pt\/sustentabilidade-2030\/wp-json\/wp\/v2\/pages\/24822\/revisions\/24828"}],"wp:attachment":[{"href":"https:\/\/bs.xl.pt\/sustentabilidade-2030\/wp-json\/wp\/v2\/media?parent=24822"}],"wp:term":[{"taxonomy":"post_tag","embeddable":true,"href":"https:\/\/bs.xl.pt\/sustentabilidade-2030\/wp-json\/wp\/v2\/tags?post=24822"}],"curies":[{"name":"wp","href":"https:\/\/api.w.org\/{rel}","templated":true}]}}