{"id":2824,"date":"2022-09-13T16:35:46","date_gmt":"2022-09-13T15:35:46","guid":{"rendered":"https:\/\/bs.xl.pt\/sustentabilidade-2030\/?page_id=2824"},"modified":"2025-11-25T18:23:56","modified_gmt":"2025-11-25T18:23:56","slug":"mobilidade-sustentavel","status":"publish","type":"page","link":"https:\/\/bs.xl.pt\/sustentabilidade-2030\/premio\/categorias\/ambiente\/mobilidade-sustentavel\/","title":{"rendered":"Mobilidade Sustent\u00e1vel"},"content":{"rendered":"\n<h3 class=\"wp-block-heading\">Mobilidade Sustent\u00e1vel<\/h3>\n\n\n\n<p>Ser\u00e3o aceites nesta categoria iniciativas, servi\u00e7os, projetos ou produtos que contribuam para promover o aumento das op\u00e7\u00f5es de transporte sustent\u00e1vel e colaborativas, melhorem a qualidade de vida da popula\u00e7\u00e3o atrav\u00e9s da redu\u00e7\u00e3o do tempo de transporte, o acesso em igualdade e equidade e o impacto na vida das pessoas.<\/p>\n\n\n\n<p>S\u00e3o valorizadas iniciativas que promovam um espa\u00e7o e infraestruturas organizados, seguros e acess\u00edveis a todos, bem como redes de transporte intermodais.<\/p>\n\n\n<p><p><b>As candidaturas encontram-se encerradas.<\/b><\/p>\r\n<br>\r\n<p>Voltaremos a abrir inscri\u00e7\u00f5es no pr\u00f3ximo ano.<br>Agradecemos o seu interesse.<\/p><\/p>\n","protected":false},"excerpt":{"rendered":"<p>Mobilidade Sustent\u00e1vel Ser\u00e3o aceites nesta categoria iniciativas, servi\u00e7os, projetos ou produtos que contribuam para promover o aumento das op\u00e7\u00f5es de transporte sustent\u00e1vel e colaborativas, melhorem a qualidade de vida da popula\u00e7\u00e3o atrav\u00e9s da redu\u00e7\u00e3o do tempo de transporte, o acesso em igualdade e equidade e o impacto na vida das pessoas. S\u00e3o valorizadas iniciativas que [&hellip;]<\/p>\n","protected":false},"author":5,"featured_media":0,"parent":302,"menu_order":0,"comment_status":"closed","ping_status":"closed","template":"page_for-candidaturas.php","meta":{"footnotes":""},"tags":[],"class_list":["post-2824","page","type-page","status-publish","hentry"],"_links":{"self":[{"href":"https:\/\/bs.xl.pt\/sustentabilidade-2030\/wp-json\/wp\/v2\/pages\/2824","targetHints":{"allow":["GET"]}}],"collection":[{"href":"https:\/\/bs.xl.pt\/sustentabilidade-2030\/wp-json\/wp\/v2\/pages"}],"about":[{"href":"https:\/\/bs.xl.pt\/sustentabilidade-2030\/wp-json\/wp\/v2\/types\/page"}],"author":[{"embeddable":true,"href":"https:\/\/bs.xl.pt\/sustentabilidade-2030\/wp-json\/wp\/v2\/users\/5"}],"replies":[{"embeddable":true,"href":"https:\/\/bs.xl.pt\/sustentabilidade-2030\/wp-json\/wp\/v2\/comments?post=2824"}],"version-history":[{"count":8,"href":"https:\/\/bs.xl.pt\/sustentabilidade-2030\/wp-json\/wp\/v2\/pages\/2824\/revisions"}],"predecessor-version":[{"id":24789,"href":"https:\/\/bs.xl.pt\/sustentabilidade-2030\/wp-json\/wp\/v2\/pages\/2824\/revisions\/24789"}],"up":[{"embeddable":true,"href":"https:\/\/bs.xl.pt\/sustentabilidade-2030\/wp-json\/wp\/v2\/pages\/302"}],"wp:attachment":[{"href":"https:\/\/bs.xl.pt\/sustentabilidade-2030\/wp-json\/wp\/v2\/media?parent=2824"}],"wp:term":[{"taxonomy":"post_tag","embeddable":true,"href":"https:\/\/bs.xl.pt\/sustentabilidade-2030\/wp-json\/wp\/v2\/tags?post=2824"}],"curies":[{"name":"wp","href":"https:\/\/api.w.org\/{rel}","templated":true}]}}