{"id":2863,"date":"2022-09-13T16:45:09","date_gmt":"2022-09-13T15:45:09","guid":{"rendered":"https:\/\/bs.xl.pt\/sustentabilidade-2030\/?page_id=2863"},"modified":"2025-11-25T15:08:40","modified_gmt":"2025-11-25T15:08:40","slug":"conferencias-2024-25","status":"publish","type":"page","link":"https:\/\/bs.xl.pt\/sustentabilidade-2030\/conferencias-2024-25\/","title":{"rendered":"Confer\u00eancias 2024\/25"},"content":{"rendered":"\n<div class=\"wp-block-group\"><div class=\"wp-block-group__inner-container is-layout-flow wp-block-group-is-layout-flow\">\n<h3 class=\"wp-block-heading uk-margin-remove-bottom\">Neg\u00f3cios Sustentabilidade 20|30<\/h3>\n<\/div><\/div>\n\n\n\n<div class=\"wp-block-group\"><div class=\"wp-block-group__inner-container is-layout-flow wp-block-group-is-layout-flow\">\n<div class=\"wp-block-group\"><div class=\"wp-block-group__inner-container is-layout-flow wp-block-group-is-layout-flow\">\n<h4 class=\"wp-block-heading\">O amanh\u00e3 debate-se hoje<\/h4>\n\n\n\n<p>O Jornal de Neg\u00f3cios lan\u00e7ou, em 2020, o maior ciclo de Talks e de conte\u00fados editoriais em Portugal em mat\u00e9rias de Sustentabilidade, divulgando o os desafios e as boas pr\u00e1ticas nas diferentes \u00e1reas:&nbsp;<strong>environment<\/strong>,&nbsp;<strong>social<\/strong>&nbsp;e&nbsp;<strong><em>governance<\/em><\/strong>.<\/p>\n\n\n\n<p>A quinta edi\u00e7\u00e3o desta iniciativa, em 2024, arranca com uma ambi\u00e7\u00e3o refor\u00e7ada, com mais informa\u00e7\u00e3o e uma aposta em novos formatos de discuss\u00e3o.<\/p>\n<\/div><\/div>\n<\/div><\/div>\n\n\n\n<div class=\"wp-block-group\"><div class=\"wp-block-group__inner-container is-layout-flow wp-block-group-is-layout-flow\">\n<div class=\"wp-block-group\"><div class=\"wp-block-group__inner-container is-layout-flow wp-block-group-is-layout-flow\">\n<p>As ultimas edi\u00e7\u00f5es contaram com:<\/p>\n\n\n\n<ul class=\"wp-block-list\">\n<li>Mais de <strong><strong>40 confer\u00eancias e talks<\/strong><\/strong>&nbsp;sobre Sustentabilidade<\/li>\n\n\n\n<li>Mais de&nbsp;<strong>300 Speakers<\/strong>, entre comiss\u00e1rios europeus e outros governantes, CEO de empresas e os maiores especialistas nas v\u00e1rias vertentes ESG<\/li>\n\n\n\n<li>Mais de&nbsp;<strong>400 not\u00edcias<\/strong>&nbsp;e outros conte\u00fados<\/li>\n\n\n\n<li>Mais de&nbsp;<strong>5 Milh\u00f5es de visualiza\u00e7\u00f5es<\/strong>&nbsp;dos v\u00e1rios conte\u00fados<\/li>\n\n\n\n<li>Alto Patroc\u00ednio da&nbsp;<strong>Presid\u00eancia da Rep\u00fablica<\/strong><\/li>\n<\/ul>\n<\/div><\/div>\n<\/div><\/div>\n","protected":false},"excerpt":{"rendered":"<p>Neg\u00f3cios Sustentabilidade 20|30 O amanh\u00e3 debate-se hoje O Jornal de Neg\u00f3cios lan\u00e7ou, em 2020, o maior ciclo de Talks e de conte\u00fados editoriais em Portugal em mat\u00e9rias de Sustentabilidade, divulgando o os desafios e as boas pr\u00e1ticas nas diferentes \u00e1reas:&nbsp;environment,&nbsp;social&nbsp;e&nbsp;governance. A quinta edi\u00e7\u00e3o desta iniciativa, em 2024, arranca com uma ambi\u00e7\u00e3o refor\u00e7ada, com mais informa\u00e7\u00e3o [&hellip;]<\/p>\n","protected":false},"author":5,"featured_media":0,"parent":0,"menu_order":0,"comment_status":"closed","ping_status":"closed","template":"page_for-conferencias.php","meta":{"footnotes":""},"tags":[343],"class_list":["post-2863","page","type-page","status-publish","hentry","tag-edicao-2024-25"],"_links":{"self":[{"href":"https:\/\/bs.xl.pt\/sustentabilidade-2030\/wp-json\/wp\/v2\/pages\/2863","targetHints":{"allow":["GET"]}}],"collection":[{"href":"https:\/\/bs.xl.pt\/sustentabilidade-2030\/wp-json\/wp\/v2\/pages"}],"about":[{"href":"https:\/\/bs.xl.pt\/sustentabilidade-2030\/wp-json\/wp\/v2\/types\/page"}],"author":[{"embeddable":true,"href":"https:\/\/bs.xl.pt\/sustentabilidade-2030\/wp-json\/wp\/v2\/users\/5"}],"replies":[{"embeddable":true,"href":"https:\/\/bs.xl.pt\/sustentabilidade-2030\/wp-json\/wp\/v2\/comments?post=2863"}],"version-history":[{"count":16,"href":"https:\/\/bs.xl.pt\/sustentabilidade-2030\/wp-json\/wp\/v2\/pages\/2863\/revisions"}],"predecessor-version":[{"id":24720,"href":"https:\/\/bs.xl.pt\/sustentabilidade-2030\/wp-json\/wp\/v2\/pages\/2863\/revisions\/24720"}],"wp:attachment":[{"href":"https:\/\/bs.xl.pt\/sustentabilidade-2030\/wp-json\/wp\/v2\/media?parent=2863"}],"wp:term":[{"taxonomy":"post_tag","embeddable":true,"href":"https:\/\/bs.xl.pt\/sustentabilidade-2030\/wp-json\/wp\/v2\/tags?post=2863"}],"curies":[{"name":"wp","href":"https:\/\/api.w.org\/{rel}","templated":true}]}}