{"id":311,"date":"2021-04-21T10:47:56","date_gmt":"2021-04-21T10:47:56","guid":{"rendered":"http:\/\/bs.xl.pt\/premio-nacional-sustentabilidade\/?page_id=311"},"modified":"2025-11-25T18:23:46","modified_gmt":"2025-11-25T18:23:46","slug":"descarbonizacao","status":"publish","type":"page","link":"https:\/\/bs.xl.pt\/sustentabilidade-2030\/premio\/categorias\/ambiente\/descarbonizacao\/","title":{"rendered":"Descarboniza\u00e7\u00e3o"},"content":{"rendered":"\n<h3 class=\"wp-block-heading\">Descarboniza\u00e7\u00e3o<\/h3>\n\n\n\n<p>Ser\u00e3o aceites nesta categoria iniciativas, servi\u00e7os, projetos ou produtos que criem um impacte positivo a n\u00edvel da redu\u00e7\u00e3o das emiss\u00f5es de gases com efeito de estufa, a promo\u00e7\u00e3o da luta contra as altera\u00e7\u00f5es clim\u00e1ticas e a transi\u00e7\u00e3o para uma economia com garantia de abastecimento de energia e, primordialmente, livre de combust\u00edveis de origem f\u00f3ssil. <\/p>\n\n\n\n<p>Ser\u00e3o valorizadas candidaturas que integrem solu\u00e7\u00f5es tecnol\u00f3gicas ou resultem de reengenharia de processo inovadoras, e que promovam a altera\u00e7\u00e3o dos comportamentos da sociedade civil, a industrializa\u00e7\u00e3o inclusiva e sustent\u00e1vel, a melhoria da gest\u00e3o das infraestruturas existentes, com vista a torn\u00e1-las mais sustent\u00e1veis e que resultem numa menor pegada carb\u00f3nica.<\/p>\n\n\n<p><p><b>As candidaturas encontram-se encerradas.<\/b><\/p>\r\n<br>\r\n<p>Voltaremos a abrir inscri\u00e7\u00f5es no pr\u00f3ximo ano.<br>Agradecemos o seu interesse.<\/p><\/p>\n","protected":false},"excerpt":{"rendered":"<p>Descarboniza\u00e7\u00e3o Ser\u00e3o aceites nesta categoria iniciativas, servi\u00e7os, projetos ou produtos que criem um impacte positivo a n\u00edvel da redu\u00e7\u00e3o das emiss\u00f5es de gases com efeito de estufa, a promo\u00e7\u00e3o da luta contra as altera\u00e7\u00f5es clim\u00e1ticas e a transi\u00e7\u00e3o para uma economia com garantia de abastecimento de energia e, primordialmente, livre de combust\u00edveis de origem f\u00f3ssil. [&hellip;]<\/p>\n","protected":false},"author":5,"featured_media":0,"parent":302,"menu_order":0,"comment_status":"closed","ping_status":"closed","template":"page_for-candidaturas.php","meta":{"footnotes":""},"tags":[],"class_list":["post-311","page","type-page","status-publish","hentry"],"_links":{"self":[{"href":"https:\/\/bs.xl.pt\/sustentabilidade-2030\/wp-json\/wp\/v2\/pages\/311","targetHints":{"allow":["GET"]}}],"collection":[{"href":"https:\/\/bs.xl.pt\/sustentabilidade-2030\/wp-json\/wp\/v2\/pages"}],"about":[{"href":"https:\/\/bs.xl.pt\/sustentabilidade-2030\/wp-json\/wp\/v2\/types\/page"}],"author":[{"embeddable":true,"href":"https:\/\/bs.xl.pt\/sustentabilidade-2030\/wp-json\/wp\/v2\/users\/5"}],"replies":[{"embeddable":true,"href":"https:\/\/bs.xl.pt\/sustentabilidade-2030\/wp-json\/wp\/v2\/comments?post=311"}],"version-history":[{"count":29,"href":"https:\/\/bs.xl.pt\/sustentabilidade-2030\/wp-json\/wp\/v2\/pages\/311\/revisions"}],"predecessor-version":[{"id":24783,"href":"https:\/\/bs.xl.pt\/sustentabilidade-2030\/wp-json\/wp\/v2\/pages\/311\/revisions\/24783"}],"up":[{"embeddable":true,"href":"https:\/\/bs.xl.pt\/sustentabilidade-2030\/wp-json\/wp\/v2\/pages\/302"}],"wp:attachment":[{"href":"https:\/\/bs.xl.pt\/sustentabilidade-2030\/wp-json\/wp\/v2\/media?parent=311"}],"wp:term":[{"taxonomy":"post_tag","embeddable":true,"href":"https:\/\/bs.xl.pt\/sustentabilidade-2030\/wp-json\/wp\/v2\/tags?post=311"}],"curies":[{"name":"wp","href":"https:\/\/api.w.org\/{rel}","templated":true}]}}