{"id":317,"date":"2021-04-21T10:48:23","date_gmt":"2021-04-21T10:48:23","guid":{"rendered":"http:\/\/bs.xl.pt\/premio-nacional-sustentabilidade\/?page_id=317"},"modified":"2025-11-25T18:23:50","modified_gmt":"2025-11-25T18:23:50","slug":"economia-circular","status":"publish","type":"page","link":"https:\/\/bs.xl.pt\/sustentabilidade-2030\/premio\/categorias\/ambiente\/economia-circular\/","title":{"rendered":"Economia Circular"},"content":{"rendered":"\n<h3 class=\"wp-block-heading\">Economia Circular<\/h3>\n\n\n\n<p>Ser\u00e3o aceites nesta categoria iniciativas, servi\u00e7os, projetos ou produtos que resultem em inova\u00e7\u00e3o nas \u00e1reas de conce\u00e7\u00e3o,&nbsp;<em>design<\/em>, produ\u00e7\u00e3o, distribui\u00e7\u00e3o e consumo, atrav\u00e9s da aplica\u00e7\u00e3o de princ\u00edpios de economia circular ao longo do ciclo de vida de um produto, promovendo a recolha, reutiliza\u00e7\u00e3o, tratamento\/repara\u00e7\u00e3o, upgrade, renova\u00e7\u00e3o, reciclagem e reaproveitamento.<\/p>\n\n\n\n<p>Ser\u00e3o valorizadas iniciativas que promovam uma maior efici\u00eancia ambiental da cadeia log\u00edstica (atrav\u00e9s ou n\u00e3o da introdu\u00e7\u00e3o de princ\u00edpios de economia circular), promovendo a redu\u00e7\u00e3o de consumo ou reutiliza\u00e7\u00e3o de mat\u00e9ria-prima virgem e a reciclagem de res\u00edduos. Novos modelos de neg\u00f3cio que promovam a extens\u00e3o da vida \u00fatil do produto, a partilha e o produto como servi\u00e7o (privilegiando o uso em vez da propriedade) ser\u00e3o tamb\u00e9m eleg\u00edveis.<\/p>\n\n\n<p><p><b>As candidaturas encontram-se encerradas.<\/b><\/p>\r\n<br>\r\n<p>Voltaremos a abrir inscri\u00e7\u00f5es no pr\u00f3ximo ano.<br>Agradecemos o seu interesse.<\/p><\/p>\n","protected":false},"excerpt":{"rendered":"<p>Economia Circular Ser\u00e3o aceites nesta categoria iniciativas, servi\u00e7os, projetos ou produtos que resultem em inova\u00e7\u00e3o nas \u00e1reas de conce\u00e7\u00e3o,&nbsp;design, produ\u00e7\u00e3o, distribui\u00e7\u00e3o e consumo, atrav\u00e9s da aplica\u00e7\u00e3o de princ\u00edpios de economia circular ao longo do ciclo de vida de um produto, promovendo a recolha, reutiliza\u00e7\u00e3o, tratamento\/repara\u00e7\u00e3o, upgrade, renova\u00e7\u00e3o, reciclagem e reaproveitamento. Ser\u00e3o valorizadas iniciativas que promovam [&hellip;]<\/p>\n","protected":false},"author":5,"featured_media":0,"parent":302,"menu_order":0,"comment_status":"closed","ping_status":"closed","template":"page_for-candidaturas.php","meta":{"footnotes":""},"tags":[],"class_list":["post-317","page","type-page","status-publish","hentry"],"_links":{"self":[{"href":"https:\/\/bs.xl.pt\/sustentabilidade-2030\/wp-json\/wp\/v2\/pages\/317","targetHints":{"allow":["GET"]}}],"collection":[{"href":"https:\/\/bs.xl.pt\/sustentabilidade-2030\/wp-json\/wp\/v2\/pages"}],"about":[{"href":"https:\/\/bs.xl.pt\/sustentabilidade-2030\/wp-json\/wp\/v2\/types\/page"}],"author":[{"embeddable":true,"href":"https:\/\/bs.xl.pt\/sustentabilidade-2030\/wp-json\/wp\/v2\/users\/5"}],"replies":[{"embeddable":true,"href":"https:\/\/bs.xl.pt\/sustentabilidade-2030\/wp-json\/wp\/v2\/comments?post=317"}],"version-history":[{"count":18,"href":"https:\/\/bs.xl.pt\/sustentabilidade-2030\/wp-json\/wp\/v2\/pages\/317\/revisions"}],"predecessor-version":[{"id":24786,"href":"https:\/\/bs.xl.pt\/sustentabilidade-2030\/wp-json\/wp\/v2\/pages\/317\/revisions\/24786"}],"up":[{"embeddable":true,"href":"https:\/\/bs.xl.pt\/sustentabilidade-2030\/wp-json\/wp\/v2\/pages\/302"}],"wp:attachment":[{"href":"https:\/\/bs.xl.pt\/sustentabilidade-2030\/wp-json\/wp\/v2\/media?parent=317"}],"wp:term":[{"taxonomy":"post_tag","embeddable":true,"href":"https:\/\/bs.xl.pt\/sustentabilidade-2030\/wp-json\/wp\/v2\/tags?post=317"}],"curies":[{"name":"wp","href":"https:\/\/api.w.org\/{rel}","templated":true}]}}