{"id":329,"date":"2021-04-21T10:49:26","date_gmt":"2021-04-21T10:49:26","guid":{"rendered":"http:\/\/bs.xl.pt\/premio-nacional-sustentabilidade\/?page_id=329"},"modified":"2025-11-25T18:23:02","modified_gmt":"2025-11-25T18:23:02","slug":"bem-estar-da-comunidade-igualdade-diversidade-e-equidade","status":"publish","type":"page","link":"https:\/\/bs.xl.pt\/sustentabilidade-2030\/premio\/categorias\/social\/bem-estar-da-comunidade-igualdade-diversidade-e-equidade\/","title":{"rendered":"Bem-Estar da Comunidade, Igualdade, Diversidade e Equidade"},"content":{"rendered":"\n<h3 class=\"wp-block-heading\">Bem-Estar da Comunidade, Igualdade, Diversidade e Equidade<\/h3>\n\n\n\n<p>Ser\u00e3o aceites nesta categoria iniciativas, servi\u00e7os, projetos ou produtos que contribuam para a bem-estar da comunidade, para a inclus\u00e3o e equil\u00edbrios geracionais, desenvolvimento e fortalecimento social e visem a igualdade e redu\u00e7\u00e3o de desigualdades.<\/p>\n\n\n\n<p>Ser\u00e3o valorizadas candidaturas que gerem impacte positivo nas comunidades atrav\u00e9s da integra\u00e7\u00e3o, comunica\u00e7\u00e3o e intera\u00e7\u00e3o com o cidad\u00e3o, que combatam o isolamento social e visem eliminar qualquer tipo de discrimina\u00e7\u00e3o no acesso. Entre estes incluem-se: ascend\u00eancia, defici\u00eancia, idade, identidade de g\u00e9nero, nacionalidade, orienta\u00e7\u00e3o sexual, origem \u00e9tnica ou ra\u00e7a, religi\u00e3o ou situa\u00e7\u00e3o familiar e econ\u00f3mica.<\/p>\n\n\n<p><p><b>As candidaturas encontram-se encerradas.<\/b><\/p>\r\n<br>\r\n<p>Voltaremos a abrir inscri\u00e7\u00f5es no pr\u00f3ximo ano.<br>Agradecemos o seu interesse.<\/p><\/p>\n","protected":false},"excerpt":{"rendered":"<p>Bem-Estar da Comunidade, Igualdade, Diversidade e Equidade Ser\u00e3o aceites nesta categoria iniciativas, servi\u00e7os, projetos ou produtos que contribuam para a bem-estar da comunidade, para a inclus\u00e3o e equil\u00edbrios geracionais, desenvolvimento e fortalecimento social e visem a igualdade e redu\u00e7\u00e3o de desigualdades. Ser\u00e3o valorizadas candidaturas que gerem impacte positivo nas comunidades atrav\u00e9s da integra\u00e7\u00e3o, comunica\u00e7\u00e3o e [&hellip;]<\/p>\n","protected":false},"author":5,"featured_media":0,"parent":323,"menu_order":0,"comment_status":"closed","ping_status":"closed","template":"page_for-candidaturas.php","meta":{"footnotes":""},"tags":[],"class_list":["post-329","page","type-page","status-publish","hentry"],"_links":{"self":[{"href":"https:\/\/bs.xl.pt\/sustentabilidade-2030\/wp-json\/wp\/v2\/pages\/329","targetHints":{"allow":["GET"]}}],"collection":[{"href":"https:\/\/bs.xl.pt\/sustentabilidade-2030\/wp-json\/wp\/v2\/pages"}],"about":[{"href":"https:\/\/bs.xl.pt\/sustentabilidade-2030\/wp-json\/wp\/v2\/types\/page"}],"author":[{"embeddable":true,"href":"https:\/\/bs.xl.pt\/sustentabilidade-2030\/wp-json\/wp\/v2\/users\/5"}],"replies":[{"embeddable":true,"href":"https:\/\/bs.xl.pt\/sustentabilidade-2030\/wp-json\/wp\/v2\/comments?post=329"}],"version-history":[{"count":15,"href":"https:\/\/bs.xl.pt\/sustentabilidade-2030\/wp-json\/wp\/v2\/pages\/329\/revisions"}],"predecessor-version":[{"id":24771,"href":"https:\/\/bs.xl.pt\/sustentabilidade-2030\/wp-json\/wp\/v2\/pages\/329\/revisions\/24771"}],"up":[{"embeddable":true,"href":"https:\/\/bs.xl.pt\/sustentabilidade-2030\/wp-json\/wp\/v2\/pages\/323"}],"wp:attachment":[{"href":"https:\/\/bs.xl.pt\/sustentabilidade-2030\/wp-json\/wp\/v2\/media?parent=329"}],"wp:term":[{"taxonomy":"post_tag","embeddable":true,"href":"https:\/\/bs.xl.pt\/sustentabilidade-2030\/wp-json\/wp\/v2\/tags?post=329"}],"curies":[{"name":"wp","href":"https:\/\/api.w.org\/{rel}","templated":true}]}}