{"id":335,"date":"2021-04-21T10:50:02","date_gmt":"2021-04-21T10:50:02","guid":{"rendered":"http:\/\/bs.xl.pt\/premio-nacional-sustentabilidade\/?page_id=335"},"modified":"2025-11-25T18:22:52","modified_gmt":"2025-11-25T18:22:52","slug":"cidades-sustentaveis","status":"publish","type":"page","link":"https:\/\/bs.xl.pt\/sustentabilidade-2030\/premio\/categorias\/social\/cidades-sustentaveis\/","title":{"rendered":"Cidades Sustent\u00e1veis"},"content":{"rendered":"\n<h3 class=\"wp-block-heading\">Cidades Sustent\u00e1veis<\/h3>\n\n\n\n<p>Ser\u00e3o aceites nesta categoria iniciativas, servi\u00e7os, projetos ou produtos que promovam a habita\u00e7\u00e3o acess\u00edvel e sustent\u00e1vel e o bem-estar da comunidade.<\/p>\n\n\n\n<p>Estas dever\u00e3o gerar impacte positivo nas comunidades atrav\u00e9s da integra\u00e7\u00e3o, comunica\u00e7\u00e3o e intera\u00e7\u00e3o com o cidad\u00e3o, melhoria das infraestruturas (e.g. de transporte, gest\u00e3o de res\u00edduos, espa\u00e7os verdes), melhoria dos servi\u00e7os p\u00fablicos, dos edif\u00edcios e condi\u00e7\u00f5es de habita\u00e7\u00e3o.<\/p>\n\n\n\n<p>No que respeita aos edif\u00edcios e habita\u00e7\u00e3o ser\u00e3o valorizadas iniciativas ou projetos que promovam:<\/p>\n\n\n\n<ul class=\"wp-block-list\">\n<li>Redu\u00e7\u00e3o do impacte ambiental dos edif\u00edcios atrav\u00e9s de:\n<ul class=\"wp-block-list\">\n<li>incorpora\u00e7\u00e3o de materiais eficientes (e.g. locais, reduzida pegada carb\u00f3nica)<\/li>\n\n\n\n<li>aumento da efici\u00eancia t\u00e9rmica, h\u00eddrica e energ\u00e9tica<\/li>\n\n\n\n<li>aproveitamento de orienta\u00e7\u00e3o solar<\/li>\n\n\n\n<li>Promo\u00e7\u00e3o da produ\u00e7\u00e3o de energia<\/li>\n<\/ul>\n<\/li>\n\n\n\n<li>Resili\u00eancia a riscos clim\u00e1ticos (cr\u00f3nicos e agudos)<\/li>\n\n\n\n<li>Otimiza\u00e7\u00e3o de ciclo de vida do ativo \/ edif\u00edcio<\/li>\n\n\n\n<li>Redu\u00e7\u00e3o do esfor\u00e7o de manuten\u00e7\u00e3o<\/li>\n\n\n\n<li>Facilidade de opera\u00e7\u00f5es<\/li>\n\n\n\n<li>Integra\u00e7\u00e3o com o meio envolvente<\/li>\n\n\n\n<li>Fluidez, produtividade e bem-estar das pessoas<\/li>\n<\/ul>\n\n\n<p><p><b>As candidaturas encontram-se encerradas.<\/b><\/p>\r\n<br>\r\n<p>Voltaremos a abrir inscri\u00e7\u00f5es no pr\u00f3ximo ano.<br>Agradecemos o seu interesse.<\/p><\/p>\n","protected":false},"excerpt":{"rendered":"<p>Cidades Sustent\u00e1veis Ser\u00e3o aceites nesta categoria iniciativas, servi\u00e7os, projetos ou produtos que promovam a habita\u00e7\u00e3o acess\u00edvel e sustent\u00e1vel e o bem-estar da comunidade. Estas dever\u00e3o gerar impacte positivo nas comunidades atrav\u00e9s da integra\u00e7\u00e3o, comunica\u00e7\u00e3o e intera\u00e7\u00e3o com o cidad\u00e3o, melhoria das infraestruturas (e.g. de transporte, gest\u00e3o de res\u00edduos, espa\u00e7os verdes), melhoria dos servi\u00e7os p\u00fablicos, dos [&hellip;]<\/p>\n","protected":false},"author":5,"featured_media":0,"parent":323,"menu_order":0,"comment_status":"closed","ping_status":"closed","template":"page_for-candidaturas.php","meta":{"footnotes":""},"tags":[],"class_list":["post-335","page","type-page","status-publish","hentry"],"_links":{"self":[{"href":"https:\/\/bs.xl.pt\/sustentabilidade-2030\/wp-json\/wp\/v2\/pages\/335","targetHints":{"allow":["GET"]}}],"collection":[{"href":"https:\/\/bs.xl.pt\/sustentabilidade-2030\/wp-json\/wp\/v2\/pages"}],"about":[{"href":"https:\/\/bs.xl.pt\/sustentabilidade-2030\/wp-json\/wp\/v2\/types\/page"}],"author":[{"embeddable":true,"href":"https:\/\/bs.xl.pt\/sustentabilidade-2030\/wp-json\/wp\/v2\/users\/5"}],"replies":[{"embeddable":true,"href":"https:\/\/bs.xl.pt\/sustentabilidade-2030\/wp-json\/wp\/v2\/comments?post=335"}],"version-history":[{"count":14,"href":"https:\/\/bs.xl.pt\/sustentabilidade-2030\/wp-json\/wp\/v2\/pages\/335\/revisions"}],"predecessor-version":[{"id":24768,"href":"https:\/\/bs.xl.pt\/sustentabilidade-2030\/wp-json\/wp\/v2\/pages\/335\/revisions\/24768"}],"up":[{"embeddable":true,"href":"https:\/\/bs.xl.pt\/sustentabilidade-2030\/wp-json\/wp\/v2\/pages\/323"}],"wp:attachment":[{"href":"https:\/\/bs.xl.pt\/sustentabilidade-2030\/wp-json\/wp\/v2\/media?parent=335"}],"wp:term":[{"taxonomy":"post_tag","embeddable":true,"href":"https:\/\/bs.xl.pt\/sustentabilidade-2030\/wp-json\/wp\/v2\/tags?post=335"}],"curies":[{"name":"wp","href":"https:\/\/api.w.org\/{rel}","templated":true}]}}