{"id":347,"date":"2021-04-21T10:52:00","date_gmt":"2021-04-21T10:52:00","guid":{"rendered":"http:\/\/bs.xl.pt\/premio-nacional-sustentabilidade\/?page_id=347"},"modified":"2025-11-25T18:23:28","modified_gmt":"2025-11-25T18:23:28","slug":"transformacao-digital-em-sustentabilidade","status":"publish","type":"page","link":"https:\/\/bs.xl.pt\/sustentabilidade-2030\/premio\/categorias\/governacao\/transformacao-digital-em-sustentabilidade\/","title":{"rendered":"Transforma\u00e7\u00e3o Digital em Sustentabilidade"},"content":{"rendered":"\n<h3 class=\"wp-block-heading\">Transforma\u00e7\u00e3o Digital em Sustentabilidade<\/h3>\n\n\n\n<p>Ser\u00e3o aceites nesta categoria candidaturas de iniciativas, servi\u00e7os ou produtos que representem solu\u00e7\u00f5es tecnol\u00f3gicas e digitais inovadoras que promovam o acesso a informa\u00e7\u00e3o e tecnologias que contribuam para o bem-estar social, sa\u00fade p\u00fablica ou ambiente (por exemplo, erradica\u00e7\u00e3o da fome e pobreza, promo\u00e7\u00e3o da sa\u00fade e preserva\u00e7\u00e3o dos recursos naturais), aumento da produtividade e redu\u00e7\u00e3o de tempos de espera, otimiza\u00e7\u00e3o de processos e procedimentos manuais.<\/p>\n\n\n\n<p>Ser\u00e3o valorizadas as candidaturas que se enquadrem nas seguintes \u00e1reas:<\/p>\n\n\n\n<ul class=\"wp-block-list\">\n<li><em>Apps<\/em>, Sites ou outras plataformas disruptivas na intera\u00e7\u00e3o com cidad\u00e3os;<\/li>\n\n\n\n<li>Intelig\u00eancia Artificial;<\/li>\n\n\n\n<li>Rob\u00f3tica;<\/li>\n\n\n\n<li>Realidade Aumentada e Virtual; e<\/li>\n\n\n\n<li><em>Machine Learning<\/em>.<\/li>\n<\/ul>\n\n\n<p><p><b>As candidaturas encontram-se encerradas.<\/b><\/p>\r\n<br>\r\n<p>Voltaremos a abrir inscri\u00e7\u00f5es no pr\u00f3ximo ano.<br>Agradecemos o seu interesse.<\/p><\/p>\n","protected":false},"excerpt":{"rendered":"<p>Transforma\u00e7\u00e3o Digital em Sustentabilidade Ser\u00e3o aceites nesta categoria candidaturas de iniciativas, servi\u00e7os ou produtos que representem solu\u00e7\u00f5es tecnol\u00f3gicas e digitais inovadoras que promovam o acesso a informa\u00e7\u00e3o e tecnologias que contribuam para o bem-estar social, sa\u00fade p\u00fablica ou ambiente (por exemplo, erradica\u00e7\u00e3o da fome e pobreza, promo\u00e7\u00e3o da sa\u00fade e preserva\u00e7\u00e3o dos recursos naturais), aumento [&hellip;]<\/p>\n","protected":false},"author":5,"featured_media":0,"parent":341,"menu_order":4,"comment_status":"closed","ping_status":"closed","template":"page_for-candidaturas.php","meta":{"footnotes":""},"tags":[],"class_list":["post-347","page","type-page","status-publish","hentry"],"_links":{"self":[{"href":"https:\/\/bs.xl.pt\/sustentabilidade-2030\/wp-json\/wp\/v2\/pages\/347","targetHints":{"allow":["GET"]}}],"collection":[{"href":"https:\/\/bs.xl.pt\/sustentabilidade-2030\/wp-json\/wp\/v2\/pages"}],"about":[{"href":"https:\/\/bs.xl.pt\/sustentabilidade-2030\/wp-json\/wp\/v2\/types\/page"}],"author":[{"embeddable":true,"href":"https:\/\/bs.xl.pt\/sustentabilidade-2030\/wp-json\/wp\/v2\/users\/5"}],"replies":[{"embeddable":true,"href":"https:\/\/bs.xl.pt\/sustentabilidade-2030\/wp-json\/wp\/v2\/comments?post=347"}],"version-history":[{"count":13,"href":"https:\/\/bs.xl.pt\/sustentabilidade-2030\/wp-json\/wp\/v2\/pages\/347\/revisions"}],"predecessor-version":[{"id":24780,"href":"https:\/\/bs.xl.pt\/sustentabilidade-2030\/wp-json\/wp\/v2\/pages\/347\/revisions\/24780"}],"up":[{"embeddable":true,"href":"https:\/\/bs.xl.pt\/sustentabilidade-2030\/wp-json\/wp\/v2\/pages\/341"}],"wp:attachment":[{"href":"https:\/\/bs.xl.pt\/sustentabilidade-2030\/wp-json\/wp\/v2\/media?parent=347"}],"wp:term":[{"taxonomy":"post_tag","embeddable":true,"href":"https:\/\/bs.xl.pt\/sustentabilidade-2030\/wp-json\/wp\/v2\/tags?post=347"}],"curies":[{"name":"wp","href":"https:\/\/api.w.org\/{rel}","templated":true}]}}