{"id":353,"date":"2021-04-21T10:53:26","date_gmt":"2021-04-21T10:53:26","guid":{"rendered":"http:\/\/bs.xl.pt\/premio-nacional-sustentabilidade\/?page_id=353"},"modified":"2025-11-25T18:23:24","modified_gmt":"2025-11-25T18:23:24","slug":"financas-sustentaveis","status":"publish","type":"page","link":"https:\/\/bs.xl.pt\/sustentabilidade-2030\/premio\/categorias\/governacao\/financas-sustentaveis\/","title":{"rendered":"Finan\u00e7as Sustent\u00e1veis"},"content":{"rendered":"\n<h3 class=\"wp-block-heading\">Finan\u00e7as Sustent\u00e1veis<\/h3>\n\n\n\n<p>Ser\u00e3o aceites nesta categoria iniciativas, servi\u00e7os, projetos ou produtos financeiros que compreendam crit\u00e9rios de sustentabilidade nas suas caracter\u00edsticas e tenham como objetivo contribuir para uma maior inova\u00e7\u00e3o, transpar\u00eancia, crescimento, desenvolvimento e alinhamento do investimento e financiamento com os Objetivos de Desenvolvimento Sustent\u00e1vel (ODS) das Na\u00e7\u00f5es Unidas.<\/p>\n\n\n\n<p>Esta categoria privilegia a inova\u00e7\u00e3o do produto, servi\u00e7o ou mecanismo de financiamento face aos montantes envolvidos. S\u00e3o tamb\u00e9m valorizadas inova\u00e7\u00f5es como os modelos de avalia\u00e7\u00e3o de risco ESG e respetiva aplica\u00e7\u00e3o \u00e0 concess\u00e3o e atribui\u00e7\u00e3o de financiamento.<\/p>\n\n\n<p><p><b>As candidaturas encontram-se encerradas.<\/b><\/p>\r\n<br>\r\n<p>Voltaremos a abrir inscri\u00e7\u00f5es no pr\u00f3ximo ano.<br>Agradecemos o seu interesse.<\/p><\/p>\n","protected":false},"excerpt":{"rendered":"<p>Finan\u00e7as Sustent\u00e1veis Ser\u00e3o aceites nesta categoria iniciativas, servi\u00e7os, projetos ou produtos financeiros que compreendam crit\u00e9rios de sustentabilidade nas suas caracter\u00edsticas e tenham como objetivo contribuir para uma maior inova\u00e7\u00e3o, transpar\u00eancia, crescimento, desenvolvimento e alinhamento do investimento e financiamento com os Objetivos de Desenvolvimento Sustent\u00e1vel (ODS) das Na\u00e7\u00f5es Unidas. Esta categoria privilegia a inova\u00e7\u00e3o do produto, [&hellip;]<\/p>\n","protected":false},"author":5,"featured_media":0,"parent":341,"menu_order":3,"comment_status":"closed","ping_status":"closed","template":"page_for-candidaturas.php","meta":{"footnotes":""},"tags":[],"class_list":["post-353","page","type-page","status-publish","hentry"],"_links":{"self":[{"href":"https:\/\/bs.xl.pt\/sustentabilidade-2030\/wp-json\/wp\/v2\/pages\/353","targetHints":{"allow":["GET"]}}],"collection":[{"href":"https:\/\/bs.xl.pt\/sustentabilidade-2030\/wp-json\/wp\/v2\/pages"}],"about":[{"href":"https:\/\/bs.xl.pt\/sustentabilidade-2030\/wp-json\/wp\/v2\/types\/page"}],"author":[{"embeddable":true,"href":"https:\/\/bs.xl.pt\/sustentabilidade-2030\/wp-json\/wp\/v2\/users\/5"}],"replies":[{"embeddable":true,"href":"https:\/\/bs.xl.pt\/sustentabilidade-2030\/wp-json\/wp\/v2\/comments?post=353"}],"version-history":[{"count":12,"href":"https:\/\/bs.xl.pt\/sustentabilidade-2030\/wp-json\/wp\/v2\/pages\/353\/revisions"}],"predecessor-version":[{"id":24777,"href":"https:\/\/bs.xl.pt\/sustentabilidade-2030\/wp-json\/wp\/v2\/pages\/353\/revisions\/24777"}],"up":[{"embeddable":true,"href":"https:\/\/bs.xl.pt\/sustentabilidade-2030\/wp-json\/wp\/v2\/pages\/341"}],"wp:attachment":[{"href":"https:\/\/bs.xl.pt\/sustentabilidade-2030\/wp-json\/wp\/v2\/media?parent=353"}],"wp:term":[{"taxonomy":"post_tag","embeddable":true,"href":"https:\/\/bs.xl.pt\/sustentabilidade-2030\/wp-json\/wp\/v2\/tags?post=353"}],"curies":[{"name":"wp","href":"https:\/\/api.w.org\/{rel}","templated":true}]}}