{"id":547,"date":"2021-07-19T14:51:58","date_gmt":"2021-07-19T14:51:58","guid":{"rendered":"http:\/\/bs.xl.pt\/sustentabilidade-2030\/?page_id=547"},"modified":"2025-11-25T18:23:20","modified_gmt":"2025-11-25T18:23:20","slug":"comunicacao-de-sustentabilidade","status":"publish","type":"page","link":"https:\/\/bs.xl.pt\/sustentabilidade-2030\/premio\/categorias\/governacao\/comunicacao-de-sustentabilidade\/","title":{"rendered":"Comunica\u00e7\u00e3o de Sustentabilidade"},"content":{"rendered":"\n<h3 class=\"wp-block-heading uk-margin-remove-adjacent\">Comunica\u00e7\u00e3o de Sustentabilidade<\/h3>\n\n\n\n<p>Ser\u00e3o aceites nesta categoria iniciativas, servi\u00e7os, projetos ou produtos que representem solu\u00e7\u00f5es de comunica\u00e7\u00e3o eficazes, de car\u00e1ter educativo, que permitam aumentar a transpar\u00eancia e redu\u00e7\u00e3o de desinforma\u00e7\u00e3o e, em simult\u00e2neo, promovam a consciencializa\u00e7\u00e3o e transi\u00e7\u00e3o para&nbsp; comportamentos sustent\u00e1veis em linha com os Objetivos de Desenvolvimento Sustent\u00e1vel (ODS) das Na\u00e7\u00f5es Unidas.<\/p>\n\n\n\n<p>Valorizar-se-\u00e3o iniciativas e campanhas que, de forma criativa, rigorosa e simples utilizem diferentes suportes de comunica\u00e7\u00e3o que aumentem o impacto junto do p\u00fablico-alvo.<\/p>\n\n\n<p><p><b>As candidaturas encontram-se encerradas.<\/b><\/p>\r\n<br>\r\n<p>Voltaremos a abrir inscri\u00e7\u00f5es no pr\u00f3ximo ano.<br>Agradecemos o seu interesse.<\/p><\/p>\n","protected":false},"excerpt":{"rendered":"<p>Comunica\u00e7\u00e3o de Sustentabilidade Ser\u00e3o aceites nesta categoria iniciativas, servi\u00e7os, projetos ou produtos que representem solu\u00e7\u00f5es de comunica\u00e7\u00e3o eficazes, de car\u00e1ter educativo, que permitam aumentar a transpar\u00eancia e redu\u00e7\u00e3o de desinforma\u00e7\u00e3o e, em simult\u00e2neo, promovam a consciencializa\u00e7\u00e3o e transi\u00e7\u00e3o para&nbsp; comportamentos sustent\u00e1veis em linha com os Objetivos de Desenvolvimento Sustent\u00e1vel (ODS) das Na\u00e7\u00f5es Unidas. Valorizar-se-\u00e3o iniciativas [&hellip;]<\/p>\n","protected":false},"author":5,"featured_media":0,"parent":341,"menu_order":2,"comment_status":"closed","ping_status":"closed","template":"page_for-candidaturas.php","meta":{"footnotes":""},"tags":[],"class_list":["post-547","page","type-page","status-publish","hentry"],"_links":{"self":[{"href":"https:\/\/bs.xl.pt\/sustentabilidade-2030\/wp-json\/wp\/v2\/pages\/547","targetHints":{"allow":["GET"]}}],"collection":[{"href":"https:\/\/bs.xl.pt\/sustentabilidade-2030\/wp-json\/wp\/v2\/pages"}],"about":[{"href":"https:\/\/bs.xl.pt\/sustentabilidade-2030\/wp-json\/wp\/v2\/types\/page"}],"author":[{"embeddable":true,"href":"https:\/\/bs.xl.pt\/sustentabilidade-2030\/wp-json\/wp\/v2\/users\/5"}],"replies":[{"embeddable":true,"href":"https:\/\/bs.xl.pt\/sustentabilidade-2030\/wp-json\/wp\/v2\/comments?post=547"}],"version-history":[{"count":13,"href":"https:\/\/bs.xl.pt\/sustentabilidade-2030\/wp-json\/wp\/v2\/pages\/547\/revisions"}],"predecessor-version":[{"id":24774,"href":"https:\/\/bs.xl.pt\/sustentabilidade-2030\/wp-json\/wp\/v2\/pages\/547\/revisions\/24774"}],"up":[{"embeddable":true,"href":"https:\/\/bs.xl.pt\/sustentabilidade-2030\/wp-json\/wp\/v2\/pages\/341"}],"wp:attachment":[{"href":"https:\/\/bs.xl.pt\/sustentabilidade-2030\/wp-json\/wp\/v2\/media?parent=547"}],"wp:term":[{"taxonomy":"post_tag","embeddable":true,"href":"https:\/\/bs.xl.pt\/sustentabilidade-2030\/wp-json\/wp\/v2\/tags?post=547"}],"curies":[{"name":"wp","href":"https:\/\/api.w.org\/{rel}","templated":true}]}}