{"id":976,"date":"2021-08-30T10:33:28","date_gmt":"2021-08-30T10:33:28","guid":{"rendered":"http:\/\/bs.xl.pt\/sustentabilidade-2030\/?page_id=976"},"modified":"2021-10-28T15:17:58","modified_gmt":"2021-10-28T14:17:58","slug":"transformacao-digital-em-sustentabilidade","status":"publish","type":"page","link":"https:\/\/bs.xl.pt\/sustentabilidade-2030\/conferencias-e-talks-2021-22\/webtalks\/transformacao-digital-em-sustentabilidade\/","title":{"rendered":"Transforma\u00e7\u00e3o Digital em Sustentabilidade"},"content":{"rendered":"\n<h5 class=\"wp-block-heading\">&#8220;Compreender o presente, preparar o futuro&#8221;<\/h5>\n\n\n\n<h3 class=\"wp-block-heading\">14 de outubro<\/h3>\n\n\n\n<h4 class=\"wp-block-heading\">21h00<\/h4>\n\n\n<div class=\"uk-margin-medium\"><iframe width=\"1280\" height=\"720\" src=\"\/\/www.youtube.com\/embed\/qcUC0mAFeig?showinfo=0\" frameborder=\"0\" allowfullscreen data-uk-responsive loading=\"lazy\" referrerpolicy=\"no-referrer-when-downgrade\" title=\"\"><\/iframe><\/div>\n\n\n\n<div class=\"wp-block-group\"><div class=\"wp-block-group__inner-container is-layout-flow wp-block-group-is-layout-flow\">\n<h2 class=\"wp-block-heading\">Transforma\u00e7\u00e3o Digital em Sustentabilidade | Compreender o presente, preparar o futuro<\/h2>\n\n\n\n<p>O Jornal de Neg\u00f3cios lan\u00e7a, pelo segundo ano consecutivo, o maior ciclo de talks sobre Sustentabilidade. Na quinta semana vamos debater \u00abTransforma\u00e7\u00e3o Digital em Sustentabilidade | Compreender o futuro\u00bb com a presen\u00e7a de grandes oradores especialistas no tema. Os t\u00f3picos a debate ser\u00e3o:<\/p>\n\n\n\n<ul class=\"uk-list uk-list-disc wp-block-list\"><li>Transforma\u00e7\u00e3o Digital em prol da sustentabilidade;<\/li><li>O Digital e os Objetivos de Desenvolvimento Sustent\u00e1vel;<\/li><li>Exemplos de utiliza\u00e7\u00e3o de tecnologias digitais para reduzir o impacto negativo no planeta e sociedade;<\/li><li>Como incorporar sustentabilidade nos processos de neg\u00f3cios e nos sistemas de TI.<\/li><\/ul>\n\n\n\n<p>O debate ser\u00e1 transmitido no dia 14 de outubro, \u00e0s 21h00, no Site e Facebook do Jornal de Neg\u00f3cios e as conclus\u00f5es publicadas num suplemento dedicado.<\/p>\n<\/div><\/div>\n\n\n\n<div class=\"wp-block-group\"><div class=\"wp-block-group__inner-container is-layout-flow wp-block-group-is-layout-flow\">\n<h2 class=\"wp-block-heading\">Transforma\u00e7\u00e3o Digital em Sustentabilidade<\/h2>\n\n\n\n<h4 class=\"wp-block-heading\">14 de outubro 21h00-22h15<\/h4>\n\n\n\n<h5 class=\"wp-block-heading\">21h00 Boas Vindas<\/h5>\n\n\n\n<p><strong>Diana Ramos<\/strong>, Diretora, Jornal de Neg\u00f3cios<\/p>\n\n\n\n<h5 class=\"wp-block-heading\">21h05 Abertura Institucional<\/h5>\n\n\n\n<p><strong>Andr\u00e9 de Arag\u00e3o Azevedo<\/strong>, Secret\u00e1rio de Estado para a Transi\u00e7\u00e3o Digital<\/p>\n\n\n\n<h5 class=\"wp-block-heading\">21h15 PAINEL DE DEBATE | Transforma\u00e7\u00e3o Digital em Sustentabilidade \u2013 Compreender o presente, preparar o futuro<\/h5>\n\n\n\n<p><strong>Lu\u00edsa Ribeiro Lopes<\/strong>, Presidente .PT<br><strong>Vanda Jesus<\/strong>, Diretora-Executiva, Portugal Digital<br><strong>Pedro Pereira<\/strong>, Director, Climate Action and Sustainability, SAP EMEA South<\/p>\n\n\n\n<p>Modera\u00e7\u00e3o: <strong>Diana Ramos<\/strong>, Diretora, Jornal de Neg\u00f3cios<\/p>\n\n\n\n<h5 class=\"wp-block-heading\">22h15 FIM<\/h5>\n<\/div><\/div>\n","protected":false},"excerpt":{"rendered":"<p>&#8220;Compreender o presente, preparar o futuro&#8221; 14 de outubro 21h00 Transforma\u00e7\u00e3o Digital em Sustentabilidade | Compreender o presente, preparar o futuro O Jornal de Neg\u00f3cios lan\u00e7a, pelo segundo ano consecutivo, o maior ciclo de talks sobre Sustentabilidade. Na quinta semana vamos debater \u00abTransforma\u00e7\u00e3o Digital em Sustentabilidade | Compreender o futuro\u00bb com a presen\u00e7a de grandes [&hellip;]<\/p>\n","protected":false},"author":5,"featured_media":0,"parent":949,"menu_order":0,"comment_status":"closed","ping_status":"closed","template":"","meta":{"footnotes":""},"tags":[],"class_list":["post-976","page","type-page","status-publish","hentry"],"_links":{"self":[{"href":"https:\/\/bs.xl.pt\/sustentabilidade-2030\/wp-json\/wp\/v2\/pages\/976","targetHints":{"allow":["GET"]}}],"collection":[{"href":"https:\/\/bs.xl.pt\/sustentabilidade-2030\/wp-json\/wp\/v2\/pages"}],"about":[{"href":"https:\/\/bs.xl.pt\/sustentabilidade-2030\/wp-json\/wp\/v2\/types\/page"}],"author":[{"embeddable":true,"href":"https:\/\/bs.xl.pt\/sustentabilidade-2030\/wp-json\/wp\/v2\/users\/5"}],"replies":[{"embeddable":true,"href":"https:\/\/bs.xl.pt\/sustentabilidade-2030\/wp-json\/wp\/v2\/comments?post=976"}],"version-history":[{"count":7,"href":"https:\/\/bs.xl.pt\/sustentabilidade-2030\/wp-json\/wp\/v2\/pages\/976\/revisions"}],"predecessor-version":[{"id":1631,"href":"https:\/\/bs.xl.pt\/sustentabilidade-2030\/wp-json\/wp\/v2\/pages\/976\/revisions\/1631"}],"up":[{"embeddable":true,"href":"https:\/\/bs.xl.pt\/sustentabilidade-2030\/wp-json\/wp\/v2\/pages\/949"}],"wp:attachment":[{"href":"https:\/\/bs.xl.pt\/sustentabilidade-2030\/wp-json\/wp\/v2\/media?parent=976"}],"wp:term":[{"taxonomy":"post_tag","embeddable":true,"href":"https:\/\/bs.xl.pt\/sustentabilidade-2030\/wp-json\/wp\/v2\/tags?post=976"}],"curies":[{"name":"wp","href":"https:\/\/api.w.org\/{rel}","templated":true}]}}