{"id":985,"date":"2021-08-30T10:34:30","date_gmt":"2021-08-30T10:34:30","guid":{"rendered":"http:\/\/bs.xl.pt\/sustentabilidade-2030\/?page_id=985"},"modified":"2021-10-28T15:21:57","modified_gmt":"2021-10-28T14:21:57","slug":"financas-sustentaveis","status":"publish","type":"page","link":"https:\/\/bs.xl.pt\/sustentabilidade-2030\/conferencias-e-talks-2021-22\/webtalks\/financas-sustentaveis\/","title":{"rendered":"Finan\u00e7as Sustent\u00e1veis"},"content":{"rendered":"\n<h5 class=\"wp-block-heading\">&#8220;Boas pr\u00e1ticas compensam&#8221;<\/h5>\n\n\n\n<h3 class=\"wp-block-heading\">21 de outubro<\/h3>\n\n\n\n<h4 class=\"wp-block-heading\">18h00<\/h4>\n\n\n<div class=\"uk-margin-medium\"><iframe width=\"1280\" height=\"720\" src=\"\/\/www.youtube.com\/embed\/TLmfbJ1KAFY?showinfo=0\" frameborder=\"0\" allowfullscreen data-uk-responsive loading=\"lazy\" referrerpolicy=\"no-referrer-when-downgrade\" title=\"\"><\/iframe><\/div>\n\n\n\n<div class=\"wp-block-group\"><div class=\"wp-block-group__inner-container is-layout-flow wp-block-group-is-layout-flow\">\n<h2 class=\"wp-block-heading\">Finan\u00e7as Sustent\u00e1veis | &#8220;Boas Pr\u00e1ticas Compensam&#8221;<\/h2>\n\n\n\n<p>O Jornal de Neg\u00f3cios lan\u00e7a, pelo segundo ano consecutivo, o maior ciclo de talks sobre Sustentabilidade. Na sexta semana vamos debater \u00ab<strong>&nbsp;Finan\u00e7as Sustent\u00e1veis | Boas pr\u00e1ticas compensam<\/strong>\u00bb<strong>&nbsp;<\/strong>com a presen\u00e7a de grandes oradores especialistas no tema. Os t\u00f3picos a debate ser\u00e3o:<\/p>\n\n\n\n<ul class=\"uk-list uk-list-disc wp-block-list\"><li>O contA import\u00e2ncia das finan\u00e7as sustent\u00e1veis para o cumprimento dos Objetivos de Desenvolvimento Sustent\u00e1vel e o Green Deal europeu.<\/li><li>O uso dos crit\u00e9rios ESG na avalia\u00e7\u00e3o do risco e as implica\u00e7\u00f5es nas decis\u00f5es de investimento.<\/li><li>Vantagens do financiamento sustent\u00e1vel para as empresas e tipo de instrumentos.<\/li><li>Vantagens e desvantagens dos produtos ESG para os investidores.<\/li><li>Bons exemplos e boas pr\u00e1ticas de finan\u00e7as sustent\u00e1veis em Portugal.<\/li><\/ul>\n\n\n\n<p>O debate ser\u00e1 transmitido no dia&nbsp;<strong>21 de Setembro<\/strong>, \u00e0s&nbsp;<strong>18h00<\/strong>, no&nbsp;<strong>Site e Facebook do Jornal de Neg\u00f3cios<\/strong>&nbsp;e as conclus\u00f5es publicadas num suplemento dedicado<\/p>\n<\/div><\/div>\n\n\n\n<div class=\"wp-block-group\"><div class=\"wp-block-group__inner-container is-layout-flow wp-block-group-is-layout-flow\">\n<h2 class=\"wp-block-heading\">Finan\u00e7as Sustent\u00e1veis<\/h2>\n\n\n\n<h4 class=\"wp-block-heading\">21 de setembro 18h00-19h40<\/h4>\n\n\n\n<h5 class=\"wp-block-heading\">18h00 Boas Vindas<\/h5>\n\n\n\n<p><strong><strong>Diana Ramos<\/strong><\/strong>, Diretora, Jornal de Neg\u00f3cios<\/p>\n\n\n\n<h5 class=\"wp-block-heading\">18h05 Abertura Institucional<strong> <\/strong><\/h5>\n\n\n\n<p><strong><strong>Jo\u00e3o Nuno Mendes<\/strong>, <\/strong>Secret\u00e1rio de Estado das Finan\u00e7as<\/p>\n\n\n\n<h5 class=\"wp-block-heading\">18h15 Keynote Speaker<\/h5>\n\n\n\n<p><strong>Ricardo Mourinho F\u00e9lix<\/strong>, Vice-Presidente do BEI Banco Europeu do Investimento<\/p>\n\n\n\n<h5 class=\"wp-block-heading\">18h30 PAINEL DE DEBATE | Crit\u00e9rios ESG nas decis\u00f5es de investimento<\/h5>\n\n\n\n<p><strong><strong>Miguel Maya,&nbsp;<\/strong><\/strong>CEO, Millennium bcp<br><strong><strong>Isabel Ucha<\/strong>,<\/strong> CEO, Euronext Lisbon<strong><br><strong>Jo\u00e3o Pratas<\/strong>, <\/strong>Presidente, APFIPP<strong><br><strong>Sofia Santos<\/strong>, <\/strong>Sustainable &amp; Conscientious Economist, Systemic Sphere<\/p>\n\n\n\n<h5 class=\"wp-block-heading\">19h10 PAINEL DE DEBATE | Finan\u00e7as sustent\u00e1veis alinhadas com a estrat\u00e9gia das empresas<\/h5>\n\n\n\n<p><strong><strong>Paula Guerra<\/strong><\/strong>,&nbsp;Diretora financeira, EDP<br><strong><strong>Alexandre Scarlet<\/strong>,<\/strong> CFO,&nbsp;Allianz Portugal<\/p>\n\n\n\n<p>Modera\u00e7\u00e3o: <strong>Diana Ramos<\/strong>, Diretora, Jornal de Neg\u00f3cios<\/p>\n\n\n\n<h5 class=\"wp-block-heading\">19h40 FIM<\/h5>\n<\/div><\/div>\n","protected":false},"excerpt":{"rendered":"<p>&#8220;Boas pr\u00e1ticas compensam&#8221; 21 de outubro 18h00 Finan\u00e7as Sustent\u00e1veis | &#8220;Boas Pr\u00e1ticas Compensam&#8221; O Jornal de Neg\u00f3cios lan\u00e7a, pelo segundo ano consecutivo, o maior ciclo de talks sobre Sustentabilidade. Na sexta semana vamos debater \u00ab&nbsp;Finan\u00e7as Sustent\u00e1veis | Boas pr\u00e1ticas compensam\u00bb&nbsp;com a presen\u00e7a de grandes oradores especialistas no tema. Os t\u00f3picos a debate ser\u00e3o: O contA [&hellip;]<\/p>\n","protected":false},"author":5,"featured_media":0,"parent":949,"menu_order":0,"comment_status":"closed","ping_status":"closed","template":"","meta":{"footnotes":""},"tags":[],"class_list":["post-985","page","type-page","status-publish","hentry"],"_links":{"self":[{"href":"https:\/\/bs.xl.pt\/sustentabilidade-2030\/wp-json\/wp\/v2\/pages\/985","targetHints":{"allow":["GET"]}}],"collection":[{"href":"https:\/\/bs.xl.pt\/sustentabilidade-2030\/wp-json\/wp\/v2\/pages"}],"about":[{"href":"https:\/\/bs.xl.pt\/sustentabilidade-2030\/wp-json\/wp\/v2\/types\/page"}],"author":[{"embeddable":true,"href":"https:\/\/bs.xl.pt\/sustentabilidade-2030\/wp-json\/wp\/v2\/users\/5"}],"replies":[{"embeddable":true,"href":"https:\/\/bs.xl.pt\/sustentabilidade-2030\/wp-json\/wp\/v2\/comments?post=985"}],"version-history":[{"count":7,"href":"https:\/\/bs.xl.pt\/sustentabilidade-2030\/wp-json\/wp\/v2\/pages\/985\/revisions"}],"predecessor-version":[{"id":1637,"href":"https:\/\/bs.xl.pt\/sustentabilidade-2030\/wp-json\/wp\/v2\/pages\/985\/revisions\/1637"}],"up":[{"embeddable":true,"href":"https:\/\/bs.xl.pt\/sustentabilidade-2030\/wp-json\/wp\/v2\/pages\/949"}],"wp:attachment":[{"href":"https:\/\/bs.xl.pt\/sustentabilidade-2030\/wp-json\/wp\/v2\/media?parent=985"}],"wp:term":[{"taxonomy":"post_tag","embeddable":true,"href":"https:\/\/bs.xl.pt\/sustentabilidade-2030\/wp-json\/wp\/v2\/tags?post=985"}],"curies":[{"name":"wp","href":"https:\/\/api.w.org\/{rel}","templated":true}]}}