{"id":1230,"date":"2025-10-31T10:29:10","date_gmt":"2025-10-31T10:29:10","guid":{"rendered":"https:\/\/bs.xl.pt\/talentos-do-bairro\/?page_id=1230"},"modified":"2025-10-31T10:29:37","modified_gmt":"2025-10-31T10:29:37","slug":"enquadramento-2a-edicao","status":"publish","type":"page","link":"https:\/\/bs.xl.pt\/talentos-do-bairro\/enquadramento-2a-edicao\/","title":{"rendered":"Talentos do Bairro volta a lan\u00e7ar estrelas em Lisboa"},"content":{"rendered":"\n<p>H\u00e1 um ano, o rapper Don Fran dificilmente contrariava o anonimato de apenas uma m\u00fasica no Spotify. Um dos 16 finalistas do concurso Talentos do Bairro, lan\u00e7ada pela Gebalis em 2024 em parceria com a Medialivre, o m\u00fasico gravou um \u00e1lbum de originais depois dessa participa\u00e7\u00e3o e acrescentou mais 12 can\u00e7\u00f5es ao report\u00f3rio.<\/p>\n\n\n\n<p>Don Fran, que ficou em terceiro lugar na final do Talentos do Bairro, \u00e9 um dos rostos do sucesso da primeira edi\u00e7\u00e3o do evento, que regressa a Lisboa a partir de amanh\u00e3, desta vez num formato mais abrangente e envolvente.<\/p>\n\n\n\n<p>A organiza\u00e7\u00e3o recebeu dezenas de candidaturas no arranque desta segunda edi\u00e7\u00e3o. As pr\u00e9-eliminat\u00f3rias iniciam-se j\u00e1 este s\u00e1bado, 1 de novembro, em tr\u00eas palcos de Lisboa e ter\u00e3o lugar exclusivamente no m\u00eas de novembro. Ser\u00e3o quatro sess\u00f5es de apuramento dos finalistas, que subir\u00e3o ao palco da sala de espet\u00e1culos do Capit\u00f3lio na Grande Final, a 6 de dezembro.<\/p>\n\n\n\n<p>Cada pr\u00e9-eliminat\u00f3ria contar\u00e1 com atua\u00e7\u00f5es de artistas locais, vota\u00e7\u00e3o do p\u00fablico e avalia\u00e7\u00e3o de um j\u00fari, definindo tr\u00eas vencedores \u2014 dois eleitos pelo j\u00fari e um pelo p\u00fablico \u2014, que ser\u00e3o distribu\u00eddos pelas quatro sess\u00f5es.<\/p>\n\n\n\n<p>V\u00e1rios bairros municipais lisboetas estar\u00e3o representados no evento porque os moradores apresentaram candidaturas \u2014 casos de Boavista, Bom Pastor, Sargento Ab\u00edlio, Quinta do Cabrinha, Charquinho, Alta de Lisboa, Ameixoeira, Armador, Condado, Padre Cruz, Alfinetes, Ourives e Quinta do Chal\u00e9.<\/p>\n\n\n\n<p>Os residentes destes bairros s\u00e3o os destinat\u00e1rios da iniciativa da Gebalis, empresa p\u00fablica municipal, que gere um patrim\u00f3nio de cerca de 23 mil habita\u00e7\u00f5es, onde residem 62 mil pessoas, no centro das prioridades. Um conjunto de vulnerabilidades tem impedido a valoriza\u00e7\u00e3o dos talentos destes bairros municipais. O Talentos do Bairro \u00e9 um dos projetos que procura minimizar essas desigualdades.<\/p>\n\n\n\n<h2 class=\"wp-block-heading\">Gebalis tem \u201centusiasmo e orgulho\u201d<\/h2>\n\n\n\n<p>\u201cMais do que um concurso, \u00e9 um projeto que refor\u00e7a o sentimento de perten\u00e7a e valoriza o que de melhor se faz nos bairros municipais \u2014 transformando o palco num verdadeiro espa\u00e7o de reconhecimento, de partilha e de valoriza\u00e7\u00e3o pessoal e coletiva\u201d, explica a coordenadora do departamento de Projetos de Interven\u00e7\u00e3o Comunit\u00e1ria da Gebalis, Marlene Almeida.<\/p>\n\n\n\n<p>Os 135 participantes na primeira edi\u00e7\u00e3o e mais de 2,5 milh\u00f5es de pessoas impactadas em televis\u00e3o e 4,5 milh\u00f5es de impress\u00f5es digitais, motivaram o regresso do projeto de forma mais abrangente e envolvente. \u201cEsta segunda edi\u00e7\u00e3o nasce do entusiasmo e do orgulho gerados pela primeira. Muitos dos que agora participam estiveram no p\u00fablico no ano passado e sentiram-se inspirados a inscrever-se; outros regressam com mais confian\u00e7a e determina\u00e7\u00e3o. Os artistas sentem que este \u00e9 o seu palco, um espa\u00e7o onde s\u00e3o vistos e valorizados. O Talentos do Bairro \u00e9 um espa\u00e7o de express\u00e3o e reconhecimento que refor\u00e7a a autoestima e os la\u00e7os comunit\u00e1rios\u201d, refor\u00e7a a respons\u00e1vel.<\/p>\n\n\n<\/div><\/section><section class=\"blockquote uk-section uk-padding-remove\"><div class=\"uk-container\"><blockquote class=\"uk-margin-medium\"><span uk-icon=\"icon: quote-right; ratio: 8.0\"><\/span><h3 class=\"uk-margin-xlarge-left uk-margin-top uk-margin-small-bottom\">Esta segunda edi\u00e7\u00e3o nasce do entusiasmo e do orgulho gerados pela primeira. (&#8230;) O Talentos do Bairro \u00e9 um espa\u00e7o de express\u00e3o e reconhecimento que refor\u00e7a a autoestima e os la\u00e7os comunit\u00e1rios.<\/h3><footer class=\"uk-margin-xlarge-left \"><cite>Marlene Almeida, coordenadora do departamento de Projetos de Interven\u00e7\u00e3o Comunit\u00e1ria da Gebalis<\/cite><\/footer><\/blockquote><\/div><\/section><section class=\"article-content uk-section\"><div class=\"uk-container uk-container-small\">\n\n\n\n<p>Neste ano, a Gebalis procura \u201cconsolidar os Talentos do Bairro como uma iniciativa que valoriza o talento e a express\u00e3o art\u00edstica das comunidades, depois do entusiasmo e da ades\u00e3o que marcaram a primeira edi\u00e7\u00e3o, com a descoberta de muitos valores\u201d.<\/p>\n\n\n\n<p>O projeto manteve-se ativo ao longo do ano, com v\u00e1rios participantes da primeira edi\u00e7\u00e3o a terem novas oportunidades de atua\u00e7\u00e3o e visibilidade. \u00abEste percurso mostra que o Talentos do Bairro \u00e9 mais do que um concurso: \u00e9 um ponto de partida para que os artistas continuem a crescer e a afirmar-se na cidade\u201d, frisa Marlene Almeida.<\/p>\n\n\n\n<h2 class=\"wp-block-heading\">Don Fran a caminho do estrelato<\/h2>\n\n\n\n<p>Residente na Alta de Lisboa, Don Fran era praticamente um desconhecido at\u00e9 terminar a primeira edi\u00e7\u00e3o do Talentos do Bairro na terceira posi\u00e7\u00e3o. Desde ent\u00e3o, o m\u00fasico tem subido as escadas do reconhecimento. Gravou um \u00e1lbum, <em><strong>Alma 3048<\/strong><\/em> \u2014 uma homenagem aos pais, Alcina e Manuel, aliada \u00e0 mem\u00f3ria do n\u00famero de porta da casa onde viveram \u2014, concretizando \u201cum sonho de crian\u00e7a\u201d. O trabalho, tal como o artista, est\u00e1 presente em todas as plataformas de m\u00fasica e tamb\u00e9m \u00e9 dado a conhecer nas redes sociais.<\/p>\n\n\n\n<p>\u201cEm 2024, tinha uma m\u00fasica no Spotify com quatro anos. Atualmente tenho mais 12 temas, resultantes de um \u00e1lbum. Comecei a ganhar coragem depois do Talentos do Bairro\u201d, conta Don Fran que, fazendo jus \u00e0 voca\u00e7\u00e3o universal do projeto, destinado a participantes de qualquer idade, j\u00e1 completou 37 anos.<\/p>\n\n\n<\/div><\/section><section class=\"blockquote uk-section uk-padding-remove\"><div class=\"uk-container\"><blockquote class=\"uk-margin-medium\"><span uk-icon=\"icon: quote-right; ratio: 8.0\"><\/span><h3 class=\"uk-margin-xlarge-left uk-margin-top uk-margin-small-bottom\">O Talentos do Bairro abriu-me as portas para um in\u00edcio de carreira. Deu-me a oportunidade de cantar os meus temas, de lan\u00e7ar o meu \u00e1lbum. Isto prova que qualquer pessoa pode agarrar e aproveitar estas portas abertas, se quiser.<\/h3><footer class=\"uk-margin-xlarge-left \"><cite>Don Fran<\/cite><\/footer><\/blockquote><\/div><\/section><section class=\"article-content uk-section\"><div class=\"uk-container uk-container-small\">\n\n\n\n<p>Um dos momentos mais felizes da vida de Don Fran aconteceu na apresenta\u00e7\u00e3o do Alma 3048 na presen\u00e7a de familiares e amigos, que se t\u00eam encarregado da partilha do \u00e1lbum, com \u201cfeedback positivo\u201d. Tamb\u00e9m cantou nas Festas de Lisboa, acompanhado da banda, sempre com o apoio da Gebalis.<\/p>\n\n\n\n<p>\u201cO Talentos do Bairro abriu-me as portas para um in\u00edcio de carreira. Deu-me a oportunidade de cantar os meus temas, de lan\u00e7ar o meu \u00e1lbum. Isto prova que qualquer pessoa pode agarrar e aproveitar estas portas abertas, se quiser\u201d, defende Don Fran.<\/p>\n\n\n\n<h2 class=\"wp-block-heading\">Dar voz ao bairro<\/h2>\n\n\n\n<p>A estratifica\u00e7\u00e3o social tamb\u00e9m \u00e9 um dado mencionado pelo m\u00fasico, que ancora o projeto da Gebalis \u00e0 discrimina\u00e7\u00e3o dos residentes em bairros municipais: \u201cO concurso abre as portas a quem n\u00e3o tem a oportunidade de mostrar o talento, face ao grupo social. Nunca pensei pisar o Capit\u00f3lio vindo de um bairro\u201d.<\/p>\n\n\n\n<p>A mudan\u00e7a da imagem destes bairros, \u201cabrindo portas, criando pontes e dando voz a quem nem sempre a tem\u201d, \u00e9 o prop\u00f3sito de cada projeto comunit\u00e1rio da Gebalis, como confirma Marlene Almeida. \u201cA Gebalis trabalha diariamente para promover a participa\u00e7\u00e3o, o di\u00e1logo e o sentido de comunidade. Projetos como o Talentos do Bairro mostram uma realidade muitas vezes invis\u00edvel: a de pessoas com talento e vontade de crescer. Estas iniciativas ajudam a desconstruir preconceitos e a refor\u00e7ar uma imagem positiva dos bairros municipais, centrada nas suas pessoas e nas suas hist\u00f3rias.\u201d<\/p>\n\n\n<\/div><\/section><section class=\"image-text uk-section uk-padding-remove\"><div class=\"uk-container\"><div class=\"uk-inline\"><img decoding=\"async\" src=\"https:\/\/cdn.xl.pt\/bs\/uploads\/sites\/190\/2025\/10\/Mikaela-Andrade-Gebalis-1600x900.jpg\" alt=\"Mikaela Andrade, diretora de interven\u00e7\u00e3o local da Gebalis, no lan\u00e7amento do \u00e1lbum de Don Fran\" loading=\"lazy\" \/><div class=\"uk-visible@s uk-overlay uk-overlay-default uk-position-bottom uk-padding-small uk-text-left\">Mikaela Andrade, diretora de interven\u00e7\u00e3o local da Gebalis, no lan\u00e7amento do \u00e1lbum de Don Fran<\/div><\/div><p class=\"uk-hidden@s uk-text-small uk-text-muted uk-margin-small-top uk-margin-medium-bottom uk-text-left\">Mikaela Andrade, diretora de interven\u00e7\u00e3o local da Gebalis, no lan\u00e7amento do \u00e1lbum de Don Fran<\/p><\/div><\/section><section class=\"article-content uk-section uk-section-small uk-padding-small-top\"><div class=\"uk-container uk-container-small\">\n\n\n\n<p>Neste ano, as inscri\u00e7\u00f5es decorreram entre 9 de junho e 17 de outubro, atrav\u00e9s do \u2018<a href=\"https:\/\/talentosdobairro.cmjornal.pt\/\" target=\"_blank\" rel=\"noreferrer noopener\">site<\/a>\u2019 oficial da iniciativa. Aberta a residentes num dos bairros da rede Gebalis, convidados a submeter um v\u00eddeo de dois minutos com uma atua\u00e7\u00e3o nas \u00e1reas de m\u00fasica, dan\u00e7a ou artes performativas. Foram aceites atua\u00e7\u00f5es individuais ou em grupo (at\u00e9 8 elementos).<\/p>\n\n\n\n<p>Entre os inscritos para a segunda edi\u00e7\u00e3o estar\u00e3o os finalistas que voltar\u00e3o a discutir a vit\u00f3ria na grande final. Don Fran recorda que \u201c\u00e9 importante ningu\u00e9m desistir porque tudo se desenrola a partir da subida ao palco para mostrar o talento\u201d. E aconselha outros sonhadores como ele numa carreira a acreditarem nas suas capacidades durante o processo de sele\u00e7\u00e3o no Talentos do Bairro: \u201cNingu\u00e9m pode pensar numa participa\u00e7\u00e3o sem acreditar no talento e transform\u00e1-lo. Um todo levou-me \u00e0 final, numa mistura de voz e atua\u00e7\u00e3o\u201d.<\/p>\n\n\n\n<h2 class=\"wp-block-heading\">A for\u00e7a do estigma<\/h2>\n\n\n\n<p>A capacidade de supera\u00e7\u00e3o dos residentes destes bairros quando sobem ao palco surpreendeu Rog\u00e9rio Paulo, que volta a integrar o j\u00fari do concurso. \u201cH\u00e1 muita qualidade nestes bairros, da qual nem nos apercebemos normalmente. Conhe\u00e7o v\u00e1rias pessoas destes meios com as quais me cruzo regularmente e de repente vi-as a atuar e a transcender-se e com muita qualidade\u201d, elogia o jurado, ator e fundador do Teatro Comunit\u00e1rio de Carnide.<\/p>\n\n\n\n<p>O ator sente-se \u201ctocado\u201d com a forma como os habitantes recebem a iniciativa da Gebalis. Consideram-na \u201cmuito importante\u201d porque representa uma rara oportunidade de se mostrarem. \u201cSentem-se valorizadas, reconhecidas e agradecidas\u201d, conta Rog\u00e9rio Paulo, cujo trabalho o tem levado a contactar de forma pr\u00f3xima com estas comunidades nos \u00faltimos anos.<\/p>\n\n\n\n<p>\u201cEstas pessoas sentem-se colocadas \u00e0 margem. Em termos geogr\u00e1ficos, estes bairros tamb\u00e9m est\u00e3o situados fora do centro da cidade. Os seus habitantes s\u00e3o vistos como pessoas dos bairros e este estigma contribui para se fecharem e desvalorizarem. O evento tira as pessoas deste estigma e mostra que estas comunidades s\u00e3o feitas de pessoas com os mesmos talentos das outras\u201d, defende o ator.<\/p>\n\n\n\n<p>As evid\u00eancias tamb\u00e9m contrariam essa perce\u00e7\u00e3o negativa porque \u201ch\u00e1 pessoas carenciadas em termos econ\u00f3micos cujos filhos estudam no Conservat\u00f3rio, outras que se v\u00e3o formando no autodidatismo, bel\u00edssimas vozes e executantes de instrumentos cl\u00e1ssicos ou menos convencionais\u201d. Uma \u201cdiversidade impressionante com enorme potencial, que merece continuar\u201d.<\/p>\n\n\n<\/div><\/section><section class=\"uk-section uk-padding-remove\"><div class=\"uk-container\"><div data-uk-grid class=\"featured-box uk-card uk-grid-collapse uk-margin uk-flex uk-flex-middle\"><div class=\"uk-width-1-1 uk-padding-small\"><div class=\"uk-card-body\"><h3 class=\"uk-card-title uk-margin-bottom\">Tome Nota:<\/h3><\/p>\n<p><b>CALEND\u00c1RIO E LOCAIS DAS PR\u00c9-ELIMINAT\u00d3RIAS E DA GRANDE FINAL<\/b><\/p>\n\n<p><b>Pr\u00e9-eliminat\u00f3rias<\/b><\/p>\n<ul>\n<li>1 de novembro de 2025 \u2013 Audit\u00f3rio da Escola B\u00e1sica Arquiteto Gon\u00e7alo Ribeiro Teles Rua 4, Bairro da Boavista, 1500-524, Lisboa<\/li>\n<li>8 de novembro de 2025 \u2013 Audit\u00f3rio Nat\u00e1lia Correia, Rua Rio C\u00e1vado 3A, 1600-702, Lisboa<\/li>\n<li>22 e 23 de novembro de 2025 \u2013 Escola Secund\u00e1ria D. Dinis, Rua Manuel Teixeira Gomes, 1950-189, Lisboa.<\/li>\n<\/ul>\n<p>Os vencedores de cada pr\u00e9-eliminat\u00f3ria receber\u00e3o vales de compras no valor de 500 euros.<\/p>\n\n<p><b>Grande Final<\/b><\/p>\n<ul>\n<li>6 de dezembro, no Capit\u00f3lio. Participa-r\u00e3o os 12 finalistas apurados nas pr\u00e9-eliminat\u00f3rias, jurados da iniciativa e personalidades convidadas.<\/li>\n<\/ul>\n<p>O grande vencedor receber\u00e1 um pr\u00e9mio monet\u00e1rio de 1.500 euros.<\/p>\n<p><\/div><\/div><\/div><\/div><\/section><section class=\"article-content uk-section uk-section-small\"><div class=\"uk-container uk-container-small\">\n","protected":false},"excerpt":{"rendered":"<p>A segunda edi\u00e7\u00e3o do concurso de talentos da Gebalis inicia-se amanh\u00e3 nas pr\u00e9-eliminat\u00f3rias com artistas dos bairros municipais de Lisboa nas \u00e1reas de m\u00fasica, dan\u00e7a e artes performativas. O kick off deu-se com o lan\u00e7amento do \u00e1lbum de originais de um dos vencedores da primeira edi\u00e7\u00e3o, o rapper Don Fran. A grande final ser\u00e1 a 6 de dezembro, no Capit\u00f3lio.<\/p>\n","protected":false},"author":29,"featured_media":1233,"parent":0,"menu_order":0,"comment_status":"closed","ping_status":"closed","template":"page_for-enquadramento.php","meta":{"footnotes":""},"categories":[],"tags":[81,84],"class_list":["post-1230","page","type-page","status-publish","has-post-thumbnail","hentry","tag-2a-edicao","tag-enquadramento"],"_links":{"self":[{"href":"https:\/\/bs.xl.pt\/talentos-do-bairro\/wp-json\/wp\/v2\/pages\/1230","targetHints":{"allow":["GET"]}}],"collection":[{"href":"https:\/\/bs.xl.pt\/talentos-do-bairro\/wp-json\/wp\/v2\/pages"}],"about":[{"href":"https:\/\/bs.xl.pt\/talentos-do-bairro\/wp-json\/wp\/v2\/types\/page"}],"author":[{"embeddable":true,"href":"https:\/\/bs.xl.pt\/talentos-do-bairro\/wp-json\/wp\/v2\/users\/29"}],"replies":[{"embeddable":true,"href":"https:\/\/bs.xl.pt\/talentos-do-bairro\/wp-json\/wp\/v2\/comments?post=1230"}],"version-history":[{"count":1,"href":"https:\/\/bs.xl.pt\/talentos-do-bairro\/wp-json\/wp\/v2\/pages\/1230\/revisions"}],"predecessor-version":[{"id":1239,"href":"https:\/\/bs.xl.pt\/talentos-do-bairro\/wp-json\/wp\/v2\/pages\/1230\/revisions\/1239"}],"wp:featuredmedia":[{"embeddable":true,"href":"https:\/\/bs.xl.pt\/talentos-do-bairro\/wp-json\/wp\/v2\/media\/1233"}],"wp:attachment":[{"href":"https:\/\/bs.xl.pt\/talentos-do-bairro\/wp-json\/wp\/v2\/media?parent=1230"}],"wp:term":[{"taxonomy":"category","embeddable":true,"href":"https:\/\/bs.xl.pt\/talentos-do-bairro\/wp-json\/wp\/v2\/categories?post=1230"},{"taxonomy":"post_tag","embeddable":true,"href":"https:\/\/bs.xl.pt\/talentos-do-bairro\/wp-json\/wp\/v2\/tags?post=1230"}],"curies":[{"name":"wp","href":"https:\/\/api.w.org\/{rel}","templated":true}]}}