{"id":175,"date":"2024-10-04T11:06:00","date_gmt":"2024-10-04T10:06:00","guid":{"rendered":"https:\/\/bs.xl.pt\/talentos-do-bairro\/?page_id=175"},"modified":"2025-10-31T10:26:17","modified_gmt":"2025-10-31T10:26:17","slug":"enquadramento-1a-edicao","status":"publish","type":"page","link":"https:\/\/bs.xl.pt\/talentos-do-bairro\/enquadramento-1a-edicao\/","title":{"rendered":"Concurso Talentos do Bairro vai revelar estrelas nos bairros municipais de Lisboa"},"content":{"rendered":"\n<p>Para revelar ao Pa\u00eds, e, quem sabe, ao mundo, potenciais estrelas do espet\u00e1culo (da m\u00fasica \u00e0 dan\u00e7a, ao teatro ou outras artes performativas), a empresa municipal de Lisboa Gebalis est\u00e1 a promover o concurso Talentos do Bairro, direcionado para moradores dos bairros municipais, dos 8 aos 88 anos. As inscri\u00e7\u00f5es abrem a 9 de setembro e v\u00e3o at\u00e9 21 de outubro.<\/p>\n\n\n\n<p>O concurso de talentos \u00e9 para os que cantam no duche ou para a fam\u00edlia, para os que dan\u00e7am sozinhos ou em grupo, os que fazem truques de ilusionismo ou os que gostam de incorporar personagens num palco imagin\u00e1rio de teatro. Enfim, \u00e9 para todos os que, tendo a arte no corpo e na alma, anseiam pela oportunidade de brilhar em palco.<\/p>\n\n\n\n<p>\u201cCientes de que nos bairros municipais existem residentes com muitas compet\u00eancias e talentos, mas que devido a m\u00faltiplas vulnerabilidades nem sempre emergem ou evoluem, a Gebalis prop\u00f5e-se a desenvolver em 2024 um projeto que d\u00e1 palco aos residentes, impulsiona os seus talentos e d\u00e1 oportunidades aos participantes de crescerem no meio art\u00edstico, n\u00e3o descurando o investimento na sua capacita\u00e7\u00e3o\u201d, explica a Gebalis.<\/p>\n\n\n<\/div><\/section><section class=\"image-text uk-section uk-padding-remove\"><div class=\"uk-container\"><div class=\"uk-inline\"><img decoding=\"async\" src=\"https:\/\/cdn.xl.pt\/bs\/uploads\/sites\/190\/2024\/08\/Traca-o-teu-camimnho-1600x900.jpg\" alt=\"Concurso Talentos do Bairro vai revelar estrelas nos bairros municipais de Lisboa\" loading=\"lazy\" \/><div class=\"uk-visible@s uk-overlay uk-overlay-default uk-position-bottom uk-padding-small uk-text-left\">A Gebalis organiza v\u00e1rias iniciativas que promovem a intera\u00e7\u00e3o e capacita\u00e7\u00e3o dos mais novos<\/div><\/div><p class=\"uk-hidden@s uk-text-small uk-text-muted uk-margin-small-top uk-margin-medium-bottom uk-text-left\">A Gebalis organiza v\u00e1rias iniciativas que promovem a intera\u00e7\u00e3o e capacita\u00e7\u00e3o dos mais novos<\/p><\/div><\/section><section class=\"article-content uk-section uk-section-small uk-padding-small-top\"><div class=\"uk-container uk-container-small\">\n\n\n\n<p>O parque habitacional da empresa municipal em Lisboa \u00e9 vasto e conta com cerca de 23 000 habita\u00e7\u00f5es e mais de 62 000 residentes. \u00c9 para a grande maioria desses moradores que o concurso de talentos se dirige.<\/p>\n\n\n\n<p>Vir do bairro \u00e9 motivo de orgulho, como canta a fadista Sara Correia, e se tem um ou v\u00e1rios talentos, este \u00e9 o seu momento.<\/p>\n\n\n\n<p>Os participantes ter\u00e3o oportunidade de se candidatarem de acordo com a sua \u00e1rea de resid\u00eancia. Haver\u00e1 cinco pr\u00e9-eliminat\u00f3rias definidas pelos territ\u00f3rios dos 10 gabinetes de bairro da empresa: Alta de Lisboa, Ameixoeira, Horta Nova, Padre Cruz, Alfinetes, Oriente, Bela Vista, Olaias, Vale de Alc\u00e2ntara e Boavista.<br>De 7 a 16 de outubro decorrer\u00e1 a fase de sele\u00e7\u00e3o de candidaturas.<\/p>\n\n\n<\/div><\/section><section class=\"uk-section uk-padding-remove\"><div class=\"uk-container\"><div data-uk-grid class=\"featured-box uk-card uk-grid-collapse uk-margin uk-flex uk-flex-middle\"><div class=\"uk-width-1-1 uk-padding-small\"><div class=\"uk-card-body\">Os tr\u00eas vencedores da pr\u00e9-eliminat\u00f3ria ganham 500 euros. O grande vencedor recebe um cart\u00e3o-presente de 1500 euros<\/div><\/div><\/div><\/div><\/section><section class=\"article-content uk-section uk-section-small\"><div class=\"uk-container uk-container-small\">\n\n\n\n<h2 class=\"wp-block-heading\">Pr\u00e9-eliminat\u00f3rias e Grande Final<\/h2>\n\n\n\n<p>A fase das pr\u00e9-eliminat\u00f3rias realiza-se de 1 a 29 de novembro. Cada pr\u00e9-eliminat\u00f3ria contar\u00e1 com um m\u00e1ximo de 15 participa\u00e7\u00f5es, cada uma com um tempo limite de atua\u00e7\u00e3o de 5 minutos.<\/p>\n\n\n\n<p>Cada pr\u00e9-eliminat\u00f3ria ir\u00e1 apurar tr\u00eas vencedores sendo um deles decidido pelo voto do p\u00fablico e os outros dois pelo voto do j\u00fari, os quais ir\u00e3o ser premiados com um cart\u00e3o-presente de 500 euros.<\/p>\n\n\n<\/div><\/section><section class=\"image-text uk-section uk-padding-remove\"><div class=\"uk-container\"><div class=\"uk-inline\"><img decoding=\"async\" src=\"https:\/\/cdn.xl.pt\/bs\/uploads\/sites\/190\/2024\/08\/Festas-de-Sao-Jose-Boavista-1600x900.jpg\" alt=\"Concurso Talentos do Bairro vai revelar estrelas nos bairros municipais de Lisboa\" loading=\"lazy\" \/><div class=\"uk-visible@s uk-overlay uk-overlay-default uk-position-bottom uk-padding-small uk-text-left\">As Festas e tradi\u00e7\u00f5es de cada Bairro s\u00e3o, para a Gebalis, momentos de conv\u00edvio e inclus\u00e3o<\/div><\/div><p class=\"uk-hidden@s uk-text-small uk-text-muted uk-margin-small-top uk-margin-medium-bottom uk-text-left\">As Festas e tradi\u00e7\u00f5es de cada Bairro s\u00e3o, para a Gebalis, momentos de conv\u00edvio e inclus\u00e3o<\/p><\/div><\/section><section class=\"article-content uk-section uk-section-small uk-padding-small-top\"><div class=\"uk-container uk-container-small\">\n\n\n\n<p>Desta fase resultar\u00e3o 15 apurados para a Grande Final, que se realizar\u00e1 na sala de espet\u00e1culos Capit\u00f3lio, no Parque Mayer, em Lisboa, a 8 de dezembro. O grande vencedor ser\u00e1 eleito pelo j\u00fari e receber\u00e1 um cart\u00e3o-presente no valor de 1500 euros.<\/p>\n\n\n\n<p>Para al\u00e9m dos pr\u00e9mios pecuni\u00e1rios, a maior prenda \u00e9 a oportunidade que os candidatos t\u00eam de se destacar no Talentos do Bairro, o que \u00e9 uma porta aberta para entrar no meio art\u00edstico.<\/p>\n\n\n<\/div><\/section><section class=\"uk-section uk-padding-remove\"><div class=\"uk-container\"><div data-uk-grid class=\"featured-box uk-card uk-grid-collapse uk-margin uk-flex uk-flex-middle\"><div class=\"uk-width-1-1 uk-padding-small\"><div class=\"uk-card-body\"><h3 class=\"uk-card-title uk-margin-bottom\">Tome Nota:<\/h3><\/p>\n<p><b>Qual o per\u00edodo de inscri\u00e7\u00f5es?<\/b><\/p>\n<p>De 9 de setembro at\u00e9 21 de outubro.<\/p>\n\n<p><b>Quem pode concorrer?<\/b><\/p>\n<p>Residentes dos bairros municipais de Lisboa (crit\u00e9rio priorit\u00e1rio) com idades dos 8 aos 88 anos. Est\u00e3o exclu\u00eddos artistas profissionais.<\/p>\n\n<p><b>Que categorias v\u00e3o a concurso?<\/b><\/p>\n<p>M\u00fasica, dan\u00e7a e artes performativas.<\/p>\n\n<p><b>Como pode concorrer?<\/b><\/p>\n<p>As inscri\u00e7\u00f5es ser\u00e3o feitas atrav\u00e9s de uma plataforma criada para o efeito. Depois tem de submeter um v\u00eddeo, com a dura\u00e7\u00e3o m\u00e1xima de 2 minutos, a mostrar o talento que quer levar a concurso e a indicar a categoria. Caso seja um grupo a candidatar-se, este n\u00e3o pode exceder as 12 pessoas<\/p>\n<p><\/div><\/div><\/div><\/div><\/section><section class=\"article-content uk-section uk-section-small\"><div class=\"uk-container uk-container-small\">\n\n\n\n<hr class=\"wp-block-separator has-alpha-channel-opacity\"\/>\n\n\n\n<h2 class=\"wp-block-heading\">\u201cO capital humano \u00e9 a maior riqueza que pode ser potenciada nos bairros municipais\u201d<\/h2>\n\n\n\n<p>Para Fernando Angleu, presidente do conselho de administra\u00e7\u00e3o da Gebalis, o foco da empresa municipal de Lisboa est\u00e1 nas pessoas e o investimento feito visa sempre \u201ccriar comunidades mais pr\u00f3speras\u201d e melhor qualidade de vida.<\/p>\n\n\n<\/div><\/section><section class=\"image-text uk-section uk-padding-remove\"><div class=\"uk-container\"><div class=\"uk-inline\"><img decoding=\"async\" src=\"https:\/\/cdn.xl.pt\/bs\/uploads\/sites\/190\/2024\/09\/Untitled-1fernando-angleu.jpg\" alt=\"Concurso Talentos do Bairro vai revelar estrelas nos bairros municipais de Lisboa\" loading=\"lazy\" \/><div class=\"uk-visible@s uk-overlay uk-overlay-default uk-position-bottom uk-padding-small uk-text-left\">Fernando Angleu, presidente do conselho de administra\u00e7\u00e3o da Gebalis<\/div><\/div><p class=\"uk-hidden@s uk-text-small uk-text-muted uk-margin-small-top uk-margin-medium-bottom uk-text-left\">Fernando Angleu, presidente do conselho de administra\u00e7\u00e3o da Gebalis<\/p><\/div><\/section><section class=\"article-content uk-section uk-section-small uk-padding-small-top\"><div class=\"uk-container uk-container-small\">\n\n\n\n<h4 class=\"wp-block-heading\"><strong>A Gebalis \u00e9 gestora do maior parque habitacional do Pa\u00eds. Qual a import\u00e2ncia da interven\u00e7\u00e3o comunit\u00e1ria na gest\u00e3o deste edificado?<\/strong><\/h4>\n\n\n\n<p>O mais importante da habita\u00e7\u00e3o municipal, dos bairros municipais, s\u00e3o as pessoas. Esse \u00e9 o nosso foco. Al\u00e9m da gest\u00e3o e manuten\u00e7\u00e3o do edificado, assegurando as condi\u00e7\u00f5es dignas a cada casa, a Gebalis investe no sentido de criar comunidades mais pr\u00f3speras. E temos uma vis\u00e3o muito clara: proporcionar aos nossos moradores ambientes saud\u00e1veis, adaptados \u00e0s suas necessidades, promovendo acesso a oportunidades de desenvolvimento e mobilidade social que lhes permitam melhorar a sua qualidade de vida. A Gebalis aposta numa estrat\u00e9gia de proximidade com interven\u00e7\u00e3o nas comunidades, para que a integra\u00e7\u00e3o, a inclus\u00e3o e a mobilidade social estejam ao alcance de todos.<\/p>\n\n\n<\/div><\/section><section class=\"blockquote uk-section uk-padding-remove\"><div class=\"uk-container\"><blockquote class=\"uk-margin-medium\"><span uk-icon=\"icon: quote-right; ratio: 8.0\"><\/span><h3 class=\"uk-margin-xlarge-left uk-margin-top uk-margin-small-bottom\">O Talentos do Bairro \u00e9 um projeto que d\u00e1 palco aos residentes, impulsiona os seus talentos e d\u00e1 oportunidades aos participantes de crescerem no meio art\u00edstico<\/h3><footer class=\"uk-margin-xlarge-left \"><cite>Fernando Angleu, Presidente do conselho de administra\u00e7\u00e3o da Gebalis<\/cite><\/footer><\/blockquote><\/div><\/section><section class=\"article-content uk-section\"><div class=\"uk-container uk-container-small\">\n\n\n\n<h4 class=\"wp-block-heading\">Que projetos de interven\u00e7\u00e3o comunit\u00e1ria ou local destaca como exemplos?<\/h4>\n\n\n\n<p>A Gebalis tem desenvolvido cada vez mais programas espec\u00edficos, estruturados para crian\u00e7as e jovens, adultos ou seniores. Programas que promovem a boa vizinhan\u00e7a, o acompanhamento aos mais velhos, a intergeracionalidade, a boa apropria\u00e7\u00e3o do edificado, a literacia digital, energ\u00e9tica ou financeira, a responsabilidade ambiental, a coes\u00e3o social e territorial. S\u00e3o muitos os exemplos: O Programa Lotes ComVida, a Community Champions League, o Rock the House, Radar, a Semana Digital Gebalis, Bora Mexer ou o jogo \u201cO Meu Bairro a Minha Cidade\u201d. \u00c9 um investimento nas pessoas, com retorno para a cidade.<\/p>\n\n\n\n<h4 class=\"wp-block-heading\">O concurso Talentos do Bairro \u00e9 um desses projetos. Que oportunidades se abrem aos potenciais candidatos?<\/h4>\n\n\n\n<p>O capital humano \u00e9 a maior riqueza que pode ser potenciada nos bairros municipais onde existem muitos residentes com muitas compet\u00eancias e talentos, que devido a v\u00e1rias raz\u00f5es nem sempre emergem ou evoluem. O Talentos do Bairro \u00e9 um projeto que d\u00e1 palco aos residentes, impulsiona os seus talentos e d\u00e1 oportunidades aos participantes de crescerem no meio art\u00edstico, n\u00e3o descurando o investimento na sua capacita\u00e7\u00e3o. Queremos fomentar, reconhecer e destacar os talentos dos bairros, promovendo a iniciativa, a resili\u00eancia e autoestima dos participantes e das comunidades e a possibilidade de enriquecimento curricular aos participantes. Ser\u00e1, para a maioria, uma experi\u00eancia \u00fanica e muito enriquecedora.<\/p>\n","protected":false},"excerpt":{"rendered":"<p>Sabe cantar, dan\u00e7ar ou gosta de representar para a fam\u00edlia e amigos e tem entre 8 e 88 anos? Ent\u00e3o, esteja atento, porque a partir de 9 de setembro abrem as inscri\u00e7\u00f5es para o concurso Talentos do Bairro, promovido pela Gebalis. A Grande Final ser\u00e1 realizada no Capit\u00f3lio, em Lisboa.<\/p>\n","protected":false},"author":29,"featured_media":61,"parent":0,"menu_order":0,"comment_status":"closed","ping_status":"closed","template":"page_for-enquadramento.php","meta":{"footnotes":""},"categories":[],"tags":[78,84],"class_list":["post-175","page","type-page","status-publish","has-post-thumbnail","hentry","tag-1a-edicao","tag-enquadramento"],"_links":{"self":[{"href":"https:\/\/bs.xl.pt\/talentos-do-bairro\/wp-json\/wp\/v2\/pages\/175","targetHints":{"allow":["GET"]}}],"collection":[{"href":"https:\/\/bs.xl.pt\/talentos-do-bairro\/wp-json\/wp\/v2\/pages"}],"about":[{"href":"https:\/\/bs.xl.pt\/talentos-do-bairro\/wp-json\/wp\/v2\/types\/page"}],"author":[{"embeddable":true,"href":"https:\/\/bs.xl.pt\/talentos-do-bairro\/wp-json\/wp\/v2\/users\/29"}],"replies":[{"embeddable":true,"href":"https:\/\/bs.xl.pt\/talentos-do-bairro\/wp-json\/wp\/v2\/comments?post=175"}],"version-history":[{"count":2,"href":"https:\/\/bs.xl.pt\/talentos-do-bairro\/wp-json\/wp\/v2\/pages\/175\/revisions"}],"predecessor-version":[{"id":181,"href":"https:\/\/bs.xl.pt\/talentos-do-bairro\/wp-json\/wp\/v2\/pages\/175\/revisions\/181"}],"wp:featuredmedia":[{"embeddable":true,"href":"https:\/\/bs.xl.pt\/talentos-do-bairro\/wp-json\/wp\/v2\/media\/61"}],"wp:attachment":[{"href":"https:\/\/bs.xl.pt\/talentos-do-bairro\/wp-json\/wp\/v2\/media?parent=175"}],"wp:term":[{"taxonomy":"category","embeddable":true,"href":"https:\/\/bs.xl.pt\/talentos-do-bairro\/wp-json\/wp\/v2\/categories?post=175"},{"taxonomy":"post_tag","embeddable":true,"href":"https:\/\/bs.xl.pt\/talentos-do-bairro\/wp-json\/wp\/v2\/tags?post=175"}],"curies":[{"name":"wp","href":"https:\/\/api.w.org\/{rel}","templated":true}]}}