{"id":2511,"date":"2025-12-15T14:58:07","date_gmt":"2025-12-15T14:58:07","guid":{"rendered":"https:\/\/bs.xl.pt\/talentos-do-bairro\/?page_id=2511"},"modified":"2025-12-15T14:58:08","modified_gmt":"2025-12-15T14:58:08","slug":"grande-final-2a-edicao","status":"publish","type":"page","link":"https:\/\/bs.xl.pt\/talentos-do-bairro\/grande-final-2a-edicao\/","title":{"rendered":"Final do Talentos do Bairro: a vit\u00f3ria do \u201csonho e da esperan\u00e7a\u201d"},"content":{"rendered":"\n<p>A cantora de gospel Cl\u00e1udia Amador foi a primeira a ser anunciada para o p\u00f3dio por Teresa Guilherme, com um terceiro lugar que a surpreendeu. \u201cEstou muito contente. N\u00e3o estava \u00e0 espera, sinceramente. Todos mereciam. Foi uma alegria muito grande\u201d, afirmou Cl\u00e1udia, visivelmente emocionada, logo a seguir \u00e0 conquista e depois de ter comovido o p\u00fablico com a sua voz de encher a alma.<\/p>\n\n\n\n<p>Logo a seguir, o rapper anteriormente conhecido por Furakuza, e que agora se prefere chamar de Igor d\u2019Ara\u00fajo, foi chamado pela apresentadora ao palco para receber a honra do 2\u00ba lugar no concurso. \u201c\u00c9 um prazer e estou muito feliz. Acho que \u00e9 s\u00f3 mais uma etapa conclu\u00edda na minha vida e uma porta que se vai abrir, se Deus quiser\u201d, afirmou o cantor.<\/p>\n\n\n<\/div><div class=\"uk-container uk-margin-medium\"><iframe width=\"1280\" height=\"720\" src=\"\/\/www.youtube.com\/embed\/WDrsnZJHfpY?showinfo=0\" frameborder=\"0\" allowfullscreen data-uk-responsive referrerpolicy=\"no-referrer-when-downgrade\" loading=\"lazy\"><\/iframe><\/div><div class=\"uk-container uk-container-small\">\n\n\n\n<p>Finalmente, por \u00faltimo mas em primeiro, Teresa Guilherme anunciou o grande vencedor da segunda edi\u00e7\u00e3o do Talentos do Bairro, o cantor Rato Chin\u00eas, de verdadeiro nome David Alexandre Ch\u00e9u Cunha. \u201cEu queria ser mais alto que o sol e a lua ao mesmo tempo\u201d, tinha o Rato Chin\u00eas entoado em palco, ainda antes de saber que ia sentir essa sensa\u00e7\u00e3o de ser mais alto que o sol e que a lua ao mesmo tempo. \u201cEstou muito feliz, muito emocionado, estou nervoso, n\u00e3o consigo dizer uma frase do princ\u00edpio ao fim sem gaguejar mas estou muito contente\u201d, afirmou David Cunha para o microfone, largando por momentos de pura emo\u00e7\u00e3o a pele do artista Rato Chin\u00eas.<\/p>\n\n\n\n<p>Por curiosidade, o nome Rato Chin\u00eas surgiu porque David Cunha em crian\u00e7a era muito \u00e1gil, como um ratinho, e Chin\u00eas porque o bairro onde morava na inf\u00e2ncia era conhecido como \u201co bairro chin\u00eas\u201d.<\/p>\n\n\n\n<p>In\u00eas Coito e Don Fran, vencedores da primeira edi\u00e7\u00e3o e membros do j\u00fari, proporcionaram um momento de pura magia ao interpretarem em palco a can\u00e7\u00e3o \u201cTalento\u201d, que escreveram e compuseram em conjunto, fundindo os seus talentos numa fus\u00e3o do fado de In\u00eas com o rap de Dob Fran. \u201cEsta ideia surgiu j\u00e1 desde a 1\u00aa edi\u00e7\u00e3o no Capit\u00f3lio, n\u00f3s tivemos assim uma fa\u00edsca instant\u00e2nea quando nos ouvimos um ao outro\u201d, contou a fadista. \u201cJunt\u00e1mos os nossos c\u00e9rebros para trazer essas palavras c\u00e1 para fora e tamb\u00e9m para motivar estes talentos para n\u00e3o desistirem e continuarem a ir em frente\u201d.<\/p>\n\n\n\n<h2 class=\"wp-block-heading\">\u201c\u00c9 dar o palco a estas pessoas\u201d<\/h2>\n\n\n\n<p>Fernando Angleu, presidente do conselho de administra\u00e7\u00e3o da Gebalis, era o rosto da vis\u00edvel satisfa\u00e7\u00e3o da empresa que gere os bairros municipais de Lisboa com um projeto que empodera a comunidade e que \u00e9 para continuar. \u201cO que n\u00f3s queremos \u00e9 que toda a gente venha, toda a gente participe, e que ningu\u00e9m tenha d\u00favidas das suas capacidades. Portanto, \u00e9 dar uma oportunidade a essas pessoas, \u00e9 dar o palco a essas pessoas. O foco di\u00e1rio da Gebalis s\u00e3o as pessoas\u201d, afirmou Fernando Angleu.<\/p>\n\n\n\n<p>Para Carlos Moedas, presidente da C\u00e2mara de Lisboa, o Talentos do Bairro \u201c\u00e9 um projeto de esperan\u00e7a e de sonho\u201d. \u201cEu, que vivo muito nos bairros municipais, conhe\u00e7o os problemas dos bairros municipais, com tudo aquilo que n\u00f3s fazemos na habita\u00e7\u00e3o, acho que nos faltava ter esta componente da esperan\u00e7a, do sonho daqueles que l\u00e1 vivem, com aquilo que eles querem ser, com o que representam\u201d, afirmou o autarca, que aplaudiu todos os talentos que subiram ao palco.<\/p>\n\n\n\n<p>Ambos os respons\u00e1veis refor\u00e7aram a ideia de que este projeto vai ter continuidade. Portanto, para o pr\u00f3ximo ano, volta a haver lugar aos sonhos com a terceira edi\u00e7\u00e3o do Talentos do Bairro.<\/p>\n","protected":false},"excerpt":{"rendered":"<p>O cantor Rato Chin\u00eas foi o grande vencedor da final do Talentos do Bairro, seguido dos cantores  Igor D\u2019Ara\u00fajo e Cl\u00e1udia Amador. Mas a maior vit\u00f3ria \u00e9 a do \u201csonho e da esperan\u00e7a\u201d, palavras usadas pelo autarcar Carlos Moedas para designar o projeto. \u00c9 \u201cdar oportunidade\u201d a quem n\u00e3o as tem, como resumiu Fernando Angleu, presidente da Gebalis. E para o ano h\u00e1 mais.<\/p>\n","protected":false},"author":29,"featured_media":2514,"parent":0,"menu_order":0,"comment_status":"closed","ping_status":"closed","template":"page_for-finalissima.php","meta":{"footnotes":""},"categories":[],"tags":[],"class_list":["post-2511","page","type-page","status-publish","has-post-thumbnail","hentry"],"_links":{"self":[{"href":"https:\/\/bs.xl.pt\/talentos-do-bairro\/wp-json\/wp\/v2\/pages\/2511","targetHints":{"allow":["GET"]}}],"collection":[{"href":"https:\/\/bs.xl.pt\/talentos-do-bairro\/wp-json\/wp\/v2\/pages"}],"about":[{"href":"https:\/\/bs.xl.pt\/talentos-do-bairro\/wp-json\/wp\/v2\/types\/page"}],"author":[{"embeddable":true,"href":"https:\/\/bs.xl.pt\/talentos-do-bairro\/wp-json\/wp\/v2\/users\/29"}],"replies":[{"embeddable":true,"href":"https:\/\/bs.xl.pt\/talentos-do-bairro\/wp-json\/wp\/v2\/comments?post=2511"}],"version-history":[{"count":1,"href":"https:\/\/bs.xl.pt\/talentos-do-bairro\/wp-json\/wp\/v2\/pages\/2511\/revisions"}],"predecessor-version":[{"id":2550,"href":"https:\/\/bs.xl.pt\/talentos-do-bairro\/wp-json\/wp\/v2\/pages\/2511\/revisions\/2550"}],"wp:featuredmedia":[{"embeddable":true,"href":"https:\/\/bs.xl.pt\/talentos-do-bairro\/wp-json\/wp\/v2\/media\/2514"}],"wp:attachment":[{"href":"https:\/\/bs.xl.pt\/talentos-do-bairro\/wp-json\/wp\/v2\/media?parent=2511"}],"wp:term":[{"taxonomy":"category","embeddable":true,"href":"https:\/\/bs.xl.pt\/talentos-do-bairro\/wp-json\/wp\/v2\/categories?post=2511"},{"taxonomy":"post_tag","embeddable":true,"href":"https:\/\/bs.xl.pt\/talentos-do-bairro\/wp-json\/wp\/v2\/tags?post=2511"}],"curies":[{"name":"wp","href":"https:\/\/api.w.org\/{rel}","templated":true}]}}