{"id":661,"date":"2024-12-11T16:44:31","date_gmt":"2024-12-11T16:44:31","guid":{"rendered":"https:\/\/bs.xl.pt\/talentos-do-bairro\/?page_id=661"},"modified":"2025-12-15T12:48:09","modified_gmt":"2025-12-15T12:48:09","slug":"grande-final-1a-edicao","status":"publish","type":"page","link":"https:\/\/bs.xl.pt\/talentos-do-bairro\/grande-final-1a-edicao\/","title":{"rendered":"Grande Final dos Talentos do Bairro \u2013 onde a vit\u00f3ria foi da diversidade"},"content":{"rendered":"\n<p>Hist\u00f3rias de supera\u00e7\u00e3o e talento vindas dos bairros municipais de Lisboa encheram o palco e os cora\u00e7\u00f5es desta hist\u00f3rica sala lisboeta.<\/p>\n\n\n\n<p>Os Talentos do Bairro, uma iniciativa da Gebalis com o apoio da Lisboa Cultura, do BPI \u2013 Funda\u00e7\u00e3o \u201cLa Caixa\u201d e do Correio da Manh\u00e3, consagraram dia 8 de dezembro os seus vencedores. <strong>In\u00eas Coito<\/strong> encantou e conquistou o primeiro lugar. O segundo lugar foi para o grupo <strong>Projeto Dan\u00e7a<\/strong> o o 3\u00ba para o rapper e m\u00fasico <strong>Don Fran<\/strong>. O talento era tanto que foi ainda atribu\u00edda uma men\u00e7\u00e3o honrosa \u00e0 jovem dupla L&amp;L Groove.<\/p>\n\n\n<\/div><div class=\"uk-container uk-margin-medium\"><iframe width=\"1280\" height=\"720\" src=\"\/\/www.youtube.com\/embed\/rYcXyBdMeA8?showinfo=0\" frameborder=\"0\" allowfullscreen data-uk-responsive referrerpolicy=\"no-referrer-when-downgrade\" loading=\"lazy\"><\/iframe><\/div><div class=\"uk-container uk-container-small\">\n\n\n\n<p>A primeira edi\u00e7\u00e3o da iniciativa Talentos do Bairro foi um sucesso! Fiquem atentos para saber que novidades poder\u00e3o ainda surgir.<\/p>\n\n\n<\/div><\/section><section class=\"lightbox-gallery uk-section uk-section-small\"><div class=\"uk-container\"><div class=\"uk-position-relative uk-visible-toggle custom-slider\" tabindex=\"-1\" data-uk-slider=\"sets: true\">\n<ul class=\"uk-slider-items uk-child-width-1-2@s uk-child-width-1-3@m uk-grid uk-flex uk-flex-middle\" data-uk-grid data-uk-lightbox=\"animation: slide\">\n<li>\n<div class=\"uk-panel\">\n<a href=\"https:\/\/cdn.xl.pt\/bs\/uploads\/sites\/190\/2024\/12\/MN_05364.jpg\" data-caption=\"\" data-type=\"image\"><img decoding=\"async\" id=\"682\" src=\"https:\/\/cdn.xl.pt\/bs\/uploads\/sites\/190\/2024\/12\/MN_05364.jpg\" alt=\"\" \/><\/a><\/div>\n<\/li>\n<li>\n<div class=\"uk-panel\">\n<a href=\"https:\/\/cdn.xl.pt\/bs\/uploads\/sites\/190\/2024\/12\/MN_05809.jpg\" data-caption=\"\" data-type=\"image\"><img decoding=\"async\" id=\"697\" src=\"https:\/\/cdn.xl.pt\/bs\/uploads\/sites\/190\/2024\/12\/MN_05809.jpg\" alt=\"\" \/><\/a><\/div>\n<\/li>\n<li>\n<div class=\"uk-panel\">\n<a href=\"https:\/\/cdn.xl.pt\/bs\/uploads\/sites\/190\/2024\/12\/MN_05875.jpg\" data-caption=\"\" data-type=\"image\"><img decoding=\"async\" id=\"703\" src=\"https:\/\/cdn.xl.pt\/bs\/uploads\/sites\/190\/2024\/12\/MN_05875.jpg\" alt=\"\" \/><\/a><\/div>\n<\/li>\n<li>\n<div class=\"uk-panel\">\n<a href=\"https:\/\/cdn.xl.pt\/bs\/uploads\/sites\/190\/2024\/12\/MN_05814.jpg\" data-caption=\"\" data-type=\"image\"><img decoding=\"async\" id=\"700\" src=\"https:\/\/cdn.xl.pt\/bs\/uploads\/sites\/190\/2024\/12\/MN_05814.jpg\" alt=\"\" \/><\/a><\/div>\n<\/li>\n<li>\n<div class=\"uk-panel\">\n<a href=\"https:\/\/cdn.xl.pt\/bs\/uploads\/sites\/190\/2024\/12\/MN_07422.jpg\" data-caption=\"\" data-type=\"image\"><img decoding=\"async\" id=\"706\" src=\"https:\/\/cdn.xl.pt\/bs\/uploads\/sites\/190\/2024\/12\/MN_07422.jpg\" alt=\"\" \/><\/a><\/div>\n<\/li>\n<li>\n<div class=\"uk-panel\">\n<a href=\"https:\/\/cdn.xl.pt\/bs\/uploads\/sites\/190\/2024\/12\/MN_05734.jpg\" data-caption=\"\" data-type=\"image\"><img decoding=\"async\" id=\"688\" src=\"https:\/\/cdn.xl.pt\/bs\/uploads\/sites\/190\/2024\/12\/MN_05734.jpg\" alt=\"\" \/><\/a><\/div>\n<\/li>\n<li>\n<div class=\"uk-panel\">\n<a href=\"https:\/\/cdn.xl.pt\/bs\/uploads\/sites\/190\/2024\/12\/MN_05760.jpg\" data-caption=\"\" data-type=\"image\"><img decoding=\"async\" id=\"691\" src=\"https:\/\/cdn.xl.pt\/bs\/uploads\/sites\/190\/2024\/12\/MN_05760.jpg\" alt=\"\" \/><\/a><\/div>\n<\/li>\n<li>\n<div class=\"uk-panel\">\n<a href=\"https:\/\/cdn.xl.pt\/bs\/uploads\/sites\/190\/2024\/12\/MN_05799.jpg\" data-caption=\"\" data-type=\"image\"><img decoding=\"async\" id=\"694\" src=\"https:\/\/cdn.xl.pt\/bs\/uploads\/sites\/190\/2024\/12\/MN_05799.jpg\" alt=\"\" \/><\/a><\/div>\n<\/li>\n<li>\n<div class=\"uk-panel\">\n<a href=\"https:\/\/cdn.xl.pt\/bs\/uploads\/sites\/190\/2024\/12\/MN_06757.jpg\" data-caption=\"\" data-type=\"image\"><img decoding=\"async\" id=\"739\" src=\"https:\/\/cdn.xl.pt\/bs\/uploads\/sites\/190\/2024\/12\/MN_06757.jpg\" alt=\"\" \/><\/a><\/div>\n<\/li>\n<li>\n<div class=\"uk-panel\">\n<a href=\"https:\/\/cdn.xl.pt\/bs\/uploads\/sites\/190\/2024\/12\/MN_06726.jpg\" data-caption=\"\" data-type=\"image\"><img decoding=\"async\" id=\"742\" src=\"https:\/\/cdn.xl.pt\/bs\/uploads\/sites\/190\/2024\/12\/MN_06726.jpg\" alt=\"\" \/><\/a><\/div>\n<\/li>\n<li>\n<div class=\"uk-panel\">\n<a href=\"https:\/\/cdn.xl.pt\/bs\/uploads\/sites\/190\/2024\/12\/MN_06923.jpg\" data-caption=\"\" data-type=\"image\"><img decoding=\"async\" id=\"748\" src=\"https:\/\/cdn.xl.pt\/bs\/uploads\/sites\/190\/2024\/12\/MN_06923.jpg\" alt=\"\" \/><\/a><\/div>\n<\/li>\n<li>\n<div class=\"uk-panel\">\n<a href=\"https:\/\/cdn.xl.pt\/bs\/uploads\/sites\/190\/2024\/12\/MN_06843.jpg\" data-caption=\"\" data-type=\"image\"><img decoding=\"async\" id=\"751\" src=\"https:\/\/cdn.xl.pt\/bs\/uploads\/sites\/190\/2024\/12\/MN_06843.jpg\" alt=\"\" \/><\/a><\/div>\n<\/li>\n<li>\n<div class=\"uk-panel\">\n<a href=\"https:\/\/cdn.xl.pt\/bs\/uploads\/sites\/190\/2024\/12\/MN_06954.jpg\" data-caption=\"\" data-type=\"image\"><img decoding=\"async\" id=\"754\" src=\"https:\/\/cdn.xl.pt\/bs\/uploads\/sites\/190\/2024\/12\/MN_06954.jpg\" alt=\"\" \/><\/a><\/div>\n<\/li>\n<li>\n<div class=\"uk-panel\">\n<a href=\"https:\/\/cdn.xl.pt\/bs\/uploads\/sites\/190\/2024\/12\/MN_06154.jpg\" data-caption=\"\" data-type=\"image\"><img decoding=\"async\" id=\"763\" src=\"https:\/\/cdn.xl.pt\/bs\/uploads\/sites\/190\/2024\/12\/MN_06154.jpg\" alt=\"\" \/><\/a><\/div>\n<\/li>\n<li>\n<div class=\"uk-panel\">\n<a href=\"https:\/\/cdn.xl.pt\/bs\/uploads\/sites\/190\/2024\/12\/MN_06168.jpg\" data-caption=\"\" data-type=\"image\"><img decoding=\"async\" id=\"766\" src=\"https:\/\/cdn.xl.pt\/bs\/uploads\/sites\/190\/2024\/12\/MN_06168.jpg\" alt=\"\" \/><\/a><\/div>\n<\/li>\n<li>\n<div class=\"uk-panel\">\n<a href=\"https:\/\/cdn.xl.pt\/bs\/uploads\/sites\/190\/2024\/12\/MN_06658.jpg\" data-caption=\"\" data-type=\"image\"><img decoding=\"async\" id=\"772\" src=\"https:\/\/cdn.xl.pt\/bs\/uploads\/sites\/190\/2024\/12\/MN_06658.jpg\" alt=\"\" \/><\/a><\/div>\n<\/li>\n<li>\n<div class=\"uk-panel\">\n<a href=\"https:\/\/cdn.xl.pt\/bs\/uploads\/sites\/190\/2024\/12\/MN_06632.jpg\" data-caption=\"\" data-type=\"image\"><img decoding=\"async\" id=\"775\" src=\"https:\/\/cdn.xl.pt\/bs\/uploads\/sites\/190\/2024\/12\/MN_06632.jpg\" alt=\"\" \/><\/a><\/div>\n<\/li>\n<li>\n<div class=\"uk-panel\">\n<a href=\"https:\/\/cdn.xl.pt\/bs\/uploads\/sites\/190\/2024\/12\/MN_06629.jpg\" data-caption=\"\" data-type=\"image\"><img decoding=\"async\" id=\"778\" src=\"https:\/\/cdn.xl.pt\/bs\/uploads\/sites\/190\/2024\/12\/MN_06629.jpg\" alt=\"\" \/><\/a><\/div>\n<\/li>\n<li>\n<div class=\"uk-panel\">\n<a href=\"https:\/\/cdn.xl.pt\/bs\/uploads\/sites\/190\/2024\/12\/MN_07314.jpg\" data-caption=\"\" data-type=\"image\"><img decoding=\"async\" id=\"781\" src=\"https:\/\/cdn.xl.pt\/bs\/uploads\/sites\/190\/2024\/12\/MN_07314.jpg\" alt=\"\" \/><\/a><\/div>\n<\/li>\n<li>\n<div class=\"uk-panel\">\n<a href=\"https:\/\/cdn.xl.pt\/bs\/uploads\/sites\/190\/2024\/12\/MN_07313.jpg\" data-caption=\"\" data-type=\"image\"><img decoding=\"async\" id=\"784\" src=\"https:\/\/cdn.xl.pt\/bs\/uploads\/sites\/190\/2024\/12\/MN_07313.jpg\" alt=\"\" \/><\/a><\/div>\n<\/li>\n<li>\n<div class=\"uk-panel\">\n<a href=\"https:\/\/cdn.xl.pt\/bs\/uploads\/sites\/190\/2024\/12\/MN_07276.jpg\" data-caption=\"\" data-type=\"image\"><img decoding=\"async\" id=\"787\" src=\"https:\/\/cdn.xl.pt\/bs\/uploads\/sites\/190\/2024\/12\/MN_07276.jpg\" alt=\"\" \/><\/a><\/div>\n<\/li>\n<li>\n<div class=\"uk-panel\">\n<a href=\"https:\/\/cdn.xl.pt\/bs\/uploads\/sites\/190\/2024\/12\/MN_06273.jpg\" data-caption=\"\" data-type=\"image\"><img decoding=\"async\" id=\"796\" src=\"https:\/\/cdn.xl.pt\/bs\/uploads\/sites\/190\/2024\/12\/MN_06273.jpg\" alt=\"\" \/><\/a><\/div>\n<\/li>\n<li>\n<div class=\"uk-panel\">\n<a href=\"https:\/\/cdn.xl.pt\/bs\/uploads\/sites\/190\/2024\/12\/MN_06259.jpg\" data-caption=\"\" data-type=\"image\"><img decoding=\"async\" id=\"805\" src=\"https:\/\/cdn.xl.pt\/bs\/uploads\/sites\/190\/2024\/12\/MN_06259.jpg\" alt=\"\" \/><\/a><\/div>\n<\/li>\n<li>\n<div class=\"uk-panel\">\n<a href=\"https:\/\/cdn.xl.pt\/bs\/uploads\/sites\/190\/2024\/12\/MN_06311.jpg\" data-caption=\"\" data-type=\"image\"><img decoding=\"async\" id=\"793\" src=\"https:\/\/cdn.xl.pt\/bs\/uploads\/sites\/190\/2024\/12\/MN_06311.jpg\" alt=\"\" \/><\/a><\/div>\n<\/li>\n<li>\n<div class=\"uk-panel\">\n<a href=\"https:\/\/cdn.xl.pt\/bs\/uploads\/sites\/190\/2024\/12\/MN_07167.jpg\" data-caption=\"\" data-type=\"image\"><img decoding=\"async\" id=\"808\" src=\"https:\/\/cdn.xl.pt\/bs\/uploads\/sites\/190\/2024\/12\/MN_07167.jpg\" alt=\"\" \/><\/a><\/div>\n<\/li>\n<li>\n<div class=\"uk-panel\">\n<a href=\"https:\/\/cdn.xl.pt\/bs\/uploads\/sites\/190\/2024\/12\/MN_06097.jpg\" data-caption=\"\" data-type=\"image\"><img decoding=\"async\" id=\"814\" src=\"https:\/\/cdn.xl.pt\/bs\/uploads\/sites\/190\/2024\/12\/MN_06097.jpg\" alt=\"\" \/><\/a><\/div>\n<\/li>\n<li>\n<div class=\"uk-panel\">\n<a href=\"https:\/\/cdn.xl.pt\/bs\/uploads\/sites\/190\/2024\/12\/MN_06060.jpg\" data-caption=\"\" data-type=\"image\"><img decoding=\"async\" id=\"817\" src=\"https:\/\/cdn.xl.pt\/bs\/uploads\/sites\/190\/2024\/12\/MN_06060.jpg\" alt=\"\" \/><\/a><\/div>\n<\/li>\n<li>\n<div class=\"uk-panel\">\n<a href=\"https:\/\/cdn.xl.pt\/bs\/uploads\/sites\/190\/2024\/12\/MN_07387.jpg\" data-caption=\"\" data-type=\"image\"><img decoding=\"async\" id=\"820\" src=\"https:\/\/cdn.xl.pt\/bs\/uploads\/sites\/190\/2024\/12\/MN_07387.jpg\" alt=\"\" \/><\/a><\/div>\n<\/li>\n<li>\n<div class=\"uk-panel\">\n<a href=\"https:\/\/cdn.xl.pt\/bs\/uploads\/sites\/190\/2024\/12\/MN_07406.jpg\" data-caption=\"\" data-type=\"image\"><img decoding=\"async\" id=\"823\" src=\"https:\/\/cdn.xl.pt\/bs\/uploads\/sites\/190\/2024\/12\/MN_07406.jpg\" alt=\"\" \/><\/a><\/div>\n<\/li>\n<li>\n<div class=\"uk-panel\">\n<a href=\"https:\/\/cdn.xl.pt\/bs\/uploads\/sites\/190\/2024\/12\/MN_07377.jpg\" data-caption=\"\" data-type=\"image\"><img decoding=\"async\" id=\"826\" src=\"https:\/\/cdn.xl.pt\/bs\/uploads\/sites\/190\/2024\/12\/MN_07377.jpg\" alt=\"\" \/><\/a><\/div>\n<\/li>\n<li>\n<div class=\"uk-panel\">\n<a href=\"https:\/\/cdn.xl.pt\/bs\/uploads\/sites\/190\/2024\/12\/MN_07109.jpg\" data-caption=\"\" data-type=\"image\"><img decoding=\"async\" id=\"829\" src=\"https:\/\/cdn.xl.pt\/bs\/uploads\/sites\/190\/2024\/12\/MN_07109.jpg\" alt=\"\" \/><\/a><\/div>\n<\/li>\n<li>\n<div class=\"uk-panel\">\n<a href=\"https:\/\/cdn.xl.pt\/bs\/uploads\/sites\/190\/2024\/12\/MN_07074.jpg\" data-caption=\"\" data-type=\"image\"><img decoding=\"async\" id=\"832\" src=\"https:\/\/cdn.xl.pt\/bs\/uploads\/sites\/190\/2024\/12\/MN_07074.jpg\" alt=\"\" \/><\/a><\/div>\n<\/li>\n<li>\n<div class=\"uk-panel\">\n<a href=\"https:\/\/cdn.xl.pt\/bs\/uploads\/sites\/190\/2024\/12\/MN_05976.jpg\" data-caption=\"\" data-type=\"image\"><img decoding=\"async\" id=\"838\" src=\"https:\/\/cdn.xl.pt\/bs\/uploads\/sites\/190\/2024\/12\/MN_05976.jpg\" alt=\"\" \/><\/a><\/div>\n<\/li>\n<li>\n<div class=\"uk-panel\">\n<a href=\"https:\/\/cdn.xl.pt\/bs\/uploads\/sites\/190\/2024\/12\/MN_05965.jpg\" data-caption=\"\" data-type=\"image\"><img decoding=\"async\" id=\"841\" src=\"https:\/\/cdn.xl.pt\/bs\/uploads\/sites\/190\/2024\/12\/MN_05965.jpg\" alt=\"\" \/><\/a><\/div>\n<\/li>\n<li>\n<div class=\"uk-panel\">\n<a href=\"https:\/\/cdn.xl.pt\/bs\/uploads\/sites\/190\/2024\/12\/MN_07221.jpg\" data-caption=\"\" data-type=\"image\"><img decoding=\"async\" id=\"844\" src=\"https:\/\/cdn.xl.pt\/bs\/uploads\/sites\/190\/2024\/12\/MN_07221.jpg\" alt=\"\" \/><\/a><\/div>\n<\/li>\n<li>\n<div class=\"uk-panel\">\n<a href=\"https:\/\/cdn.xl.pt\/bs\/uploads\/sites\/190\/2024\/12\/MN_07248.jpg\" data-caption=\"\" data-type=\"image\"><img decoding=\"async\" id=\"853\" src=\"https:\/\/cdn.xl.pt\/bs\/uploads\/sites\/190\/2024\/12\/MN_07248.jpg\" alt=\"\" \/><\/a><\/div>\n<\/li>\n<\/ul>\n<a class=\"slidenav-previous uk-position-small uk-position-center-left uk-slidenav-large\" href=\"#\" uk-slidenav-previous uk-slider-item=\"previous\"><\/a>\n<a class=\"slidenav-next uk-position-small uk-position-center-right uk-slidenav-large\" href=\"#\" uk-slidenav-next uk-slider-item=\"next\"><\/a>\n<ul class=\"uk-slider-nav uk-dotnav uk-flex-center uk-margin\"><\/ul><\/div>\n<\/div><\/section><section class=\"article-content uk-section\"><div class=\"uk-container uk-container-small\">\n","protected":false},"excerpt":{"rendered":"<p>No passado domingo dia 8 de dezembro, o Capit\u00f3lio encheu para apoiar os Talentos do Bairro e provar que os sonhos n\u00e3o t\u00eam fronteiras.<\/p>\n","protected":false},"author":29,"featured_media":673,"parent":0,"menu_order":0,"comment_status":"closed","ping_status":"closed","template":"page_for-finalissima.php","meta":{"footnotes":""},"categories":[],"tags":[78,87],"class_list":["post-661","page","type-page","status-publish","has-post-thumbnail","hentry","tag-1a-edicao","tag-grande-final"],"_links":{"self":[{"href":"https:\/\/bs.xl.pt\/talentos-do-bairro\/wp-json\/wp\/v2\/pages\/661","targetHints":{"allow":["GET"]}}],"collection":[{"href":"https:\/\/bs.xl.pt\/talentos-do-bairro\/wp-json\/wp\/v2\/pages"}],"about":[{"href":"https:\/\/bs.xl.pt\/talentos-do-bairro\/wp-json\/wp\/v2\/types\/page"}],"author":[{"embeddable":true,"href":"https:\/\/bs.xl.pt\/talentos-do-bairro\/wp-json\/wp\/v2\/users\/29"}],"replies":[{"embeddable":true,"href":"https:\/\/bs.xl.pt\/talentos-do-bairro\/wp-json\/wp\/v2\/comments?post=661"}],"version-history":[{"count":8,"href":"https:\/\/bs.xl.pt\/talentos-do-bairro\/wp-json\/wp\/v2\/pages\/661\/revisions"}],"predecessor-version":[{"id":856,"href":"https:\/\/bs.xl.pt\/talentos-do-bairro\/wp-json\/wp\/v2\/pages\/661\/revisions\/856"}],"wp:featuredmedia":[{"embeddable":true,"href":"https:\/\/bs.xl.pt\/talentos-do-bairro\/wp-json\/wp\/v2\/media\/673"}],"wp:attachment":[{"href":"https:\/\/bs.xl.pt\/talentos-do-bairro\/wp-json\/wp\/v2\/media?parent=661"}],"wp:term":[{"taxonomy":"category","embeddable":true,"href":"https:\/\/bs.xl.pt\/talentos-do-bairro\/wp-json\/wp\/v2\/categories?post=661"},{"taxonomy":"post_tag","embeddable":true,"href":"https:\/\/bs.xl.pt\/talentos-do-bairro\/wp-json\/wp\/v2\/tags?post=661"}],"curies":[{"name":"wp","href":"https:\/\/api.w.org\/{rel}","templated":true}]}}