{"id":119,"date":"2022-04-29T11:52:59","date_gmt":"2022-04-29T10:52:59","guid":{"rendered":"https:\/\/bs.xl.pt\/tranquilidade-pme-sustentavel\/?page_id=119"},"modified":"2025-10-24T14:56:32","modified_gmt":"2025-10-24T13:56:32","slug":"regulamento","status":"publish","type":"page","link":"https:\/\/bs.xl.pt\/tranquilidade-pme-sustentavel\/regulamento\/","title":{"rendered":"Regulamento"},"content":{"rendered":"\n<p>O <strong>SME EnterPRIZE | Pr\u00e9mio Europeu de Sustentabilidade para PME<\/strong> \u00e9 organizado em Portugal pela <strong>Generali<\/strong> <strong>Tranquilidade<\/strong>, marca do Grupo Generali, em associa\u00e7\u00e3o com o Grupo Medialivre, e com a EY, como <em>knowledge partner<\/em>.<\/p>\n\n\n\n<p>Com esta iniciativa, a Generali Tranquilidade pretende dar <strong>visibilidade e voz \u00e0s PME<\/strong> mais sustent\u00e1veis a atuar em Portugal, reconhecendo e promovendo o seu m\u00e9rito e melhores pr\u00e1ticas desenvolvidas.<\/p>\n\n\n\n<h2 class=\"wp-block-heading\">PERIODICIDADE E OBJETIVO<\/h2>\n\n\n\n<p>Este pr\u00e9mio tem uma periodicidade anual e \u00e9 dedicado \u00e0s Pequenas e M\u00e9dias Empresas (PME) que desenvolvem boas pr\u00e1ticas de sustentabilidade, tendo o prop\u00f3sito de as incentivar e de lhes dar visibilidade, bem como de criar um espa\u00e7o de inspira\u00e7\u00e3o, partilha de ideias e debate p\u00fablico em torno da atividade econ\u00f3mica sustent\u00e1vel com impacto tang\u00edvel.<\/p>\n\n\n\n<p>O grande objetivo do <strong>SME EnterPRIZE | Pr\u00e9mio Europeu de Sustentabilidade para PME<\/strong> \u00e9 o de apoiar e incentivar as PME em Portugal no caminho da transforma\u00e7\u00e3o para a sustentabilidade, reconhecendo as pr\u00e1ticas que aliam competitividade e sustentabilidade, com especial foco nas vertentes <em>(1)<\/em> <strong>ambiental<\/strong> e <em>(2)<\/em> <strong>social<\/strong>. Esta iniciativa valoriza as PME que <em>(1)<\/em> fomentam a redu\u00e7\u00e3o das emiss\u00f5es de gases e o efeito estufa, a otimiza\u00e7\u00e3o de recursos e consumos, a reciclagem, a recupera\u00e7\u00e3o de mat\u00e9rias-primas e a economia circular, entre outros; e <em>(2)<\/em> que impactam de forma positiva o bem-estar dos seus colaboradores e fam\u00edlias, e das comunidades e territ\u00f3rios em que atuam.<\/p>\n\n\n\n<p>Assim, e no \u00e2mbito alargado desta iniciativa, a Generali Tranquilidade quer contribuir tamb\u00e9m para o <strong><strong>desenvolvimento de uma economia europeia mais sustent\u00e1vel<\/strong><\/strong>.<\/p>\n\n\n\n<h2 class=\"wp-block-heading\">CATEGORIAS<\/h2>\n\n\n\n<p>Nesta edi\u00e7\u00e3o existem duas categorias a concurso, sujeitas a avalia\u00e7\u00e3o: Social e Ambiental. No formul\u00e1rio de candidatura, a PME poder\u00e1 responder \u00e0s perguntas sobre ambas as categorias, em linha com o projeto que candidatam, podendo a PME distinguida destacar-se por boas pr\u00e1ticas em apenas uma destas ou em ambas.<\/p>\n\n\n\n<h2 class=\"wp-block-heading\">\u00c2MBITO EUROPEU<\/h2>\n\n\n\n<p>As PME a atuar em territ\u00f3rio nacional, que sejam distinguidas, ser\u00e3o anunciadas numa cerim\u00f3nia a realizar em Portugal, em data a anunciar, em janeiro de 2026. A vencedora nacional participar\u00e1 ainda na cerim\u00f3nia em Bruxelas, que decorrer\u00e1 na segunda metade de mar\u00e7o de 2026, e representar\u00e1 Portugal no \u00e2mbito europeu da iniciativa do Grupo Generali, juntamente com os \u201cHer\u00f3is Europeus de Sustentabilidade\u201d dos restantes pa\u00edses participantes.<\/p>\n\n\n\n<h2 class=\"wp-block-heading\">\u00c1REAS DE INTERVEN\u00c7\u00c3O<\/h2>\n\n\n\n<p>O <strong>SME EnterPRIZE | Pr\u00e9mio Europeu de Sustentabilidade para PME<\/strong> selecionar\u00e1 as melhores pr\u00e1ticas sustent\u00e1veis implementadas pelas PME com impacto relevante a n\u00edvel ambiental, em \u00e1reas espec\u00edficas de interven\u00e7\u00e3o:<\/p>\n\n\n\n<ul class=\"wp-block-list\">\n<li>Modelo de neg\u00f3cio<\/li>\n\n\n\n<li>Pessoas: p.ex., diversidade, equidade e inclus\u00e3o<\/li>\n\n\n\n<li>Inova\u00e7\u00e3o e transforma\u00e7\u00e3o digital<\/li>\n\n\n\n<li>Produto \/ Oferta<\/li>\n\n\n\n<li>Servi\u00e7os<\/li>\n<\/ul>\n\n\n\n<h2 class=\"wp-block-heading\">FATORES DE VALORIZA\u00c7\u00c3O<\/h2>\n\n\n\n<p>Em termos gerais, ser\u00e3o valorizadas as PME que se caracterizem por fatores como os descritos abaixo. Esta lista n\u00e3o dever\u00e1 ser considerada vinculativa nem exaustiva.<\/p>\n\n\n\n<h2 class=\"wp-block-heading\">IMPACTO SOCIAL<\/h2>\n\n\n\n<ul class=\"wp-block-list\">\n<li>Sociedade e comunidades<ul><li>Promo\u00e7\u00e3o da igualdade e crescimento inclusivo<\/li><\/ul><ul><li>Apoio a estilos de vida sustent\u00e1veis e ao bem-estar das comunidades<\/li><\/ul>\n<ul class=\"wp-block-list\">\n<li>Respeito pelos direitos humanos<\/li>\n<\/ul>\n<\/li>\n<\/ul>\n\n\n\n<ul class=\"wp-block-list\">\n<li>Colaboradores<ul><li>Promo\u00e7\u00e3o de condi\u00e7\u00f5es de trabalho condignas e de novas formas de trabalhar<\/li><\/ul><ul><li>Fomento de estilos de vida saud\u00e1veis<\/li><\/ul><ul><li>Promo\u00e7\u00e3o da sa\u00fade f\u00edsica e mental<\/li><\/ul><ul><li>Fomento da igualdade e n\u00e3o-discrimina\u00e7\u00e3o no trabalho<\/li><\/ul>\n<ul class=\"wp-block-list\">\n<li>Respeito pelos direitos dos trabalhadores<\/li>\n<\/ul>\n<\/li>\n<\/ul>\n\n\n\n<h2 class=\"wp-block-heading\">BENEF\u00cdCIOS AMBIENTAIS<\/h2>\n\n\n\n<ul class=\"wp-block-list\">\n<li>Atividade economicamente sustent\u00e1vel.<\/li>\n\n\n\n<li>Escalabilidade e replicabilidade.<\/li>\n\n\n\n<li>Modelos de neg\u00f3cio que conciliam competitividade com responsabilidade ambiental, promovendo a transi\u00e7\u00e3o para uma economia circular e neutralidade carb\u00f3nica.<\/li>\n\n\n\n<li>Pesquisa e desenvolvimento de tecnologias inovadoras e que contribuam para a redu\u00e7\u00e3o &nbsp;do consumo de energia ou a emiss\u00e3o de CO<sub>2.<\/sub><\/li>\n\n\n\n<li>Implementa\u00e7\u00e3o de pr\u00e1ticas que recuperem a biodiversidade, os ecossistemas e os recursos naturais.<\/li>\n\n\n\n<li>Potencial de transforma\u00e7\u00e3o e capacidade de aportar inova\u00e7\u00e3o e mudan\u00e7a ao setor de atividade.<\/li>\n<\/ul>\n\n\n\n<h2 class=\"wp-block-heading\">MODO DE PARTICIPA\u00c7\u00c3O<\/h2>\n\n\n\n<p>As PME poder\u00e3o participar com uma ou mais candidaturas, que dever\u00e3o submeter atrav\u00e9s da plataforma eletr\u00f3nica dispon\u00edvel em <a href=\"http:\/\/www.generalipme.com\/\">http:\/\/www.generalipme.com\/<\/a>.<\/p>\n\n\n\n<h2 class=\"wp-block-heading\">PRAZO DE CANDIDATURA 2025<\/h2>\n\n\n\n<p>As candidaturas poder\u00e3o ser submetidas de <strong>23 de outubro<\/strong> a <strong>11 de dezembro<\/strong>, inclusive.<\/p>\n\n\n\n<h2 class=\"wp-block-heading\">J\u00daRI<\/h2>\n\n\n\n<p>A an\u00e1lise e avalia\u00e7\u00e3o das candidaturas ser\u00e1 efetuada por um j\u00fari formado por individualidades independentes, reputados especialistas com provas dadas na \u00e1rea da sustentabilidade, sendo oriundos das esferas acad\u00e9mica, empresarial e associativa.<\/p>\n\n\n\n<p><strong>Alberto Castro<\/strong>, Economista e Professor, Porto Business School, Universidade Cat\u00f3lica Portuguesa<\/p>\n\n\n\n<p><strong>Alexandra Azevedo<\/strong>, Presidente da Dire\u00e7\u00e3o Nacional, Quercus<\/p>\n\n\n\n<p><strong>Filipa Pantale\u00e3o<\/strong>, Secret\u00e1ria-Geral, BCSD<\/p>\n\n\n\n<p><strong>Gon\u00e7alo Salazar Leite<\/strong>, Professor Convidado, Cat\u00f3lica Lisbon SBE<\/p>\n\n\n\n<p><strong>Joaquim Macedo de Sousa<\/strong>, Coordenador, Unidade de Empreendedorismo de Base Territorial da IPN Incubadora<\/p>\n\n\n\n<p><strong>Jos\u00e9 Pimenta Machado<\/strong>, Presidente do CA, APA \u2013 Ag\u00eancia Portuguesa do Ambiente<\/p>\n\n\n\n<p><strong>Lu\u00eds Veiga Martins<\/strong>, Associate Dean for Comunity Engagement &amp; Sustainable Impact e Diretor de Sustentabilidade, Nova School of Business and Economics<\/p>\n\n\n\n<p><strong>Lu\u00edsa Schmidt<\/strong>, Soci\u00f3loga no Instituto Ci\u00eancias de Sociais, Universidade de Lisboa, Coordenadora do Observa \u2013 Observat\u00f3rio de Ambiente, Territ\u00f3rio e Sociedade<\/p>\n\n\n\n<p><strong>Nuno Gon\u00e7alves<\/strong>, Vogal do Conselho Diretivo, IAPMEI<\/p>\n\n\n\n<p>Da decis\u00e3o do J\u00fari n\u00e3o cabe reclama\u00e7\u00e3o ou recurso.<\/p>\n\n\n\n<h2 class=\"wp-block-heading\">PR\u00c9MIOS<\/h2>\n\n\n\n<p>A Generali Tranquilidade atribuir\u00e1 um conjunto de pr\u00e9mios \u00e0s PME distinguidas, \u201cher\u00f3is de sustentabilidade\u201d: produtos e servi\u00e7os da Generali Tranquilidade, avaliados em mais de 20 mil euros, e um plano de meios e difus\u00e3o do Grupo Medialivre, avaliado em mais de 2 milh\u00f5es de euros*.<\/p>\n\n\n\n<p><strong>&gt; PME vencedora<\/strong><\/p>\n\n\n\n<ul class=\"wp-block-list\">\n<li>Seguros da Generali Tranquilidade at\u00e9 10.000\u20ac;<\/li>\n\n\n\n<li>Diagn\u00f3stico Global de Seguran\u00e7a** vocacionado para riscos patrimoniais com identifica\u00e7\u00e3o de potenciais riscos ambientais, no valor estimado de 5.000\u20ac;<\/li>\n\n\n\n<li>Difus\u00e3o e cobertura medi\u00e1tica nos formatos papel, digital e TV, no Correio da Manh\u00e3, S\u00c1BADO e CMTV;<\/li>\n\n\n\n<li>O l\u00edder da PME recebe uma inscri\u00e7\u00e3o no programa VOICE Leadership Initiative, forma\u00e7\u00e3o para l\u00edderes de PME, na NOVA SBE;<\/li>\n\n\n\n<li>V\u00eddeo promocional da empresa;<\/li>\n\n\n\n<li>Trof\u00e9u, diploma e selo digital de \u201cPME Sustent\u00e1vel | Vencedor\u201d.<\/li>\n<\/ul>\n\n\n\n<p><strong>&gt;<\/strong><strong> <\/strong><strong>PME men\u00e7\u00f5es honrosas<\/strong><\/p>\n\n\n\n<ul class=\"wp-block-list\">\n<li>O l\u00edder de cada PME recebe uma inscri\u00e7\u00e3o no programa VOICE Leadership Initiative, forma\u00e7\u00e3o para l\u00edderes de PME, na NOVA SBE;<\/li>\n\n\n\n<li>V\u00eddeo promocional da empresa;<\/li>\n\n\n\n<li>Difus\u00e3o e cobertura medi\u00e1tica nos formatos papel, digital e TV, no Correio da Manh\u00e3, S\u00c1BADO e CMTV;<\/li>\n\n\n\n<li>Trof\u00e9u, diploma e selo digital de \u201cPME Sustent\u00e1vel | Men\u00e7\u00e3o Honrosa\u201d.<\/li>\n<\/ul>\n\n\n\n<p><strong>&gt; TOP 10<\/strong><\/p>\n\n\n\n<ul class=\"wp-block-list\">\n<li>Os l\u00edderes das 10 PME mais bem classificadas recebem uma inscri\u00e7\u00e3o no programa VOICE Leadership Initiative, forma\u00e7\u00e3o para l\u00edderes de PME, na NOVA SBE.<\/li>\n\n\n\n<li>Diploma \u201cPME Sustent\u00e1vel | TOP 10\u201d<\/li>\n<\/ul>\n\n\n\n<p>Adicionalmente, o \u201c<strong>her\u00f3i portugu\u00eas de sustentabilidade<\/strong>\u201d representar\u00e1 Portugal na final europeia da competi\u00e7\u00e3o, na segunda metade de mar\u00e7o de 2026 (dia a definir), em Bruxelas, com os custos de desloca\u00e7\u00e3o e estadia, para uma pessoa, suportados pela Generali.<\/p>\n\n\n\n<p>* &nbsp;&nbsp;&nbsp;A pre\u00e7os de tabela.<br>** Exclusivamente 1 local alvo de an\u00e1lise, situado em territ\u00f3rio portugu\u00eas.<\/p>\n\n\n\n<h2 class=\"wp-block-heading\">ELEGIBILIDADE<\/h2>\n\n\n\n<p>Poder\u00e3o candidatar-se a este Pr\u00e9mio as PME a atuar em territ\u00f3rio nacional, que desenvolvam projetos que se caracterizem por boas pr\u00e1ticas de sustentabilidade.<\/p>\n\n\n\n<p>Condi\u00e7\u00f5es obrigat\u00f3rias para participa\u00e7\u00e3o das PME candidatas:<\/p>\n\n\n\n<ul class=\"wp-block-list\">\n<li>ter at\u00e9 249 trabalhadores;<\/li>\n\n\n\n<li>ser coletadas e sediadas em Portugal e gerar benef\u00edcios diretos para Portugal;<\/li>\n\n\n\n<li>apresentar fatura\u00e7\u00e3o superior a 0\u20ac;<\/li>\n\n\n\n<li>apresentar um volume de neg\u00f3cios em 2024 inferior a 50 milh\u00f5es de euros e\/ou um balan\u00e7o anual inferior a 43 milh\u00f5es de euros;<\/li>\n\n\n\n<li>ter prote\u00e7\u00e3o da atividade, ativos e empregados;<\/li>\n\n\n\n<li>submeter produtos, servi\u00e7os ou projetos com impacto(s) mensur\u00e1vel(is) a partir de 2022 ou data posterior, e apresentar um controlo dos resultados alcan\u00e7ados e dos efeitos \u00e0 data;<\/li>\n\n\n\n<li>estar dispon\u00edveis para uma eventual visita do J\u00fari, caso este o entenda relevante para a tomada da decis\u00e3o final.<\/li>\n<\/ul>\n\n\n\n<p>As PME que em qualquer edi\u00e7\u00e3o anterior tenham sido distinguidas com um pr\u00e9mio, poder\u00e3o voltar a candidatar-se desde que o fa\u00e7am com um projeto diferente.<\/p>\n\n\n\n<h2 class=\"wp-block-heading\">CRIT\u00c9RIOS DE EXCLUS\u00c3O<\/h2>\n\n\n\n<p>Ser\u00e3o exclu\u00eddas do Pr\u00e9mio as PME que:<\/p>\n\n\n\n<ul class=\"wp-block-list\">\n<li>tenham registo de incidentes ou incumprimentos junto do sistema financeiro nacional e internacional;<\/li>\n\n\n\n<li>n\u00e3o tenham a situa\u00e7\u00e3o regularizada junto da Administra\u00e7\u00e3o Fiscal e da Seguran\u00e7a Social;<\/li>\n\n\n\n<li>n\u00e3o cumpram os requisitos previstos e\/ou n\u00e3o preencham corretamente o formul\u00e1rio de candidatura.<\/li>\n\n\n\n<li>se enquadrem em setores de atividade exclu\u00eddos pelo Grupo Generali.<\/li>\n<\/ul>\n\n\n\n<h2 class=\"wp-block-heading\">DISPOSI\u00c7\u00d5ES FINAIS<\/h2>\n\n\n\n<p>As entidades promotoras do <strong>SME EnterPRIZE | Pr\u00e9mio Europeu de Sustentabilidade para PME<\/strong> garantem a confidencialidade de toda a informa\u00e7\u00e3o disponibilizada durante o processo de candidatura e avalia\u00e7\u00e3o dos projetos a concurso.<\/p>\n\n\n\n<p>Ainda assim, as PME que se candidatem n\u00e3o dever\u00e3o disponibilizar informa\u00e7\u00e3o t\u00e9cnica, cient\u00edfica ou outra considerada sigilosa do ponto de vista da prote\u00e7\u00e3o da propriedade intelectual.<\/p>\n\n\n\n<p>As entidades promotoras do <strong>SME EnterPRIZE | Pr\u00e9mio Europeu de Sustentabilidade para PME<\/strong> reservam-se o direito de modificar, por m\u00fatuo acordo, o presente Regulamento, bem como a composi\u00e7\u00e3o do J\u00fari, por motivos de for\u00e7a maior.<\/p>\n\n\n\n<p>Todos os casos omissos e as quest\u00f5es suscitadas na interpreta\u00e7\u00e3o do presente Regulamento ser\u00e3o objeto de resolu\u00e7\u00e3o por parte da Generali Tranquilidade e da Medialivre, de que n\u00e3o caber\u00e1 recurso nem reclama\u00e7\u00e3o.<\/p>\n\n\n\n<p>Os vencedores s\u00f3 ter\u00e3o direito a receber os respetivos pr\u00e9mios desde que autorizem previamente a Generali Tranquilidade e a Medialivre a utilizar gratuitamente o seu nome e imagem, para efeitos publicit\u00e1rios.<\/p>\n\n\n\n<p>Mais informa\u00e7\u00f5es sobre o <strong>SME EnterPRIZE | Pr\u00e9mio Europeu de Sustentabilidade para PME<\/strong> dispon\u00edveis em www.generalipme.com.<\/p>\n\n\n\n<p>Para esclarecimento de d\u00favidas: generalipme@tranquilidade.pt<\/p>\n\n\n\n<a class=\"uk-button uk-button-large uk-button-secondary\" target=\"_blank\" rel=\"noopener\" href=\"https:\/\/cdn.xl.pt\/bs\/uploads\/sites\/92\/2024\/08\/Regulamento-SME-EnterPRIZE_2024.pdf\">Regulamento <span uk-icon=\"icon: download\"><\/span><\/a>\n","protected":false},"excerpt":{"rendered":"<p>O SME EnterPRIZE | Pr\u00e9mio Europeu de Sustentabilidade para PME \u00e9 organizado em Portugal pela Generali Tranquilidade, marca do Grupo Generali, em associa\u00e7\u00e3o com o Grupo Medialivre, e com a EY, como knowledge partner. Com esta iniciativa, a Generali Tranquilidade pretende dar visibilidade e voz \u00e0s PME mais sustent\u00e1veis a atuar em Portugal, reconhecendo e [&hellip;]<\/p>\n","protected":false},"author":5,"featured_media":0,"parent":0,"menu_order":0,"comment_status":"closed","ping_status":"closed","template":"","meta":{"footnotes":""},"class_list":["post-119","page","type-page","status-publish","hentry"],"_links":{"self":[{"href":"https:\/\/bs.xl.pt\/tranquilidade-pme-sustentavel\/wp-json\/wp\/v2\/pages\/119","targetHints":{"allow":["GET"]}}],"collection":[{"href":"https:\/\/bs.xl.pt\/tranquilidade-pme-sustentavel\/wp-json\/wp\/v2\/pages"}],"about":[{"href":"https:\/\/bs.xl.pt\/tranquilidade-pme-sustentavel\/wp-json\/wp\/v2\/types\/page"}],"author":[{"embeddable":true,"href":"https:\/\/bs.xl.pt\/tranquilidade-pme-sustentavel\/wp-json\/wp\/v2\/users\/5"}],"replies":[{"embeddable":true,"href":"https:\/\/bs.xl.pt\/tranquilidade-pme-sustentavel\/wp-json\/wp\/v2\/comments?post=119"}],"version-history":[{"count":48,"href":"https:\/\/bs.xl.pt\/tranquilidade-pme-sustentavel\/wp-json\/wp\/v2\/pages\/119\/revisions"}],"predecessor-version":[{"id":2694,"href":"https:\/\/bs.xl.pt\/tranquilidade-pme-sustentavel\/wp-json\/wp\/v2\/pages\/119\/revisions\/2694"}],"wp:attachment":[{"href":"https:\/\/bs.xl.pt\/tranquilidade-pme-sustentavel\/wp-json\/wp\/v2\/media?parent=119"}],"curies":[{"name":"wp","href":"https:\/\/api.w.org\/{rel}","templated":true}]}}