{"id":1468,"date":"2023-10-16T10:10:27","date_gmt":"2023-10-16T09:10:27","guid":{"rendered":"https:\/\/bs.xl.pt\/tranquilidade-pme-sustentavel\/?page_id=1468"},"modified":"2024-07-18T12:02:07","modified_gmt":"2024-07-18T11:02:07","slug":"2a-edicao","status":"publish","type":"page","link":"https:\/\/bs.xl.pt\/tranquilidade-pme-sustentavel\/vencedores\/2a-edicao\/","title":{"rendered":"2\u00aa Edi\u00e7\u00e3o"},"content":{"rendered":"\n<div class=\"wp-block-group\"><div class=\"wp-block-group__inner-container is-layout-flow wp-block-group-is-layout-flow\">\n<h4 class=\"wp-block-heading\">Vencedor<\/h4>\n\n\n\n<p>Miranda &amp; Irm\u00e3o<br><strong>Projeto:<\/strong> Miranda Sustainability Initiative<\/p>\n\n\n<div class=\"uk-margin-medium\"><iframe width=\"1280\" height=\"720\" src=\"\/\/www.youtube.com\/embed\/EjvGIfRS0RE?showinfo=0\" frameborder=\"0\" allowfullscreen data-uk-responsive loading=\"lazy\" referrerpolicy=\"no-referrer-when-downgrade\" title=\"\"><\/iframe><\/div>\n<\/div><\/div>\n\n\n\n<div class=\"wp-block-group\"><div class=\"wp-block-group__inner-container is-layout-flow wp-block-group-is-layout-flow\">\n<div class=\"wp-block-columns is-layout-flex wp-container-core-columns-is-layout-9d6595d7 wp-block-columns-is-layout-flex\">\n<div class=\"wp-block-column is-layout-flow wp-block-column-is-layout-flow\" style=\"flex-basis:50%\">\n<h4 class=\"wp-block-heading\">Men\u00e7\u00e3o Honrosa<\/h4>\n\n\n\n<p>Val\u00e9rius \u2013 T\u00eaxteis, SA<br><strong>Projeto:<\/strong> Val\u00e9rius 360<\/p>\n\n\n<div><iframe width=\"1280\" height=\"720\" src=\"\/\/www.youtube.com\/embed\/uUb6RfN8jwU?showinfo=0\" frameborder=\"0\" allowfullscreen data-uk-responsive loading=\"lazy\" referrerpolicy=\"no-referrer-when-downgrade\" title=\"\"><\/iframe><\/div>\n<\/div>\n\n\n\n<div class=\"wp-block-column is-layout-flow wp-block-column-is-layout-flow\" style=\"flex-basis:50%\">\n<h4 class=\"wp-block-heading\">Men\u00e7\u00e3o Honrosa<\/h4>\n\n\n\n<p>NEYA Porto Hotel<br><strong>Projeto:<\/strong> Sustentabilidade do NEYA Porto Hotel<\/p>\n\n\n<div><iframe width=\"1280\" height=\"720\" src=\"\/\/www.youtube.com\/embed\/C5eBuxkyn2A?showinfo=0\" frameborder=\"0\" allowfullscreen data-uk-responsive loading=\"lazy\" referrerpolicy=\"no-referrer-when-downgrade\" title=\"\"><\/iframe><\/div>\n<\/div>\n<\/div>\n<\/div><\/div>\n\n\n\n<div class=\"wp-block-group\"><div class=\"wp-block-group__inner-container is-layout-flow wp-block-group-is-layout-flow\">\n<div class=\"wp-block-columns is-layout-flex wp-container-core-columns-is-layout-9d6595d7 wp-block-columns-is-layout-flex\">\n<div class=\"wp-block-column uk-card uk-card-secondary uk-card-body is-layout-flow wp-block-column-is-layout-flow\" style=\"flex-basis:50%\">\n<h4 class=\"wp-block-heading\">Finalista<\/h4>\n\n\n\n<p>CALCOB \u2013 Cooperativa Agr\u00edcola de Oliveira do Bairro e Vagos, CRL<\/p>\n\n\n\n<p><strong>Projeto:<\/strong> Sustentabilidade e Economia Circular<\/p>\n<\/div>\n\n\n\n<div class=\"wp-block-column uk-card uk-card-secondary uk-card-body is-layout-flow wp-block-column-is-layout-flow\" style=\"flex-basis:50%\">\n<h4 class=\"wp-block-heading\">Finalista<\/h4>\n\n\n\n<p>Eco Glamping Gardunha, Lda<\/p>\n\n\n\n<p><strong>Projeto:<\/strong> Glamping, pensar e agir com sustentabilidade<\/p>\n<\/div>\n\n\n\n<div class=\"wp-block-column uk-card uk-card-secondary uk-card-body is-layout-flow wp-block-column-is-layout-flow\" style=\"flex-basis:50%\">\n<h4 class=\"wp-block-heading\">Finalista<\/h4>\n\n\n\n<p>Greendet \u2013 Detergentes Ecol\u00f3gicos, Lda<\/p>\n\n\n\n<p><strong>Projeto:<\/strong> Plastic Free<\/p>\n<\/div>\n\n\n\n<div class=\"wp-block-column uk-card uk-card-secondary uk-card-body is-layout-flow wp-block-column-is-layout-flow\" style=\"flex-basis:50%\">\n<h4 class=\"wp-block-heading\">Finalista<\/h4>\n\n\n\n<p>Liago \u2013 Com\u00e9rcio e Ind\u00fastria de Cal\u00e7ado, Lda<\/p>\n\n\n\n<p><strong>Projeto:<\/strong> Altera\u00e7\u00e3o do Processo Produtivo de Montagem \u2013 Colas de Base Aquosa<\/p>\n<\/div>\n\n\n\n<div class=\"wp-block-column uk-card uk-card-secondary uk-card-body is-layout-flow wp-block-column-is-layout-flow\" style=\"flex-basis:50%\">\n<h4 class=\"wp-block-heading\">Finalista<\/h4>\n\n\n\n<p>Miguel Sousa Confec\u00e7\u00f5es, Lda<\/p>\n\n\n\n<p><strong>Projeto:<\/strong> Inova\u00e7\u00e3o<\/p>\n<\/div>\n<\/div>\n\n\n\n<div class=\"wp-block-columns is-layout-flex wp-container-core-columns-is-layout-9d6595d7 wp-block-columns-is-layout-flex\">\n<div class=\"wp-block-column uk-card uk-card-secondary uk-card-body is-layout-flow wp-block-column-is-layout-flow\" style=\"flex-basis:50%\">\n<h4 class=\"wp-block-heading\">Finalista<\/h4>\n\n\n\n<p>Oriv\u00e1rzea \u2013 Orizicultores do Ribatejo, SA<\/p>\n\n\n\n<p><strong>Projeto:<\/strong> Arroz Carolino das Lez\u00edrias Ribatejanas IGP \u2013 Sustentabilidade<\/p>\n<\/div>\n\n\n\n<div class=\"wp-block-column uk-card uk-card-secondary uk-card-body is-layout-flow wp-block-column-is-layout-flow\" style=\"flex-basis:50%\">\n<h4 class=\"wp-block-heading\">Finalista<\/h4>\n\n\n\n<p>Pico Tango, Lda<\/p>\n\n\n\n<p><strong>Projeto:<\/strong> Banco de Fraldas Reutiliz\u00e1veis Pico Tango<\/p>\n<\/div>\n\n\n\n<div class=\"wp-block-column uk-card uk-card-secondary uk-card-body is-layout-flow wp-block-column-is-layout-flow\" style=\"flex-basis:50%\">\n<h4 class=\"wp-block-heading\">Finalista<\/h4>\n\n\n\n<p>Studioneves \u2013 SN Portugal, Lda<\/p>\n\n\n\n<p><strong>Projeto:<\/strong> Impacto Ambiental pela Inova\u00e7\u00e3o no Processo de Fabrica\u00e7\u00e3o<\/p>\n<\/div>\n\n\n\n<div class=\"wp-block-column uk-card uk-card-secondary uk-card-body is-layout-flow wp-block-column-is-layout-flow\" style=\"flex-basis:50%\">\n<h4 class=\"wp-block-heading\">Finalista<\/h4>\n\n\n\n<p>Uziel Carvalho, Lda<\/p>\n\n\n\n<p><strong>Projeto:<\/strong> Produ\u00e7\u00e3o de Leite Ambientalmente Sustent\u00e1vel<\/p>\n<\/div>\n<\/div>\n<\/div><\/div>\n","protected":false},"excerpt":{"rendered":"<p>Vencedor Miranda &amp; Irm\u00e3oProjeto: Miranda Sustainability Initiative Men\u00e7\u00e3o Honrosa Val\u00e9rius \u2013 T\u00eaxteis, SAProjeto: Val\u00e9rius 360 Men\u00e7\u00e3o Honrosa NEYA Porto HotelProjeto: Sustentabilidade do NEYA Porto Hotel Finalista CALCOB \u2013 Cooperativa Agr\u00edcola de Oliveira do Bairro e Vagos, CRL Projeto: Sustentabilidade e Economia Circular Finalista Eco Glamping Gardunha, Lda Projeto: Glamping, pensar e agir com sustentabilidade Finalista [&hellip;]<\/p>\n","protected":false},"author":29,"featured_media":0,"parent":571,"menu_order":0,"comment_status":"closed","ping_status":"closed","template":"page_for-vencedores.php","meta":{"footnotes":""},"class_list":["post-1468","page","type-page","status-publish","hentry"],"_links":{"self":[{"href":"https:\/\/bs.xl.pt\/tranquilidade-pme-sustentavel\/wp-json\/wp\/v2\/pages\/1468","targetHints":{"allow":["GET"]}}],"collection":[{"href":"https:\/\/bs.xl.pt\/tranquilidade-pme-sustentavel\/wp-json\/wp\/v2\/pages"}],"about":[{"href":"https:\/\/bs.xl.pt\/tranquilidade-pme-sustentavel\/wp-json\/wp\/v2\/types\/page"}],"author":[{"embeddable":true,"href":"https:\/\/bs.xl.pt\/tranquilidade-pme-sustentavel\/wp-json\/wp\/v2\/users\/29"}],"replies":[{"embeddable":true,"href":"https:\/\/bs.xl.pt\/tranquilidade-pme-sustentavel\/wp-json\/wp\/v2\/comments?post=1468"}],"version-history":[{"count":7,"href":"https:\/\/bs.xl.pt\/tranquilidade-pme-sustentavel\/wp-json\/wp\/v2\/pages\/1468\/revisions"}],"predecessor-version":[{"id":1910,"href":"https:\/\/bs.xl.pt\/tranquilidade-pme-sustentavel\/wp-json\/wp\/v2\/pages\/1468\/revisions\/1910"}],"up":[{"embeddable":true,"href":"https:\/\/bs.xl.pt\/tranquilidade-pme-sustentavel\/wp-json\/wp\/v2\/pages\/571"}],"wp:attachment":[{"href":"https:\/\/bs.xl.pt\/tranquilidade-pme-sustentavel\/wp-json\/wp\/v2\/media?parent=1468"}],"curies":[{"name":"wp","href":"https:\/\/api.w.org\/{rel}","templated":true}]}}