{"id":2158,"date":"2025-01-24T10:37:52","date_gmt":"2025-01-24T10:37:52","guid":{"rendered":"https:\/\/bs.xl.pt\/tranquilidade-pme-sustentavel\/?page_id=2158"},"modified":"2026-02-09T12:29:59","modified_gmt":"2026-02-09T12:29:59","slug":"3a-edicao","status":"publish","type":"page","link":"https:\/\/bs.xl.pt\/tranquilidade-pme-sustentavel\/vencedores\/3a-edicao\/","title":{"rendered":"3\u00aa Edi\u00e7\u00e3o"},"content":{"rendered":"\n<div class=\"wp-block-group\"><div class=\"wp-block-group__inner-container is-layout-flow wp-block-group-is-layout-flow\">\n<h4 class=\"wp-block-heading\">Vencedor<\/h4>\n\n\n\n<p>EcoXperience<br><strong>Projeto:<\/strong> EcoX 2.0<\/p>\n\n\n<div class=\"uk-margin-medium\"><iframe width=\"1280\" height=\"720\" src=\"\/\/www.youtube.com\/embed\/i7lq3c79CIg?showinfo=0\" frameborder=\"0\" allowfullscreen data-uk-responsive loading=\"lazy\" referrerpolicy=\"no-referrer-when-downgrade\" title=\"\"><\/iframe><\/div>\n<\/div><\/div>\n\n\n\n<div class=\"wp-block-group\"><div class=\"wp-block-group__inner-container is-layout-flow wp-block-group-is-layout-flow\">\n<div class=\"wp-block-columns is-layout-flex wp-container-core-columns-is-layout-9d6595d7 wp-block-columns-is-layout-flex\">\n<div class=\"wp-block-column is-layout-flow wp-block-column-is-layout-flow\" style=\"flex-basis:50%\">\n<h4 class=\"wp-block-heading\">Men\u00e7\u00e3o Honrosa<\/h4>\n\n\n\n<p>Eco-Oil, Tratamento de \u00c1guas Contaminadas, S.A.<br><strong>Projeto:<\/strong> Produ\u00e7\u00e3o de Combust\u00edvel Sustent\u00e1vel&nbsp;<\/p>\n\n\n<div class=\"uk-margin-medium\"><iframe width=\"1280\" height=\"720\" src=\"\/\/www.youtube.com\/embed\/O6OGuyKv3Rw?showinfo=0\" frameborder=\"0\" allowfullscreen data-uk-responsive loading=\"lazy\" referrerpolicy=\"no-referrer-when-downgrade\" title=\"\"><\/iframe><\/div>\n<\/div>\n\n\n\n<div class=\"wp-block-column is-layout-flow wp-block-column-is-layout-flow\" style=\"flex-basis:50%\">\n<h4 class=\"wp-block-heading\">Men\u00e7\u00e3o Honrosa<\/h4>\n\n\n\n<p>Asfertglobal<br><strong>Projeto:<\/strong> Kiplant Endofit<\/p>\n\n\n<div class=\"uk-margin-medium\"><iframe width=\"1280\" height=\"720\" src=\"\/\/www.youtube.com\/embed\/WqnM6HAOIzs?showinfo=0\" frameborder=\"0\" allowfullscreen data-uk-responsive loading=\"lazy\" referrerpolicy=\"no-referrer-when-downgrade\" title=\"\"><\/iframe><\/div>\n<\/div>\n<\/div>\n<\/div><\/div>\n\n\n\n<div class=\"wp-block-group\"><div class=\"wp-block-group__inner-container is-layout-flow wp-block-group-is-layout-flow\">\n<div class=\"wp-block-columns is-layout-flex wp-container-core-columns-is-layout-9d6595d7 wp-block-columns-is-layout-flex\">\n<div class=\"wp-block-column uk-card uk-card-secondary uk-card-body is-layout-flow wp-block-column-is-layout-flow\" style=\"flex-basis:25%\">\n<h4 class=\"wp-block-heading\">Finalista<\/h4>\n\n\n\n<p>MARTINS &amp; CATARINO &#8211; EXPLORA\u00c7\u00c3O FLORESTAL LDA<\/p>\n\n\n\n<p><strong>Projeto:<\/strong> Certifica\u00e7\u00e3o de Madeiras e Limpeza Florestal<\/p>\n<\/div>\n\n\n\n<div class=\"wp-block-column uk-card uk-card-secondary uk-card-body is-layout-flow wp-block-column-is-layout-flow\" style=\"flex-basis:25%\">\n<h4 class=\"wp-block-heading\">Finalista<\/h4>\n\n\n\n<p>ETFOR &#8211; EMPRESA T\u00caXIL S.A.<\/p>\n\n\n\n<p><strong>Projeto:<\/strong> ETFOR Sustentabilidade<\/p>\n<\/div>\n\n\n\n<div class=\"wp-block-column uk-card uk-card-secondary uk-card-body is-layout-flow wp-block-column-is-layout-flow\" style=\"flex-basis:25%\">\n<h4 class=\"wp-block-heading\">Finalista<\/h4>\n\n\n\n<p>by THF Unipessoal, Lda<\/p>\n\n\n\n<p><strong>Projeto:<\/strong> by TEACH How to Fish<\/p>\n<\/div>\n\n\n\n<div class=\"wp-block-column uk-card uk-card-secondary uk-card-body is-layout-flow wp-block-column-is-layout-flow\" style=\"flex-basis:25%\">\n<h4 class=\"wp-block-heading\">Finalista<\/h4>\n\n\n\n<p>TORNETIRSO TORNEARIA DE PRECIS\u00c3O UNIPESSOAL LDA<\/p>\n\n\n\n<p><strong>Projeto:<\/strong> TORNETIRSO Mais+<\/p>\n<\/div>\n<\/div>\n\n\n\n<div class=\"wp-block-columns is-layout-flex wp-container-core-columns-is-layout-9d6595d7 wp-block-columns-is-layout-flex\">\n<div class=\"wp-block-column uk-card uk-card-secondary uk-card-body is-layout-flow wp-block-column-is-layout-flow\" style=\"flex-basis:25%\">\n<h4 class=\"wp-block-heading\">Finalista<\/h4>\n\n\n\n<p>Biofab-Zero &#8211; Tecnologias Ambientais, Sociedade Unipessoal Lda<\/p>\n\n\n\n<p><strong>Projeto:<\/strong> Mykor<\/p>\n<\/div>\n\n\n\n<div class=\"wp-block-column uk-card uk-card-secondary uk-card-body is-layout-flow wp-block-column-is-layout-flow\" style=\"flex-basis:25%\">\n<h4 class=\"wp-block-heading\">Finalista<\/h4>\n\n\n\n<p>Momentos Felizes, Senior Care, Lda<\/p>\n\n\n\n<p><strong>Projeto:<\/strong> Jardim das Sensa\u00e7\u00f5es<\/p>\n<\/div>\n\n\n\n<div class=\"wp-block-column uk-card uk-card-secondary uk-card-body is-layout-flow wp-block-column-is-layout-flow\" style=\"flex-basis:25%\">\n<h4 class=\"wp-block-heading\">Finalista<\/h4>\n\n\n\n<p>Ecoinside &#8211; Solu\u00e7\u00f5es em Ecoefici\u00eancia e Sustentabilidade, Lda.<\/p>\n\n\n\n<p><strong>Projeto:<\/strong> BIOinside<\/p>\n<\/div>\n\n\n\n<div class=\"wp-block-column uk-card uk-card-secondary uk-card-body is-layout-flow wp-block-column-is-layout-flow\" style=\"flex-basis:25%\">\n<h4 class=\"wp-block-heading\">Finalista<\/h4>\n\n\n\n<p>Sociedade Agr\u00edcola do Monte Novo e Figueirinha, LDA<\/p>\n\n\n\n<p><strong>Projeto:<\/strong> Unidade de Compostagem<\/p>\n<\/div>\n<\/div>\n\n\n\n<div class=\"wp-block-columns is-layout-flex wp-container-core-columns-is-layout-9d6595d7 wp-block-columns-is-layout-flex\">\n<div class=\"wp-block-column uk-card uk-card-secondary uk-card-body is-layout-flow wp-block-column-is-layout-flow\" style=\"flex-basis:33%\">\n<h4 class=\"wp-block-heading\">Finalista<\/h4>\n\n\n\n<p>Inspire Ericeira Hotels<\/p>\n\n\n\n<p><strong>Projeto:<\/strong> IMMERSO Hotel<\/p>\n<\/div>\n\n\n\n<div class=\"wp-block-column uk-card uk-card-secondary uk-card-body is-layout-flow wp-block-column-is-layout-flow\" style=\"flex-basis:33%\">\n<h4 class=\"wp-block-heading\">Finalista<\/h4>\n\n\n\n<p>VIRIATO<\/p>\n\n\n\n<p><strong>Projeto:<\/strong> Mais Energia Melhor Ambiente<\/p>\n<\/div>\n\n\n\n<div class=\"wp-block-column uk-card uk-card-secondary uk-card-body is-layout-flow wp-block-column-is-layout-flow\" style=\"flex-basis:33%\">\n<h4 class=\"wp-block-heading\">Finalista<\/h4>\n\n\n\n<p>FiberSight \u2013 Smart Sensing Solutions, Lda<\/p>\n\n\n\n<p><strong>Projeto:<\/strong> FiberSight<\/p>\n<\/div>\n<\/div>\n<\/div><\/div>\n","protected":false},"excerpt":{"rendered":"<p>Vencedor EcoXperienceProjeto: EcoX 2.0 Men\u00e7\u00e3o Honrosa Eco-Oil, Tratamento de \u00c1guas Contaminadas, S.A.Projeto: Produ\u00e7\u00e3o de Combust\u00edvel Sustent\u00e1vel&nbsp; Men\u00e7\u00e3o Honrosa AsfertglobalProjeto: Kiplant Endofit Finalista MARTINS &amp; CATARINO &#8211; EXPLORA\u00c7\u00c3O FLORESTAL LDA Projeto: Certifica\u00e7\u00e3o de Madeiras e Limpeza Florestal Finalista ETFOR &#8211; EMPRESA T\u00caXIL S.A. Projeto: ETFOR Sustentabilidade Finalista by THF Unipessoal, Lda Projeto: by TEACH How to [&hellip;]<\/p>\n","protected":false},"author":29,"featured_media":0,"parent":571,"menu_order":0,"comment_status":"closed","ping_status":"closed","template":"page_for-vencedores.php","meta":{"footnotes":""},"class_list":["post-2158","page","type-page","status-publish","hentry"],"_links":{"self":[{"href":"https:\/\/bs.xl.pt\/tranquilidade-pme-sustentavel\/wp-json\/wp\/v2\/pages\/2158","targetHints":{"allow":["GET"]}}],"collection":[{"href":"https:\/\/bs.xl.pt\/tranquilidade-pme-sustentavel\/wp-json\/wp\/v2\/pages"}],"about":[{"href":"https:\/\/bs.xl.pt\/tranquilidade-pme-sustentavel\/wp-json\/wp\/v2\/types\/page"}],"author":[{"embeddable":true,"href":"https:\/\/bs.xl.pt\/tranquilidade-pme-sustentavel\/wp-json\/wp\/v2\/users\/29"}],"replies":[{"embeddable":true,"href":"https:\/\/bs.xl.pt\/tranquilidade-pme-sustentavel\/wp-json\/wp\/v2\/comments?post=2158"}],"version-history":[{"count":5,"href":"https:\/\/bs.xl.pt\/tranquilidade-pme-sustentavel\/wp-json\/wp\/v2\/pages\/2158\/revisions"}],"predecessor-version":[{"id":2862,"href":"https:\/\/bs.xl.pt\/tranquilidade-pme-sustentavel\/wp-json\/wp\/v2\/pages\/2158\/revisions\/2862"}],"up":[{"embeddable":true,"href":"https:\/\/bs.xl.pt\/tranquilidade-pme-sustentavel\/wp-json\/wp\/v2\/pages\/571"}],"wp:attachment":[{"href":"https:\/\/bs.xl.pt\/tranquilidade-pme-sustentavel\/wp-json\/wp\/v2\/media?parent=2158"}],"curies":[{"name":"wp","href":"https:\/\/api.w.org\/{rel}","templated":true}]}}