{"id":2910,"date":"2026-04-09T18:15:01","date_gmt":"2026-04-09T17:15:01","guid":{"rendered":"https:\/\/bs.xl.pt\/tranquilidade-pme-sustentavel\/?page_id=2910"},"modified":"2026-04-09T18:22:37","modified_gmt":"2026-04-09T17:22:37","slug":"4a-edicao","status":"publish","type":"page","link":"https:\/\/bs.xl.pt\/tranquilidade-pme-sustentavel\/vencedores\/4a-edicao\/","title":{"rendered":"4\u00aa Edi\u00e7\u00e3o"},"content":{"rendered":"\n<div class=\"wp-block-group\"><div class=\"wp-block-group__inner-container is-layout-flow wp-block-group-is-layout-flow\">\n<h4 class=\"wp-block-heading\">Vencedor<\/h4>\n\n\n\n<p>Get2C<br><strong>Projeto:<\/strong> Viagem pelo Clima<\/p>\n\n\n<div class=\"uk-margin-medium\"><iframe width=\"1280\" height=\"720\" src=\"\/\/www.youtube.com\/embed\/8EsB4JcZHWE?showinfo=0\" frameborder=\"0\" allowfullscreen data-uk-responsive loading=\"lazy\" referrerpolicy=\"no-referrer-when-downgrade\" title=\"\"><\/iframe><\/div>\n<\/div><\/div>\n\n\n\n<div class=\"wp-block-group\"><div class=\"wp-block-group__inner-container is-layout-flow wp-block-group-is-layout-flow\">\n<div class=\"wp-block-columns is-layout-flex wp-container-core-columns-is-layout-9d6595d7 wp-block-columns-is-layout-flex\">\n<div class=\"wp-block-column is-layout-flow wp-block-column-is-layout-flow\" style=\"flex-basis:50%\">\n<h4 class=\"wp-block-heading\">Men\u00e7\u00e3o Honrosa<\/h4>\n\n\n\n<p>Centro Social de Vale do Homem<br><strong>Projeto:<\/strong> TREVO \u2013 Tratar, Revitalizar, Empoderar e Viver Origens&nbsp;<\/p>\n\n\n<div class=\"uk-margin-medium\"><iframe width=\"1280\" height=\"720\" src=\"\/\/www.youtube.com\/embed\/d7dw8ZnBB7A?showinfo=0\" frameborder=\"0\" allowfullscreen data-uk-responsive loading=\"lazy\" referrerpolicy=\"no-referrer-when-downgrade\" title=\"\"><\/iframe><\/div>\n<\/div>\n\n\n\n<div class=\"wp-block-column is-layout-flow wp-block-column-is-layout-flow\" style=\"flex-basis:50%\">\n<h4 class=\"wp-block-heading\">Men\u00e7\u00e3o Honrosa<\/h4>\n\n\n\n<p>Periplus<br><strong>Projeto:<\/strong> Diagn\u00f3stico Inteligente para Economia de \u00c1gua e Redu\u00e7\u00e3o de Res\u00edduos<\/p>\n\n\n<div class=\"uk-margin-medium\"><iframe width=\"1280\" height=\"720\" src=\"\/\/www.youtube.com\/embed\/NCpBFSW94Jo?showinfo=0\" frameborder=\"0\" allowfullscreen data-uk-responsive loading=\"lazy\" referrerpolicy=\"no-referrer-when-downgrade\" title=\"\"><\/iframe><\/div>\n<\/div>\n<\/div>\n<\/div><\/div>\n\n\n\n<div class=\"wp-block-group\"><div class=\"wp-block-group__inner-container is-layout-flow wp-block-group-is-layout-flow\">\n<div class=\"wp-block-columns is-layout-flex wp-container-core-columns-is-layout-9d6595d7 wp-block-columns-is-layout-flex\">\n<div class=\"wp-block-column uk-card uk-card-secondary uk-card-body is-layout-flow wp-block-column-is-layout-flow\" style=\"flex-basis:25%\">\n<h4 class=\"wp-block-heading\">Finalista<\/h4>\n\n\n\n<p>GML Transmission Line Solutions<\/p>\n\n\n\n<p><strong>Projeto:<\/strong> Enline<\/p>\n<\/div>\n\n\n\n<div class=\"wp-block-column uk-card uk-card-secondary uk-card-body is-layout-flow wp-block-column-is-layout-flow\" style=\"flex-basis:25%\">\n<h4 class=\"wp-block-heading\">Finalista<\/h4>\n\n\n\n<p>Kalorama Festival Unipessoal<\/p>\n\n\n\n<p><strong>Projeto:<\/strong> MEO KALORAMA<\/p>\n<\/div>\n\n\n\n<div class=\"wp-block-column uk-card uk-card-secondary uk-card-body is-layout-flow wp-block-column-is-layout-flow\" style=\"flex-basis:25%\">\n<h4 class=\"wp-block-heading\">Finalista<\/h4>\n\n\n\n<p>Ubbu<\/p>\n\n\n\n<p><strong>Projeto:<\/strong> ubbu Programa O Futuro<\/p>\n<\/div>\n\n\n\n<div class=\"wp-block-column uk-card uk-card-secondary uk-card-body is-layout-flow wp-block-column-is-layout-flow\" style=\"flex-basis:25%\">\n<h4 class=\"wp-block-heading\">Finalista<\/h4>\n\n\n\n<p>Winoo \u2013 Window of Opportunity&nbsp;<\/p>\n\n\n\n<p><strong>Projeto:<\/strong> Winoo Aqua Plus<\/p>\n<\/div>\n<\/div>\n<\/div><\/div>\n","protected":false},"excerpt":{"rendered":"<p>Vencedor Get2CProjeto: Viagem pelo Clima Men\u00e7\u00e3o Honrosa Centro Social de Vale do HomemProjeto: TREVO \u2013 Tratar, Revitalizar, Empoderar e Viver Origens&nbsp; Men\u00e7\u00e3o Honrosa PeriplusProjeto: Diagn\u00f3stico Inteligente para Economia de \u00c1gua e Redu\u00e7\u00e3o de Res\u00edduos Finalista GML Transmission Line Solutions Projeto: Enline Finalista Kalorama Festival Unipessoal Projeto: MEO KALORAMA Finalista Ubbu Projeto: ubbu Programa O Futuro [&hellip;]<\/p>\n","protected":false},"author":111,"featured_media":0,"parent":571,"menu_order":0,"comment_status":"closed","ping_status":"closed","template":"page_for-vencedores.php","meta":{"footnotes":""},"class_list":["post-2910","page","type-page","status-publish","hentry"],"_links":{"self":[{"href":"https:\/\/bs.xl.pt\/tranquilidade-pme-sustentavel\/wp-json\/wp\/v2\/pages\/2910","targetHints":{"allow":["GET"]}}],"collection":[{"href":"https:\/\/bs.xl.pt\/tranquilidade-pme-sustentavel\/wp-json\/wp\/v2\/pages"}],"about":[{"href":"https:\/\/bs.xl.pt\/tranquilidade-pme-sustentavel\/wp-json\/wp\/v2\/types\/page"}],"author":[{"embeddable":true,"href":"https:\/\/bs.xl.pt\/tranquilidade-pme-sustentavel\/wp-json\/wp\/v2\/users\/111"}],"replies":[{"embeddable":true,"href":"https:\/\/bs.xl.pt\/tranquilidade-pme-sustentavel\/wp-json\/wp\/v2\/comments?post=2910"}],"version-history":[{"count":4,"href":"https:\/\/bs.xl.pt\/tranquilidade-pme-sustentavel\/wp-json\/wp\/v2\/pages\/2910\/revisions"}],"predecessor-version":[{"id":2922,"href":"https:\/\/bs.xl.pt\/tranquilidade-pme-sustentavel\/wp-json\/wp\/v2\/pages\/2910\/revisions\/2922"}],"up":[{"embeddable":true,"href":"https:\/\/bs.xl.pt\/tranquilidade-pme-sustentavel\/wp-json\/wp\/v2\/pages\/571"}],"wp:attachment":[{"href":"https:\/\/bs.xl.pt\/tranquilidade-pme-sustentavel\/wp-json\/wp\/v2\/media?parent=2910"}],"curies":[{"name":"wp","href":"https:\/\/api.w.org\/{rel}","templated":true}]}}