{"id":577,"date":"2022-09-29T16:01:53","date_gmt":"2022-09-29T15:01:53","guid":{"rendered":"https:\/\/bs.xl.pt\/tranquilidade-pme-sustentavel\/?page_id=577"},"modified":"2024-07-18T14:39:28","modified_gmt":"2024-07-18T13:39:28","slug":"1a-edicao","status":"publish","type":"page","link":"https:\/\/bs.xl.pt\/tranquilidade-pme-sustentavel\/vencedores\/1a-edicao\/","title":{"rendered":"1\u00aa Edi\u00e7\u00e3o"},"content":{"rendered":"\n<div class=\"wp-block-group\"><div class=\"wp-block-group__inner-container is-layout-flow wp-block-group-is-layout-flow\">\n<h4 class=\"wp-block-heading\">Vencedor<\/h4>\n\n\n\n<p>Vasconcelos &amp; Companhia, Lda<br><strong>Projeto:<\/strong> Leather Goods by Belcinto<\/p>\n\n\n<div class=\"uk-margin-medium\"><iframe width=\"1280\" height=\"720\" src=\"\/\/www.youtube.com\/embed\/lnnAdGehfXU?showinfo=0\" frameborder=\"0\" allowfullscreen data-uk-responsive loading=\"lazy\" referrerpolicy=\"no-referrer-when-downgrade\" title=\"\"><\/iframe><\/div>\n<\/div><\/div>\n\n\n\n<div class=\"wp-block-group\"><div class=\"wp-block-group__inner-container is-layout-flow wp-block-group-is-layout-flow\">\n<div class=\"wp-block-columns is-layout-flex wp-container-core-columns-is-layout-9d6595d7 wp-block-columns-is-layout-flex\">\n<div class=\"wp-block-column is-layout-flow wp-block-column-is-layout-flow\" style=\"flex-basis:50%\">\n<h4 class=\"wp-block-heading\">Men\u00e7\u00e3o Honrosa<\/h4>\n\n\n\n<p>ALGAplus \u2013 Produ\u00e7\u00e3o e Comercializa\u00e7\u00e3o de Algas e Seus Derivados, Lda*<br><strong>Projeto:<\/strong> Derivados<\/p>\n\n\n\n<p class=\"uk-text-small uk-margin-remove-bottom\">*vai representar Portugal na competi\u00e7\u00e3o europeia a 26 de outubro de 2022<\/p>\n\n\n<div><iframe width=\"1280\" height=\"720\" src=\"\/\/www.youtube.com\/embed\/iOo5KjpR2cs?showinfo=0\" frameborder=\"0\" allowfullscreen data-uk-responsive loading=\"lazy\" referrerpolicy=\"no-referrer-when-downgrade\" title=\"\"><\/iframe><\/div>\n<\/div>\n\n\n\n<div class=\"wp-block-column is-layout-flow wp-block-column-is-layout-flow\" style=\"flex-basis:50%\">\n<h4 class=\"wp-block-heading\">Men\u00e7\u00e3o Honrosa<\/h4>\n\n\n\n<p>Promecel \u2013 Ind\u00fastria de Componentes Mec\u00e2nicos e El\u00e9ctricos, Lda<br><strong>Projeto:<\/strong> PPS &#8211; Promecel Purpose with Sustainability<\/p>\n\n\n<div class=\"uk-margin-medium\"><iframe width=\"1280\" height=\"720\" src=\"\/\/www.youtube.com\/embed\/PhoaxXtiCuc?showinfo=0\" frameborder=\"0\" allowfullscreen data-uk-responsive loading=\"lazy\" referrerpolicy=\"no-referrer-when-downgrade\" title=\"\"><\/iframe><\/div>\n<\/div>\n<\/div>\n<\/div><\/div>\n\n\n\n<div class=\"wp-block-group\"><div class=\"wp-block-group__inner-container is-layout-flow wp-block-group-is-layout-flow\">\n<div class=\"wp-block-columns is-layout-flex wp-container-core-columns-is-layout-9d6595d7 wp-block-columns-is-layout-flex\">\n<div class=\"wp-block-column uk-card uk-card-secondary uk-card-body is-layout-flow wp-block-column-is-layout-flow\" style=\"flex-basis:50%\">\n<h4 class=\"wp-block-heading\">Finalista<\/h4>\n\n\n\n<p>4Teams \u2013 Advertising &amp; Merchandising<\/p>\n\n\n\n<p><strong>Projeto:<\/strong> LOOP<\/p>\n<\/div>\n\n\n\n<div class=\"wp-block-column uk-card uk-card-secondary uk-card-body is-layout-flow wp-block-column-is-layout-flow\" style=\"flex-basis:50%\">\n<h4 class=\"wp-block-heading\">Finalista<\/h4>\n\n\n\n<p>Adega Cooperativa de Borba<\/p>\n\n\n\n<p><strong>Projeto:<\/strong> Pr\u00e1ticas Sustent\u00e1veis da Vinha \u00e0 Garrafa<\/p>\n<\/div>\n\n\n\n<div class=\"wp-block-column uk-card uk-card-secondary uk-card-body is-layout-flow wp-block-column-is-layout-flow\" style=\"flex-basis:50%\">\n<h4 class=\"wp-block-heading\">Finalista<\/h4>\n\n\n\n<p>Extrupl\u00e1s \u2013 Reciclagem, Recupera\u00e7\u00e3o e Fabrico de Produtos Pl\u00e1sticos<\/p>\n\n\n\n<p><strong>Projeto:<\/strong> ECORAIL<\/p>\n<\/div>\n\n\n\n<div class=\"wp-block-column uk-card uk-card-secondary uk-card-body is-layout-flow wp-block-column-is-layout-flow\" style=\"flex-basis:50%\">\n<h4 class=\"wp-block-heading\">Finalista<\/h4>\n\n\n\n<p>FloatingParticle \u2013 Investiga\u00e7\u00e3o e Desenvolvimento<\/p>\n\n\n\n<p><strong>Projetos:<\/strong><\/p>\n\n\n\n<p>SiTAPE \u2013 Smart Water Grid Technology<br>STELLA \u2013 Tecnologia de Hidrog\u00e9nio<\/p>\n<\/div>\n\n\n\n<div class=\"wp-block-column uk-card uk-card-secondary uk-card-body is-layout-flow wp-block-column-is-layout-flow\" style=\"flex-basis:50%\">\n<h4 class=\"wp-block-heading\">Finalista<\/h4>\n\n\n\n<p>Vitropor \u2013 Sociedade Portuguesa de Vidro Temperado<\/p>\n\n\n\n<p><strong>Projeto:<\/strong> Preservar o Futuro<\/p>\n<\/div>\n<\/div>\n<\/div><\/div>\n","protected":false},"excerpt":{"rendered":"<p>Vencedor Vasconcelos &amp; Companhia, LdaProjeto: Leather Goods by Belcinto Men\u00e7\u00e3o Honrosa ALGAplus \u2013 Produ\u00e7\u00e3o e Comercializa\u00e7\u00e3o de Algas e Seus Derivados, Lda*Projeto: Derivados *vai representar Portugal na competi\u00e7\u00e3o europeia a 26 de outubro de 2022 Men\u00e7\u00e3o Honrosa Promecel \u2013 Ind\u00fastria de Componentes Mec\u00e2nicos e El\u00e9ctricos, LdaProjeto: PPS &#8211; Promecel Purpose with Sustainability Finalista 4Teams \u2013 [&hellip;]<\/p>\n","protected":false},"author":5,"featured_media":0,"parent":571,"menu_order":0,"comment_status":"closed","ping_status":"closed","template":"page_for-vencedores.php","meta":{"footnotes":""},"class_list":["post-577","page","type-page","status-publish","hentry"],"_links":{"self":[{"href":"https:\/\/bs.xl.pt\/tranquilidade-pme-sustentavel\/wp-json\/wp\/v2\/pages\/577","targetHints":{"allow":["GET"]}}],"collection":[{"href":"https:\/\/bs.xl.pt\/tranquilidade-pme-sustentavel\/wp-json\/wp\/v2\/pages"}],"about":[{"href":"https:\/\/bs.xl.pt\/tranquilidade-pme-sustentavel\/wp-json\/wp\/v2\/types\/page"}],"author":[{"embeddable":true,"href":"https:\/\/bs.xl.pt\/tranquilidade-pme-sustentavel\/wp-json\/wp\/v2\/users\/5"}],"replies":[{"embeddable":true,"href":"https:\/\/bs.xl.pt\/tranquilidade-pme-sustentavel\/wp-json\/wp\/v2\/comments?post=577"}],"version-history":[{"count":4,"href":"https:\/\/bs.xl.pt\/tranquilidade-pme-sustentavel\/wp-json\/wp\/v2\/pages\/577\/revisions"}],"predecessor-version":[{"id":1928,"href":"https:\/\/bs.xl.pt\/tranquilidade-pme-sustentavel\/wp-json\/wp\/v2\/pages\/577\/revisions\/1928"}],"up":[{"embeddable":true,"href":"https:\/\/bs.xl.pt\/tranquilidade-pme-sustentavel\/wp-json\/wp\/v2\/pages\/571"}],"wp:attachment":[{"href":"https:\/\/bs.xl.pt\/tranquilidade-pme-sustentavel\/wp-json\/wp\/v2\/media?parent=577"}],"curies":[{"name":"wp","href":"https:\/\/api.w.org\/{rel}","templated":true}]}}