{"id":127,"date":"2025-03-07T22:22:19","date_gmt":"2025-03-07T22:22:19","guid":{"rendered":"https:\/\/bs.xl.pt\/uma-casa-um-futuro\/?page_id=127"},"modified":"2025-03-07T22:22:39","modified_gmt":"2025-03-07T22:22:39","slug":"talks-30-anos-gebalis","status":"publish","type":"page","link":"https:\/\/bs.xl.pt\/uma-casa-um-futuro\/talks-30-anos-gebalis\/","title":{"rendered":"Talks 30 Anos Gebalis"},"content":{"rendered":"\n<p>Ao longo de v\u00e1rias sess\u00f5es, exploraremos as transforma\u00e7\u00f5es que marcaram as \u00faltimas d\u00e9cadas e refletiremos sobre novas abordagens para garantir habita\u00e7\u00e3o acess\u00edvel, digna e sustent\u00e1vel.<\/p>\n\n\n\n<p>A habita\u00e7\u00e3o \u00e9 um direito fundamental e um pilar essencial para a qualidade de vida nas cidades. No entanto, os desafios atuais exigem solu\u00e7\u00f5es inovadoras e colaborativas. Este ciclo de talks pretende, assim, ser um f\u00f3rum de partilha de conhecimento e inspira\u00e7\u00e3o, promovendo um debate qualificado sobre o futuro das cidades e do acesso \u00e0 habita\u00e7\u00e3o.<\/p>\n\n\n\n<p>Com esta iniciativa, a GEBALIS reafirma o seu papel enquanto agente ativo na constru\u00e7\u00e3o de uma Lisboa mais inclusiva e resiliente.<\/p>\n","protected":false},"excerpt":{"rendered":"<p>O Ciclo de <b>Talks &#8220;30 Anos Gebalis&#8221;<\/b> surge como um espa\u00e7o de debate aberto e din\u00e2mico, reunindo especialistas, acad\u00e9micos e decisores pol\u00edticos, para discutir temas essenciais como <b>pol\u00edticas habitacionais, reabilita\u00e7\u00e3o urbana, sustentabilidade e inclus\u00e3o social<\/b>. <\/p>\n","protected":false},"author":5,"featured_media":0,"parent":0,"menu_order":0,"comment_status":"closed","ping_status":"closed","template":"","meta":{"footnotes":""},"class_list":["post-127","page","type-page","status-publish","hentry"],"_links":{"self":[{"href":"https:\/\/bs.xl.pt\/uma-casa-um-futuro\/wp-json\/wp\/v2\/pages\/127","targetHints":{"allow":["GET"]}}],"collection":[{"href":"https:\/\/bs.xl.pt\/uma-casa-um-futuro\/wp-json\/wp\/v2\/pages"}],"about":[{"href":"https:\/\/bs.xl.pt\/uma-casa-um-futuro\/wp-json\/wp\/v2\/types\/page"}],"author":[{"embeddable":true,"href":"https:\/\/bs.xl.pt\/uma-casa-um-futuro\/wp-json\/wp\/v2\/users\/5"}],"replies":[{"embeddable":true,"href":"https:\/\/bs.xl.pt\/uma-casa-um-futuro\/wp-json\/wp\/v2\/comments?post=127"}],"version-history":[{"count":2,"href":"https:\/\/bs.xl.pt\/uma-casa-um-futuro\/wp-json\/wp\/v2\/pages\/127\/revisions"}],"predecessor-version":[{"id":133,"href":"https:\/\/bs.xl.pt\/uma-casa-um-futuro\/wp-json\/wp\/v2\/pages\/127\/revisions\/133"}],"wp:attachment":[{"href":"https:\/\/bs.xl.pt\/uma-casa-um-futuro\/wp-json\/wp\/v2\/media?parent=127"}],"curies":[{"name":"wp","href":"https:\/\/api.w.org\/{rel}","templated":true}]}}